{"id":7012,"date":"2023-02-23T16:03:04","date_gmt":"2023-02-23T22:03:04","guid":{"rendered":"https:\/\/tecsecmty.com\/index.php\/producto\/bosch-v_micm25xnpt34-adaptador-m25-a-3-4\/"},"modified":"2023-03-22T23:21:55","modified_gmt":"2023-03-23T05:21:55","slug":"bosch-v_micm25xnpt34-adaptador-m25-a-3-4","status":"publish","type":"product","link":"https:\/\/tecsecmty.com\/index.php\/producto\/bosch-v_micm25xnpt34-adaptador-m25-a-3-4\/","title":{"rendered":"BOSCH V_MICM25XNPT34 &#8211; Adaptador M25 a 3 \/ 4"},"content":{"rendered":"<h5 class=\"card-title text-center\">MIC-M25XNPT34 Adaptador, M25 a 3\/4&#8243; NPT, acero inox<\/h5>\n<p class=\"ql-align-justify\"><strong>Bosch Security Systems ofrece una gama de soportes de montaje y productos accesorios para la familia MIC de camaras Los soportes de montaje (para montaje en esquina, pared y poste) est\u00e1n disponibles en los colores est\u00e1ndar de la familia MIC<\/strong>, incluido el acero inoxidable.<strong>\u00a0(No todos los soportes de montaje est\u00e1n disponibles para todos los modelos de C\u00e1maras MIC.)<\/strong>\u00a0Los accesorios han sido dise\u00f1ados para funcionar a la perfecci\u00f3n con las c\u00e1maras MIC para extender su Funcionalidad para su aplicaci\u00f3n. Esta hoja de datos proporciona una descripci\u00f3n general del accesorio MIC disponible.<\/p>\n<p class=\"ql-align-justify\"><strong>Adaptador de rosca MIC-M25XNPT34<\/strong><\/p>\n<p class=\"ql-align-justify\"><strong>El adaptador de conducto MIC-M25XNPT34 (macho M25 a hembra de 3\/4 \u00abNPT) permite la fijaci\u00f3n de \u00be\u00bb NPT conducto que es popular en la regi\u00f3n de Am\u00e9rica del Norte para soportes MIC-DCA y MIC-SCA que tienen M25x1.5 agujeros enroscados.<\/strong>\u00a0Este adaptador est\u00e1 incluido con el siguientes modelos de DCA: MIC-DCA-HBA, MIC-DCA-HWA, y MIC-DCA-HGA. El adaptador est\u00e1 fabricado de acero inoxidable 316 e incluye una junta t\u00f3rica de silicona que sella el adaptador al DCA a una calificaci\u00f3n de ingreso de IP68.<\/p>\n<p class=\"ql-align-justify\"><strong>Nota: MIC-M25XNPT34 Adaptador, M25 a 3\/4&#8243; NPT, acero inox Adaptador de rosca de M25 a NPT de 3\/4 pulg. Acero inoxidable N\u00famero de pedido: MIC-M25XNPT34.<\/strong><\/p>\n<p class=\"ql-align-justify\"><strong>Principales Caracter\u00edsticas<\/strong><\/p>\n<ul>\n<li>Gama completa de soportes de montaje y otros accesorios.<\/li>\n<li>Dise\u00f1ado para integrarse perfectamente con el MIC familia.<\/li>\n<li>Proporciona la mejor soluci\u00f3n para pr\u00e1cticamente cualquier solicitud.<\/li>\n<li>F\u00e1cil de usar e instalar.<\/li>\n<li>Accesorios ampl\u00edan la funcionalidad.<\/li>\n<\/ul>\n<p><img decoding=\"async\" class=\"overview-center-img-\" src=\"https:\/\/tvc.mx\/media\/14540\/Logoopaginas-oficial.png\" alt=\"\" \/><\/p>\n","protected":false},"excerpt":{"rendered":"<p>MIC-M25XNPT34 Adaptador, M25 a 3\/4&#8243; NPT, acero inox Bosch Security Systems ofrece una gama de soportes de montaje y productos accesorios para la familia MIC de camaras Los soportes de montaje (para montaje en esquina, pared y poste) est\u00e1n disponibles en los colores est\u00e1ndar de&hellip;<\/p>\n","protected":false},"featured_media":7011,"comment_status":"open","ping_status":"closed","template":"","meta":{"om_disable_all_campaigns":false,"_monsterinsights_skip_tracking":false,"_monsterinsights_sitenote_active":false,"_monsterinsights_sitenote_note":"","_monsterinsights_sitenote_category":0},"product_brand":[],"product_cat":[637],"product_tag":[613,611,612,616,615,610,614,617],"class_list":{"0":"post-7012","1":"product","2":"type-product","3":"status-publish","4":"has-post-thumbnail","6":"product_cat-soporte-y-montaje-accesorios-bosch-video-vigilancia","7":"product_tag-bosch","8":"product_tag-manhattan","9":"product_tag-saxxon","10":"product_tag-surveon","11":"product_tag-utepo","12":"product_tag-videovigilancia","13":"product_tag-vivotek","14":"product_tag-zteco","16":"first","17":"instock","18":"sale","19":"taxable","20":"shipping-taxable","21":"purchasable","22":"product-type-simple"},"aioseo_notices":[],"_links":{"self":[{"href":"https:\/\/tecsecmty.com\/index.php\/wp-json\/wp\/v2\/product\/7012","targetHints":{"allow":["GET"]}}],"collection":[{"href":"https:\/\/tecsecmty.com\/index.php\/wp-json\/wp\/v2\/product"}],"about":[{"href":"https:\/\/tecsecmty.com\/index.php\/wp-json\/wp\/v2\/types\/product"}],"replies":[{"embeddable":true,"href":"https:\/\/tecsecmty.com\/index.php\/wp-json\/wp\/v2\/comments?post=7012"}],"version-history":[{"count":0,"href":"https:\/\/tecsecmty.com\/index.php\/wp-json\/wp\/v2\/product\/7012\/revisions"}],"wp:featuredmedia":[{"embeddable":true,"href":"https:\/\/tecsecmty.com\/index.php\/wp-json\/wp\/v2\/media\/7011"}],"wp:attachment":[{"href":"https:\/\/tecsecmty.com\/index.php\/wp-json\/wp\/v2\/media?parent=7012"}],"wp:term":[{"taxonomy":"product_brand","embeddable":true,"href":"https:\/\/tecsecmty.com\/index.php\/wp-json\/wp\/v2\/product_brand?post=7012"},{"taxonomy":"product_cat","embeddable":true,"href":"https:\/\/tecsecmty.com\/index.php\/wp-json\/wp\/v2\/product_cat?post=7012"},{"taxonomy":"product_tag","embeddable":true,"href":"https:\/\/tecsecmty.com\/index.php\/wp-json\/wp\/v2\/product_tag?post=7012"}],"curies":[{"name":"wp","href":"https:\/\/api.w.org\/{rel}","templated":true}]}}