{"id":7016,"date":"2023-02-23T16:03:09","date_gmt":"2023-02-23T22:03:09","guid":{"rendered":"https:\/\/tecsecmty.com\/index.php\/producto\/bosch-v_micscabd-adaptador-de-conduccion-compatible-con-camaras-mic\/"},"modified":"2023-03-22T23:21:55","modified_gmt":"2023-03-23T05:21:55","slug":"bosch-v_micscabd-adaptador-de-conduccion-compatible-con-camaras-mic","status":"publish","type":"product","link":"https:\/\/tecsecmty.com\/index.php\/producto\/bosch-v_micscabd-adaptador-de-conduccion-compatible-con-camaras-mic\/","title":{"rendered":"BOSCH V_MICSCABD &#8211; Adaptador de conduccion compatible con camaras MIC"},"content":{"rendered":"<h5 class=\"card-title text-center\">Adaptador de conducci\u00f3n de perfil corto MIC-SCA-BD<\/h5>\n<p><strong>Funciones b\u00e1sicas<\/strong><\/p>\n<p>Todos estos soportes de montaje y accesorios son adecuados para todas las aplicaciones Serie MIC.<\/p>\n<p><strong>Informaci\u00f3n sobre pedidos\u00a0<\/strong><\/p>\n<p><strong>Adaptador de conducci\u00f3n de perfil corto MIC-SCA-BD, negro Adaptador de conducci\u00f3n de perfil corto para soportes MIC-WMB, MIC-PMB o MIC-SPR, acabado arenoso de color negro (RAL9005).<\/strong><\/p>\n<p><strong>N\u00famero de pedido: MIC-SCA-BD.<\/strong><\/p>\n<p><strong>Principales\u00a0<\/strong><strong>Caracter\u00edsticas<\/strong><\/p>\n<ul>\n<li>Amplia variedad de soportes de montaje y otros accesorios.<\/li>\n<li>Dise\u00f1o que garantiza la perfecta integraci\u00f3n con la Serie MIC.<\/li>\n<li>Una soluci\u00f3n que se adapta a casi cualquier aplicaci\u00f3n.<\/li>\n<li>F\u00e1ciles de usar e instalar.<\/li>\n<li>Accesorios que mejoran la funcionalidad.<\/li>\n<\/ul>\n<p><img decoding=\"async\" class=\"overview-center-img-\" src=\"https:\/\/tvc.mx\/media\/14146\/Logoopaginas-oficial.png\" alt=\"\" \/><\/p>\n","protected":false},"excerpt":{"rendered":"<p>Adaptador de conducci\u00f3n de perfil corto MIC-SCA-BD Funciones b\u00e1sicas Todos estos soportes de montaje y accesorios son adecuados para todas las aplicaciones Serie MIC. Informaci\u00f3n sobre pedidos\u00a0 Adaptador de conducci\u00f3n de perfil corto MIC-SCA-BD, negro Adaptador de conducci\u00f3n de perfil corto para soportes MIC-WMB, MIC-PMB&hellip;<\/p>\n","protected":false},"featured_media":7015,"comment_status":"open","ping_status":"closed","template":"","meta":{"om_disable_all_campaigns":false,"_monsterinsights_skip_tracking":false,"_monsterinsights_sitenote_active":false,"_monsterinsights_sitenote_note":"","_monsterinsights_sitenote_category":0},"product_brand":[],"product_cat":[637],"product_tag":[613,611,612,616,615,610,614,617],"class_list":{"0":"post-7016","1":"product","2":"type-product","3":"status-publish","4":"has-post-thumbnail","6":"product_cat-soporte-y-montaje-accesorios-bosch-video-vigilancia","7":"product_tag-bosch","8":"product_tag-manhattan","9":"product_tag-saxxon","10":"product_tag-surveon","11":"product_tag-utepo","12":"product_tag-videovigilancia","13":"product_tag-vivotek","14":"product_tag-zteco","16":"first","17":"instock","18":"sale","19":"taxable","20":"shipping-taxable","21":"purchasable","22":"product-type-simple"},"aioseo_notices":[],"_links":{"self":[{"href":"https:\/\/tecsecmty.com\/index.php\/wp-json\/wp\/v2\/product\/7016","targetHints":{"allow":["GET"]}}],"collection":[{"href":"https:\/\/tecsecmty.com\/index.php\/wp-json\/wp\/v2\/product"}],"about":[{"href":"https:\/\/tecsecmty.com\/index.php\/wp-json\/wp\/v2\/types\/product"}],"replies":[{"embeddable":true,"href":"https:\/\/tecsecmty.com\/index.php\/wp-json\/wp\/v2\/comments?post=7016"}],"version-history":[{"count":0,"href":"https:\/\/tecsecmty.com\/index.php\/wp-json\/wp\/v2\/product\/7016\/revisions"}],"wp:featuredmedia":[{"embeddable":true,"href":"https:\/\/tecsecmty.com\/index.php\/wp-json\/wp\/v2\/media\/7015"}],"wp:attachment":[{"href":"https:\/\/tecsecmty.com\/index.php\/wp-json\/wp\/v2\/media?parent=7016"}],"wp:term":[{"taxonomy":"product_brand","embeddable":true,"href":"https:\/\/tecsecmty.com\/index.php\/wp-json\/wp\/v2\/product_brand?post=7016"},{"taxonomy":"product_cat","embeddable":true,"href":"https:\/\/tecsecmty.com\/index.php\/wp-json\/wp\/v2\/product_cat?post=7016"},{"taxonomy":"product_tag","embeddable":true,"href":"https:\/\/tecsecmty.com\/index.php\/wp-json\/wp\/v2\/product_tag?post=7016"}],"curies":[{"name":"wp","href":"https:\/\/api.w.org\/{rel}","templated":true}]}}