{"id":7018,"date":"2023-02-23T16:03:11","date_gmt":"2023-02-23T22:03:11","guid":{"rendered":"https:\/\/tecsecmty.com\/index.php\/producto\/bosch-v_micsprbd-motaje-espaciador-de-aluminio-color-negro-compatible-con-camaras-mic\/"},"modified":"2023-03-22T23:21:55","modified_gmt":"2023-03-23T05:21:55","slug":"bosch-v_micsprbd-motaje-espaciador-de-aluminio-color-negro-compatible-con-camaras-mic","status":"publish","type":"product","link":"https:\/\/tecsecmty.com\/index.php\/producto\/bosch-v_micsprbd-motaje-espaciador-de-aluminio-color-negro-compatible-con-camaras-mic\/","title":{"rendered":"BOSCH V_MICSPRBD &#8211; MOTAJE ESPACIADOR De aluminio color negro \/ Compatible con camaras MIC"},"content":{"rendered":"<h5 class=\"card-title text-center\">MIC-SPR-BD Spreader Plate, Black<\/h5>\n<p class=\"ql-align-justify\"><strong>Bosch Security Systems ofrece una gama de montaje.<\/strong><\/p>\n<p class=\"ql-align-justify\">Soportes y productos accesorios para la familia MIC de c\u00e1maras los soportes de montaje (para esquina, pared y montaje en poste) est\u00e1n disponibles en los colores est\u00e1ndar de la familia MIC, incluido el acero inoxidable. (No todos los colores de soportes de montaje est\u00e1n disponibles para todos los modelos de C\u00e1maras MIC.) Los accesorios han sido dise\u00f1ados para trabajar sin problemas con las c\u00e1maras MIC para ampliar su funcionalidad para su aplicaci\u00f3n. Esta hoja de datos proporciona una visi\u00f3n general de los accesorios MIC disponibles.<\/p>\n<p class=\"ql-align-justify\"><strong>Resumen del sistema<\/strong><\/p>\n<p class=\"ql-align-justify\"><strong>Accesorios de montaje<\/strong><\/p>\n<p class=\"ql-align-justify\">Adaptador de conducto profundo el adaptador de conducto profundo\u00a0<strong>MIC (MIC-DCA)<\/strong>\u00a0est\u00e1 dise\u00f1ado para permitir que un conducto a prueba de intemperie o prensaestopas sea montado para proteger los cables de se\u00f1al. Fabricado de ya sea de aluminio s\u00f3lido o acero inoxidable, el\u00a0<strong>MIC-DCA<\/strong>\u00a0tiene dos orificios\u00a0<strong>M25<\/strong>, uno en la base y otro en la base. Una junta t\u00f3rica sella la interfaz de la c\u00e1mara al soporte a un \u00edndice de ingreso de\u00a0<strong>IP68<\/strong>.<\/p>\n<p class=\"ql-align-justify\"><strong>Placa esparcidor<\/strong><\/p>\n<p class=\"ql-align-justify\">La placa esparcidora<strong>\u00a0MIC (MIC-SPR)<\/strong>\u00a0se utiliza para extender<\/p>\n<p class=\"ql-align-justify\">El peso de una c\u00e1mara\u00a0<strong>MIC\u00a0<\/strong>y su soporte.<\/p>\n<p class=\"ql-align-justify\">Soportes para que la c\u00e1mara se pueda montar de forma segura.<\/p>\n<p class=\"ql-align-justify\">A una superficie plana de mamposter\u00eda.\u00a0<strong>El MIC-SPR<\/strong>\u00a0es fabricado en chapa de aluminio o acero inoxidable.<\/p>\n<p class=\"ql-align-justify\"><strong>Nota: Placa esparcidora MIC-SPR-BD, negra<\/strong><\/p>\n<p class=\"ql-align-justify\"><strong>Plato separador de aluminio adecuado para alba\u00f1iler\u00eda.<\/strong><\/p>\n<p class=\"ql-align-justify\"><strong>Montaje en superficie, acabado en arena negra (RAL9005)<\/strong><\/p>\n<p class=\"ql-align-justify\"><strong>N\u00famero de pedido: MIC-SPR-BD.<\/strong><\/p>\n<p class=\"ql-align-justify\"><strong>Principales Caracter\u00edsticas:<\/strong><\/p>\n<ul>\n<li class=\"ql-align-justify\">Gama completa de soportes de montaje y otros accesorios.<\/li>\n<li class=\"ql-align-justify\">Dise\u00f1ado para integrarse perfectamente con el MIC familia.<\/li>\n<li class=\"ql-align-justify\">Proporciona la mejor soluci\u00f3n para pr\u00e1cticamente cualquier solicitud.<\/li>\n<li class=\"ql-align-justify\">F\u00e1cil de usar e instalar.<\/li>\n<li class=\"ql-align-justify\">Accesorios ampl\u00edan la funcionalidad.<\/li>\n<\/ul>\n<p class=\"ql-align-justify\"><strong>Especificaciones:<\/strong><\/p>\n<p class=\"ql-align-justify\"><strong>Placa esparcidora MIC<\/strong><\/p>\n<ul>\n<li class=\"ql-align-justify\">Dimensiones (W x H x D): 190 x 190 x 12.7 mm (7.5 x 7.5 x 0.5 pulg.).<\/li>\n<li class=\"ql-align-justify\">Peso de aluminio: 1.24 kg (2.7 lb).<\/li>\n<li class=\"ql-align-justify\">Acero inoxidable: 3.72 kg (8 lb).<\/li>\n<li class=\"ql-align-justify\">Material de acero inoxidable o aluminio macizo con pintado acabado de poli\u00e9ster como abajo:<\/li>\n<li class=\"ql-align-justify\">MIC-SPR-S Acero inoxidable, acabado liso.<\/li>\n<\/ul>\n<p><img decoding=\"async\" class=\"overview-center-img-\" src=\"https:\/\/tvc.mx\/media\/7603\/Logoopaginas-oficial.png\" alt=\"\" \/><\/p>\n","protected":false},"excerpt":{"rendered":"<p>MIC-SPR-BD Spreader Plate, Black Bosch Security Systems ofrece una gama de montaje. Soportes y productos accesorios para la familia MIC de c\u00e1maras los soportes de montaje (para esquina, pared y montaje en poste) est\u00e1n disponibles en los colores est\u00e1ndar de la familia MIC, incluido el&hellip;<\/p>\n","protected":false},"featured_media":7017,"comment_status":"open","ping_status":"closed","template":"","meta":{"om_disable_all_campaigns":false,"_monsterinsights_skip_tracking":false,"_monsterinsights_sitenote_active":false,"_monsterinsights_sitenote_note":"","_monsterinsights_sitenote_category":0},"product_brand":[],"product_cat":[637],"product_tag":[613,611,612,616,615,610,614,617],"class_list":{"0":"post-7018","1":"product","2":"type-product","3":"status-publish","4":"has-post-thumbnail","6":"product_cat-soporte-y-montaje-accesorios-bosch-video-vigilancia","7":"product_tag-bosch","8":"product_tag-manhattan","9":"product_tag-saxxon","10":"product_tag-surveon","11":"product_tag-utepo","12":"product_tag-videovigilancia","13":"product_tag-vivotek","14":"product_tag-zteco","16":"first","17":"instock","18":"sale","19":"taxable","20":"shipping-taxable","21":"purchasable","22":"product-type-simple"},"aioseo_notices":[],"_links":{"self":[{"href":"https:\/\/tecsecmty.com\/index.php\/wp-json\/wp\/v2\/product\/7018","targetHints":{"allow":["GET"]}}],"collection":[{"href":"https:\/\/tecsecmty.com\/index.php\/wp-json\/wp\/v2\/product"}],"about":[{"href":"https:\/\/tecsecmty.com\/index.php\/wp-json\/wp\/v2\/types\/product"}],"replies":[{"embeddable":true,"href":"https:\/\/tecsecmty.com\/index.php\/wp-json\/wp\/v2\/comments?post=7018"}],"version-history":[{"count":0,"href":"https:\/\/tecsecmty.com\/index.php\/wp-json\/wp\/v2\/product\/7018\/revisions"}],"wp:featuredmedia":[{"embeddable":true,"href":"https:\/\/tecsecmty.com\/index.php\/wp-json\/wp\/v2\/media\/7017"}],"wp:attachment":[{"href":"https:\/\/tecsecmty.com\/index.php\/wp-json\/wp\/v2\/media?parent=7018"}],"wp:term":[{"taxonomy":"product_brand","embeddable":true,"href":"https:\/\/tecsecmty.com\/index.php\/wp-json\/wp\/v2\/product_brand?post=7018"},{"taxonomy":"product_cat","embeddable":true,"href":"https:\/\/tecsecmty.com\/index.php\/wp-json\/wp\/v2\/product_cat?post=7018"},{"taxonomy":"product_tag","embeddable":true,"href":"https:\/\/tecsecmty.com\/index.php\/wp-json\/wp\/v2\/product_tag?post=7018"}],"curies":[{"name":"wp","href":"https:\/\/api.w.org\/{rel}","templated":true}]}}