{"id":7022,"date":"2023-02-23T16:03:15","date_gmt":"2023-02-23T22:03:15","guid":{"rendered":"https:\/\/tecsecmty.com\/index.php\/producto\/bosch-v_micwmbwd-brazo-para-camaras-ptz-mic-serie-7000-sobre-pedido\/"},"modified":"2023-03-22T23:21:55","modified_gmt":"2023-03-23T05:21:55","slug":"bosch-v_micwmbwd-brazo-para-camaras-ptz-mic-serie-7000-sobre-pedido","status":"publish","type":"product","link":"https:\/\/tecsecmty.com\/index.php\/producto\/bosch-v_micwmbwd-brazo-para-camaras-ptz-mic-serie-7000-sobre-pedido\/","title":{"rendered":"BOSCH V_MICWMBWD &#8211; Brazo para camaras PTZ MIC serie 7000 \/ Sobre pedido"},"content":{"rendered":"<h5 class=\"card-title text-center\">Soporte de montaje en pared MIC-WMB-WD, blanco<\/h5>\n<p class=\"ql-align-justify\"><strong>Bosch Security Systems ofrece una amplia variedad de soportes de montaje y diferentes accesorios para las c\u00e1maras Serie MIC.<\/strong><\/p>\n<p class=\"ql-align-justify\">El dise\u00f1o de estos accesorios (incluidos cables compuestos, adaptadores y convertidores) garantiza una perfecta integraci\u00f3n con la Serie MIC y contribuyen a mejorar la funcionalidad de la c\u00e1mara con el fin de satisfacer las necesidades de su aplicaci\u00f3n. En esta hoja de datos se proporciona una descripci\u00f3n de los accesorios MIC disponibles. En algunos casos, la informaci\u00f3n completa del producto est\u00e1 disponible en una hoja de producto independiente.<\/p>\n<p class=\"ql-align-justify\"><strong>Funciones b\u00e1sicas<\/strong><\/p>\n<p class=\"ql-align-justify\">Todos estos soportes de montaje y accesorios son adecuados para todas las aplicaciones Serie MIC.<\/p>\n<p class=\"ql-align-justify\"><strong>Nota: Soporte de montaje en pared MIC-WMB-WD, blanco Soporte de montaje en pared, acabado arenoso de color blanco (RAL9010) N\u00famero de pedido: MIC-WMB-WD.<\/strong><\/p>\n<p class=\"ql-align-justify\"><strong>Principales\u00a0<\/strong><strong>caracter\u00edsticas<\/strong><\/p>\n<ul>\n<li class=\"ql-align-justify\">Amplia variedad de soportes de montaje y otros accesorios.<\/li>\n<li class=\"ql-align-justify\">Dise\u00f1o que garantiza la perfecta integraci\u00f3n con la Serie MIC.<\/li>\n<li class=\"ql-align-justify\">Una soluci\u00f3n que se adapta a casi cualquier aplicaci\u00f3n.<\/li>\n<li class=\"ql-align-justify\">F\u00e1ciles de usar e instalar.<\/li>\n<li class=\"ql-align-justify\">Accesorios que mejoran la funcionalidad.<\/li>\n<\/ul>\n<p><img decoding=\"async\" class=\"overview-center-img-\" src=\"https:\/\/tvc.mx\/media\/15081\/Logoopaginas-oficial.png\" alt=\"\" \/><\/p>\n","protected":false},"excerpt":{"rendered":"<p>Soporte de montaje en pared MIC-WMB-WD, blanco Bosch Security Systems ofrece una amplia variedad de soportes de montaje y diferentes accesorios para las c\u00e1maras Serie MIC. El dise\u00f1o de estos accesorios (incluidos cables compuestos, adaptadores y convertidores) garantiza una perfecta integraci\u00f3n con la Serie MIC&hellip;<\/p>\n","protected":false},"featured_media":7021,"comment_status":"open","ping_status":"closed","template":"","meta":{"om_disable_all_campaigns":false,"_monsterinsights_skip_tracking":false,"_monsterinsights_sitenote_active":false,"_monsterinsights_sitenote_note":"","_monsterinsights_sitenote_category":0},"product_brand":[],"product_cat":[637],"product_tag":[613,611,612,616,615,610,614,617],"class_list":{"0":"post-7022","1":"product","2":"type-product","3":"status-publish","4":"has-post-thumbnail","6":"product_cat-soporte-y-montaje-accesorios-bosch-video-vigilancia","7":"product_tag-bosch","8":"product_tag-manhattan","9":"product_tag-saxxon","10":"product_tag-surveon","11":"product_tag-utepo","12":"product_tag-videovigilancia","13":"product_tag-vivotek","14":"product_tag-zteco","16":"first","17":"instock","18":"sale","19":"taxable","20":"shipping-taxable","21":"purchasable","22":"product-type-simple"},"aioseo_notices":[],"_links":{"self":[{"href":"https:\/\/tecsecmty.com\/index.php\/wp-json\/wp\/v2\/product\/7022","targetHints":{"allow":["GET"]}}],"collection":[{"href":"https:\/\/tecsecmty.com\/index.php\/wp-json\/wp\/v2\/product"}],"about":[{"href":"https:\/\/tecsecmty.com\/index.php\/wp-json\/wp\/v2\/types\/product"}],"replies":[{"embeddable":true,"href":"https:\/\/tecsecmty.com\/index.php\/wp-json\/wp\/v2\/comments?post=7022"}],"version-history":[{"count":0,"href":"https:\/\/tecsecmty.com\/index.php\/wp-json\/wp\/v2\/product\/7022\/revisions"}],"wp:featuredmedia":[{"embeddable":true,"href":"https:\/\/tecsecmty.com\/index.php\/wp-json\/wp\/v2\/media\/7021"}],"wp:attachment":[{"href":"https:\/\/tecsecmty.com\/index.php\/wp-json\/wp\/v2\/media?parent=7022"}],"wp:term":[{"taxonomy":"product_brand","embeddable":true,"href":"https:\/\/tecsecmty.com\/index.php\/wp-json\/wp\/v2\/product_brand?post=7022"},{"taxonomy":"product_cat","embeddable":true,"href":"https:\/\/tecsecmty.com\/index.php\/wp-json\/wp\/v2\/product_cat?post=7022"},{"taxonomy":"product_tag","embeddable":true,"href":"https:\/\/tecsecmty.com\/index.php\/wp-json\/wp\/v2\/product_tag?post=7022"}],"curies":[{"name":"wp","href":"https:\/\/api.w.org\/{rel}","templated":true}]}}