{"id":7024,"date":"2023-02-23T16:03:17","date_gmt":"2023-02-23T22:03:17","guid":{"rendered":"https:\/\/tecsecmty.com\/index.php\/producto\/bosch-v_nda3050pip-placa-interfaz-colgante-compatible-con-flex-idome-ip-panoramica-5000\/"},"modified":"2023-03-22T23:21:57","modified_gmt":"2023-03-23T05:21:57","slug":"bosch-v_nda3050pip-placa-interfaz-colgante-compatible-con-flex-idome-ip-panoramica-5000","status":"publish","type":"product","link":"https:\/\/tecsecmty.com\/index.php\/producto\/bosch-v_nda3050pip-placa-interfaz-colgante-compatible-con-flex-idome-ip-panoramica-5000\/","title":{"rendered":"BOSCH V_NDA3050PIP &#8211; Placa interfaz colgante \/ Compatible con FLEX IDOME IP panoramica 5000"},"content":{"rendered":"<h5 class=\"card-title text-center\">NDA-3050-PIP Placa interfaz pendiente panor\u00e1mica 5000<\/h5>\n<p class=\"ql-align-justify\"><strong>Esta placa de conexi\u00f3n para colgante est\u00e1 dise\u00f1ada para permitir la instalaci\u00f3n de la c\u00e1mara FLEXIDOME IP panoramic 5000 MP<\/strong>\u00a0con soportes colgantes modulares de Bosch o cualquier soporte de terceros con roscas\u00a0<strong>NPT de 1,5&#8243;.<\/strong><\/p>\n<p class=\"ql-align-justify\"><strong>Es una soluci\u00f3n segura, resistente e impermeable para montar la c\u00e1mara en:<\/strong><\/p>\n<p class=\"ql-align-justify\">\u2022 Soporte de pared colgante NDA-U-WMT.<\/p>\n<p class=\"ql-align-justify\">\u2022 Soporte colgante NDA-U-PMT.<\/p>\n<p class=\"ql-align-justify\"><strong>Certificaciones y aprobaciones<\/strong><\/p>\n<p class=\"ql-align-justify\"><strong>Especificaciones ambientales<\/strong><\/p>\n<ul>\n<li class=\"ql-align-justify\">Niebla salina IEC60068-2-52.<\/li>\n<li class=\"ql-align-justify\">Impacto IK10.<\/li>\n<li class=\"ql-align-justify\">\u00cdndice de protecci\u00f3n frente a entrada IP66.<\/li>\n<\/ul>\n<p class=\"ql-align-justify\"><strong>Piezas incluidas<\/strong><\/p>\n<ul>\n<li class=\"ql-align-justify\">1 Placa de conexi\u00f3n para colgar.<\/li>\n<li class=\"ql-align-justify\">4 Cavidad de cabeza Philips M3 x 10 mm, chapado en Zinc.<\/li>\n<li class=\"ql-align-justify\">1 M20; prensaestopas.<\/li>\n<li class=\"ql-align-justify\">1 Gu\u00eda de instalaci\u00f3n r\u00e1pida.<\/li>\n<\/ul>\n<p class=\"ql-align-justify\"><strong>Nota: NDA-3050-PIP Placa interfaz pendiente panor\u00e1mica 5000 Placa de conexi\u00f3n colgante para FLEXIDOME IP panoramic 5000 MP. Para interiores y exteriores.<\/strong><\/p>\n<p class=\"ql-align-justify\"><strong>N\u00famero de pedido: NDA-3050-PIP.<\/strong><\/p>\n<p class=\"ql-align-justify\"><strong>principales Caracter\u00edsticas<\/strong><\/p>\n<p class=\"ql-align-justify\"><strong>Especificaciones<\/strong><\/p>\n<p class=\"ql-align-justify\"><strong>Mec\u00e1nicas<\/strong><\/p>\n<ul>\n<li class=\"ql-align-justify\">Dimensiones \u03a6 110 mm (4,3 pulg.), H = 62 mm (2,4 pulg.).<\/li>\n<li class=\"ql-align-justify\">Peso 380 g (0,84 libras).<\/li>\n<li class=\"ql-align-justify\">Color est\u00e1ndar Blanco (RAL 9003).<\/li>\n<li class=\"ql-align-justify\">Placa de conexi\u00f3n para colgante en materiales de construcci\u00f3n Aleaci\u00f3n de aluminio.<\/li>\n<\/ul>\n<p><img decoding=\"async\" class=\"overview-center-img-\" src=\"https:\/\/tvc.mx\/media\/14500\/Logoopaginas-oficial.png\" alt=\"\" \/><\/p>\n","protected":false},"excerpt":{"rendered":"<p>NDA-3050-PIP Placa interfaz pendiente panor\u00e1mica 5000 Esta placa de conexi\u00f3n para colgante est\u00e1 dise\u00f1ada para permitir la instalaci\u00f3n de la c\u00e1mara FLEXIDOME IP panoramic 5000 MP\u00a0con soportes colgantes modulares de Bosch o cualquier soporte de terceros con roscas\u00a0NPT de 1,5&#8243;. Es una soluci\u00f3n segura, resistente&hellip;<\/p>\n","protected":false},"featured_media":7023,"comment_status":"open","ping_status":"closed","template":"","meta":{"om_disable_all_campaigns":false,"_monsterinsights_skip_tracking":false,"_monsterinsights_sitenote_active":false,"_monsterinsights_sitenote_note":"","_monsterinsights_sitenote_category":0},"product_brand":[],"product_cat":[637],"product_tag":[613,611,612,616,615,610,614,617],"class_list":{"0":"post-7024","1":"product","2":"type-product","3":"status-publish","4":"has-post-thumbnail","6":"product_cat-soporte-y-montaje-accesorios-bosch-video-vigilancia","7":"product_tag-bosch","8":"product_tag-manhattan","9":"product_tag-saxxon","10":"product_tag-surveon","11":"product_tag-utepo","12":"product_tag-videovigilancia","13":"product_tag-vivotek","14":"product_tag-zteco","16":"first","17":"instock","18":"sale","19":"taxable","20":"shipping-taxable","21":"purchasable","22":"product-type-simple"},"aioseo_notices":[],"_links":{"self":[{"href":"https:\/\/tecsecmty.com\/index.php\/wp-json\/wp\/v2\/product\/7024","targetHints":{"allow":["GET"]}}],"collection":[{"href":"https:\/\/tecsecmty.com\/index.php\/wp-json\/wp\/v2\/product"}],"about":[{"href":"https:\/\/tecsecmty.com\/index.php\/wp-json\/wp\/v2\/types\/product"}],"replies":[{"embeddable":true,"href":"https:\/\/tecsecmty.com\/index.php\/wp-json\/wp\/v2\/comments?post=7024"}],"version-history":[{"count":0,"href":"https:\/\/tecsecmty.com\/index.php\/wp-json\/wp\/v2\/product\/7024\/revisions"}],"wp:featuredmedia":[{"embeddable":true,"href":"https:\/\/tecsecmty.com\/index.php\/wp-json\/wp\/v2\/media\/7023"}],"wp:attachment":[{"href":"https:\/\/tecsecmty.com\/index.php\/wp-json\/wp\/v2\/media?parent=7024"}],"wp:term":[{"taxonomy":"product_brand","embeddable":true,"href":"https:\/\/tecsecmty.com\/index.php\/wp-json\/wp\/v2\/product_brand?post=7024"},{"taxonomy":"product_cat","embeddable":true,"href":"https:\/\/tecsecmty.com\/index.php\/wp-json\/wp\/v2\/product_cat?post=7024"},{"taxonomy":"product_tag","embeddable":true,"href":"https:\/\/tecsecmty.com\/index.php\/wp-json\/wp\/v2\/product_tag?post=7024"}],"curies":[{"name":"wp","href":"https:\/\/api.w.org\/{rel}","templated":true}]}}