{"id":7026,"date":"2023-02-23T16:03:18","date_gmt":"2023-02-23T22:03:18","guid":{"rendered":"https:\/\/tecsecmty.com\/index.php\/producto\/bosch-v_nda3080pip-placa-de-interfaz-colgante-nde-3000\/"},"modified":"2023-03-22T23:21:57","modified_gmt":"2023-03-23T05:21:57","slug":"bosch-v_nda3080pip-placa-de-interfaz-colgante-nde-3000","status":"publish","type":"product","link":"https:\/\/tecsecmty.com\/index.php\/producto\/bosch-v_nda3080pip-placa-de-interfaz-colgante-nde-3000\/","title":{"rendered":"BOSCH V_NDA3080PIP- PLACA DE INTERFAZ COLGANTE NDE-3000"},"content":{"rendered":"<h5 class=\"card-title text-center\">Placa de interfaz colgante \u00abNDA-3080-PIP\u00bb<\/h5>\n<p class=\"ql-align-justify\">Esta placa de conexi\u00f3n para colgante est\u00e1 dise\u00f1ada para permitir la instalaci\u00f3n de la c\u00e1mara FLEXIDOME IP 3000I IR con soportes colgantes modulares de Bosch.<\/p>\n<p class=\"ql-align-justify\">Nota:\u00a0Placa de interfaz colgante \u00abNDA-3080-PIP\u00bb<\/p>\n<p class=\"ql-align-justify\">Placa de interfaz colgante NDE-3000.<\/p>\n<p class=\"ql-align-justify\">Placa de interfaz colgante para domo NDE-3000<\/p>\n<p class=\"ql-align-justify\">N\u00famero de pedido: NDA-3080-PIP<\/p>\n<p><img decoding=\"async\" class=\"overview-center-img-web\" src=\"https:\/\/tvc.mx\/media\/42864\/Logoopaginas-oficial-1920x400.png\" alt=\"\" \/><\/p>\n","protected":false},"excerpt":{"rendered":"<p>Placa de interfaz colgante \u00abNDA-3080-PIP\u00bb Esta placa de conexi\u00f3n para colgante est\u00e1 dise\u00f1ada para permitir la instalaci\u00f3n de la c\u00e1mara FLEXIDOME IP 3000I IR con soportes colgantes modulares de Bosch. Nota:\u00a0Placa de interfaz colgante \u00abNDA-3080-PIP\u00bb Placa de interfaz colgante NDE-3000. Placa de interfaz colgante para&hellip;<\/p>\n","protected":false},"featured_media":7025,"comment_status":"open","ping_status":"closed","template":"","meta":{"om_disable_all_campaigns":false,"_monsterinsights_skip_tracking":false,"_monsterinsights_sitenote_active":false,"_monsterinsights_sitenote_note":"","_monsterinsights_sitenote_category":0},"product_brand":[],"product_cat":[637],"product_tag":[613,611,612,616,615,610,614,617],"class_list":{"0":"post-7026","1":"product","2":"type-product","3":"status-publish","4":"has-post-thumbnail","6":"product_cat-soporte-y-montaje-accesorios-bosch-video-vigilancia","7":"product_tag-bosch","8":"product_tag-manhattan","9":"product_tag-saxxon","10":"product_tag-surveon","11":"product_tag-utepo","12":"product_tag-videovigilancia","13":"product_tag-vivotek","14":"product_tag-zteco","16":"first","17":"instock","18":"sale","19":"taxable","20":"shipping-taxable","21":"purchasable","22":"product-type-simple"},"aioseo_notices":[],"_links":{"self":[{"href":"https:\/\/tecsecmty.com\/index.php\/wp-json\/wp\/v2\/product\/7026","targetHints":{"allow":["GET"]}}],"collection":[{"href":"https:\/\/tecsecmty.com\/index.php\/wp-json\/wp\/v2\/product"}],"about":[{"href":"https:\/\/tecsecmty.com\/index.php\/wp-json\/wp\/v2\/types\/product"}],"replies":[{"embeddable":true,"href":"https:\/\/tecsecmty.com\/index.php\/wp-json\/wp\/v2\/comments?post=7026"}],"version-history":[{"count":0,"href":"https:\/\/tecsecmty.com\/index.php\/wp-json\/wp\/v2\/product\/7026\/revisions"}],"wp:featuredmedia":[{"embeddable":true,"href":"https:\/\/tecsecmty.com\/index.php\/wp-json\/wp\/v2\/media\/7025"}],"wp:attachment":[{"href":"https:\/\/tecsecmty.com\/index.php\/wp-json\/wp\/v2\/media?parent=7026"}],"wp:term":[{"taxonomy":"product_brand","embeddable":true,"href":"https:\/\/tecsecmty.com\/index.php\/wp-json\/wp\/v2\/product_brand?post=7026"},{"taxonomy":"product_cat","embeddable":true,"href":"https:\/\/tecsecmty.com\/index.php\/wp-json\/wp\/v2\/product_cat?post=7026"},{"taxonomy":"product_tag","embeddable":true,"href":"https:\/\/tecsecmty.com\/index.php\/wp-json\/wp\/v2\/product_tag?post=7026"}],"curies":[{"name":"wp","href":"https:\/\/api.w.org\/{rel}","templated":true}]}}