{"id":7030,"date":"2023-02-23T16:03:24","date_gmt":"2023-02-23T22:03:24","guid":{"rendered":"https:\/\/tecsecmty.com\/index.php\/producto\/bosch-v_nda4020plen-caja-plenum-para-domo-ptz\/"},"modified":"2023-03-22T23:21:57","modified_gmt":"2023-03-23T05:21:57","slug":"bosch-v_nda4020plen-caja-plenum-para-domo-ptz","status":"publish","type":"product","link":"https:\/\/tecsecmty.com\/index.php\/producto\/bosch-v_nda4020plen-caja-plenum-para-domo-ptz\/","title":{"rendered":"BOSCH V_NDA4020PLEN- CAJA PLENUM PARA DOMO PTZ"},"content":{"rendered":"<div class=\"row aling-items-center padding-bottom-2x\">\n<div class=\"col-lg-12\">\n<h5 class=\"card-title text-center\">NDA-4020-PLEN Caja plenum para domo PTZ<\/h5>\n<p>&nbsp;<\/p>\n<p><img decoding=\"async\" class=\"overview-center-img-web\" src=\"https:\/\/tvc.mx\/media\/120658\/Logoopaginas-oficial-1920x400.png\" alt=\"\" \/><\/div>\n<\/div>\n<div class=\"row align-items-center padding-bottom-2x\">\n<div class=\"col-md-5\"><img decoding=\"async\" class=\"d-block m-auto img-thumbnail\" src=\"https:\/\/tvc.mx\/media\/120661\/NDA-4020-PLENconfig5.png\" alt=\" \" \/><\/div>\n<div class=\"col-md-7 text-md-left text-center\">\n<h2>Funciones b\u00e1sicas<\/h2>\n<p class=\"text-muted\">\n<p class=\"ql-align-justify\">La caja para plenum cumple con el c\u00f3digo de seguridad de la edificaci\u00f3n, ya que reduce la propagaci\u00f3n del humo y las llamas. La unidad est\u00e1 dise\u00f1ada para la instalar las c\u00e1maras AUTODOME IP 4000i y AUTODOME IP 5000i de forma segura en el techo. La unidad cumple la norma UL2043.<\/p>\n<p>&nbsp;<\/p>\n<\/div>\n<\/div>\n<hr class=\"padding-bottom-2x\" \/>\n<div class=\"row align-items-center padding-bottom-2x\">\n<div class=\"col-md-5 order-md-2\"><img decoding=\"async\" class=\"d-block m-auto img-thumbnail\" src=\"https:\/\/tvc.mx\/media\/120664\/NDA-4020-PLENconfig6.png\" alt=\" \" \/><\/div>\n<div class=\"col-md-7 order-md-1 text-md-left text-center\">\n<h2>Caracter\u00edsticas y Especificaciones<\/h2>\n<p class=\"text-muted\">\n<p><strong>Nota: NDA-4020-PLEN Caja plenum para domo PTZ<\/strong><\/p>\n<p><strong>Carcasa de techo para espacios de c\u00e1mara para AUTODOME IP 4000i y c\u00e1maras AUTODOME IP 5000i. Disponible solo en determinadas regiones.<\/strong><\/p>\n<p><strong>N\u00famero de pedido: NDA-4020-PLEN<\/strong><\/p>\n<p><strong>Principales caracter\u00edsticas<\/strong><\/p>\n<ul>\n<li>Soluci\u00f3n completa apta para plenum para la variante de montaje en techo de las c\u00e1maras AUTODOME IP 4000i y AUTODOME IP 5000i<\/li>\n<li>Cumple con los requisitos de seguridad (UL2043) para la instalaci\u00f3n por encima del techo<\/li>\n<li>Dise\u00f1o modular para una instalaci\u00f3n r\u00e1pida y sencilla<\/li>\n<\/ul>\n<p><strong>Especificaciones<\/strong><\/p>\n<p><strong>Ambientales<\/strong><\/p>\n<ul>\n<li>Prueba de incendios UL 2043<\/li>\n<\/ul>\n<p><strong>Piezas incluidas<\/strong><\/p>\n<p>Cantidad Componente<\/p>\n<ul>\n<li>1 Caja de c\u00e1mara para domo PTZ<\/li>\n<li>1 Gu\u00eda de instalaci\u00f3n r\u00e1pida<\/li>\n<\/ul>\n<p><strong>Mec\u00e1nicas<\/strong><\/p>\n<ul>\n<li>Dimensiones (An. x Al. x Pr.) 120,3 x 131,3 x 65,7 mm (4,74 x 5,17 x 2,59 pulg.)<\/li>\n<li>Peso 280 g (0,62 libras)<\/li>\n<li>Material de fabricaci\u00f3n Aleaci\u00f3n de magnesio<\/li>\n<\/ul>\n<\/div>\n<\/div>\n","protected":false},"excerpt":{"rendered":"<p>NDA-4020-PLEN Caja plenum para domo PTZ &nbsp; Funciones b\u00e1sicas La caja para plenum cumple con el c\u00f3digo de seguridad de la edificaci\u00f3n, ya que reduce la propagaci\u00f3n del humo y las llamas. La unidad est\u00e1 dise\u00f1ada para la instalar las c\u00e1maras AUTODOME IP 4000i y&hellip;<\/p>\n","protected":false},"featured_media":7029,"comment_status":"open","ping_status":"closed","template":"","meta":{"om_disable_all_campaigns":false,"_monsterinsights_skip_tracking":false,"_monsterinsights_sitenote_active":false,"_monsterinsights_sitenote_note":"","_monsterinsights_sitenote_category":0},"product_brand":[],"product_cat":[637],"product_tag":[613,611,612,616,615,610,614,617],"class_list":{"0":"post-7030","1":"product","2":"type-product","3":"status-publish","4":"has-post-thumbnail","6":"product_cat-soporte-y-montaje-accesorios-bosch-video-vigilancia","7":"product_tag-bosch","8":"product_tag-manhattan","9":"product_tag-saxxon","10":"product_tag-surveon","11":"product_tag-utepo","12":"product_tag-videovigilancia","13":"product_tag-vivotek","14":"product_tag-zteco","16":"first","17":"instock","18":"sale","19":"taxable","20":"shipping-taxable","21":"purchasable","22":"product-type-simple"},"aioseo_notices":[],"_links":{"self":[{"href":"https:\/\/tecsecmty.com\/index.php\/wp-json\/wp\/v2\/product\/7030","targetHints":{"allow":["GET"]}}],"collection":[{"href":"https:\/\/tecsecmty.com\/index.php\/wp-json\/wp\/v2\/product"}],"about":[{"href":"https:\/\/tecsecmty.com\/index.php\/wp-json\/wp\/v2\/types\/product"}],"replies":[{"embeddable":true,"href":"https:\/\/tecsecmty.com\/index.php\/wp-json\/wp\/v2\/comments?post=7030"}],"version-history":[{"count":0,"href":"https:\/\/tecsecmty.com\/index.php\/wp-json\/wp\/v2\/product\/7030\/revisions"}],"wp:featuredmedia":[{"embeddable":true,"href":"https:\/\/tecsecmty.com\/index.php\/wp-json\/wp\/v2\/media\/7029"}],"wp:attachment":[{"href":"https:\/\/tecsecmty.com\/index.php\/wp-json\/wp\/v2\/media?parent=7030"}],"wp:term":[{"taxonomy":"product_brand","embeddable":true,"href":"https:\/\/tecsecmty.com\/index.php\/wp-json\/wp\/v2\/product_brand?post=7030"},{"taxonomy":"product_cat","embeddable":true,"href":"https:\/\/tecsecmty.com\/index.php\/wp-json\/wp\/v2\/product_cat?post=7030"},{"taxonomy":"product_tag","embeddable":true,"href":"https:\/\/tecsecmty.com\/index.php\/wp-json\/wp\/v2\/product_tag?post=7030"}],"curies":[{"name":"wp","href":"https:\/\/api.w.org\/{rel}","templated":true}]}}