{"id":7038,"date":"2023-02-23T16:03:33","date_gmt":"2023-02-23T22:03:33","guid":{"rendered":"https:\/\/tecsecmty.com\/index.php\/producto\/bosch-v_nda5081plen-kit-montaje-en-techo-para-plenum-110mm\/"},"modified":"2023-03-22T23:21:57","modified_gmt":"2023-03-23T05:21:57","slug":"bosch-v_nda5081plen-kit-montaje-en-techo-para-plenum-110mm","status":"publish","type":"product","link":"https:\/\/tecsecmty.com\/index.php\/producto\/bosch-v_nda5081plen-kit-montaje-en-techo-para-plenum-110mm\/","title":{"rendered":"BOSCH V_NDA5081PLEN- Kit montaje en techo para plenum, 110mm"},"content":{"rendered":"<div class=\"row aling-items-center padding-bottom-2x\">\n<div class=\"col-lg-12\">\n<h5 class=\"card-title text-center\">NDA5081PLEN- Kit montaje en techo para plenum, 110mm<\/h5>\n<p><strong>NDA-5081-PLEN Kit montaje en techo para plenum, 110mm<\/strong><\/p>\n<p>Kit de montaje en techo con clasificaci\u00f3n plenum para FLEXIDOME panoramic 5100i y FLEXIDOME IP micro 3000i<\/p>\n<p>Los soportes de montaje y accesorios modulares para c\u00e1maras son una familia de soportes, adaptadores de montaje, placas de conexi\u00f3n para soportes colgantes y c\u00e1maras de vigilancia que se pueden utilizar con una amplia gama de c\u00e1maras de Bosch. Los accesorios son f\u00e1ciles de instalar y se pueden combinar para simplificar la instalaci\u00f3n en distintas ubicaciones conservando la misma apariencia<\/p>\n<p><img decoding=\"async\" class=\"overview-center-img-web\" src=\"https:\/\/tvc.mx\/media\/646542\/encabezado-1920x400.png\" alt=\"\" \/><\/div>\n<\/div>\n<div class=\"row align-items-center padding-bottom-2x\">\n<div class=\"col-md-5\"><img decoding=\"async\" class=\"d-block m-auto img-thumbnail\" src=\"https:\/\/tvc.mx\/media\/646552\/400x300-logo.png\" alt=\" \" \/><\/div>\n<div class=\"col-md-7 text-md-left text-center\">\n<h2>Caracter\u00edsticas<\/h2>\n<p class=\"text-muted\">\n<ul>\n<li>Dise\u00f1o modular para una instalaci\u00f3n r\u00e1pida y sencilla<\/li>\n<li>Piezas perfectamente coordinadas para facilitar la selecci\u00f3n y la instalaci\u00f3n sobre el terreno.<\/li>\n<li>Acabado resistente a la corrosi\u00f3n<\/li>\n<li>Cumple con los requisitos de seguridad (UL2043) para la instalaci\u00f3n por encima del techo<\/li>\n<\/ul>\n<p>&nbsp;<\/p>\n<\/div>\n<\/div>\n<hr class=\"padding-bottom-2x\" \/>\n<div class=\"row aling-items-center padding-bottom-2x\">\n<div class=\"col-lg-12\">\n<h5 class=\"card-title text-center\">Funciones<\/h5>\n<p><strong>Dise\u00f1o modular: para el uso con c\u00e1maras diferentes<\/strong><\/p>\n<p>El dise\u00f1o modular es flexible y se puede utilizar para instalar c\u00e1maras de Bosch en interiores y en exteriores. Al elegir la placa de conexi\u00f3n espec\u00edfica correspondiente a la c\u00e1mara que se va a instalar, se pueden utilizar soportes comunes, lo cual simplifica las instalaciones de varias c\u00e1maras y garantiza formas comunes y el mismo color (RAL9003)<\/p>\n<p><img decoding=\"async\" class=\"overview-center-img-web\" src=\"https:\/\/tvc.mx\/media\/646562\/encabezado-1920x400.png\" alt=\"\" \/><\/div>\n<\/div>\n<div class=\"row align-items-center padding-bottom-2x\">\n<div class=\"col-md-5\"><img decoding=\"async\" class=\"d-block m-auto img-thumbnail\" src=\"https:\/\/tvc.mx\/media\/646572\/400x300-certificaciones.png\" alt=\" \" \/><\/div>\n<div class=\"col-md-7 text-md-left text-center\">\n<h2>Certificaciones y aprobaciones<\/h2>\n<p class=\"text-muted\">\n<p>Certificaciones y aprobaciones<\/p>\n<p>&nbsp;<\/p>\n<\/div>\n<\/div>\n<hr class=\"padding-bottom-2x\" \/>\n<div class=\"row aling-items-center padding-bottom-2x\">\n<div class=\"col-lg-12\">\n<h5 class=\"card-title text-center\">Notas de configuraci\u00f3n\/instalaci\u00f3n<\/h5>\n<p>La secci\u00f3n del corte para la instalaci\u00f3n de este accesorio debe tener un di\u00e1metro de 192 mm.<\/p>\n<p>Dimensiones en mm (pulgadas)<\/p>\n<p><img decoding=\"async\" class=\"overview-center-img-web\" src=\"https:\/\/tvc.mx\/media\/646577\/1920x400-dimensiones.png\" alt=\"\" \/><\/div>\n<\/div>\n<div class=\"row aling-items-center padding-bottom-2x\">\n<div class=\"col-lg-12\">\n<h5 class=\"card-title text-center\">Especificaciones clave<\/h5>\n<p><strong>Color:<\/strong>\u00a0Negro<\/p>\n<p><strong>C\u00f3digo de colores:\u00a0<\/strong>RAL 9003 Blanco se\u00f1al<\/p>\n<p><strong>Dimensi\u00f3n (\u00d8 x H) (mm):<\/strong>\u00a0227.80 x 113.90 mm<\/p>\n<p><strong>Material:\u00a0<\/strong>Acero<\/p>\n<p><strong>NDA-5081-PLEN Kit montaje en techo para plenum, 110mm<\/strong><\/p>\n<p>Kit de montaje en techo con clasificaci\u00f3n plenum para FLEXIDOME panoramic 5100i y FLEXIDOME IP micro 3000i<\/p>\n<p><img decoding=\"async\" class=\"overview-center-img-web\" src=\"https:\/\/tvc.mx\/media\/646582\/encabezado-1920x400.png\" alt=\"\" \/><\/div>\n<\/div>\n","protected":false},"excerpt":{"rendered":"<p>NDA5081PLEN- Kit montaje en techo para plenum, 110mm NDA-5081-PLEN Kit montaje en techo para plenum, 110mm Kit de montaje en techo con clasificaci\u00f3n plenum para FLEXIDOME panoramic 5100i y FLEXIDOME IP micro 3000i Los soportes de montaje y accesorios modulares para c\u00e1maras son una familia&hellip;<\/p>\n","protected":false},"featured_media":7037,"comment_status":"open","ping_status":"closed","template":"","meta":{"om_disable_all_campaigns":false,"_monsterinsights_skip_tracking":false,"_monsterinsights_sitenote_active":false,"_monsterinsights_sitenote_note":"","_monsterinsights_sitenote_category":0},"product_brand":[],"product_cat":[637],"product_tag":[613,611,612,616,615,610,614,617],"class_list":{"0":"post-7038","1":"product","2":"type-product","3":"status-publish","4":"has-post-thumbnail","6":"product_cat-soporte-y-montaje-accesorios-bosch-video-vigilancia","7":"product_tag-bosch","8":"product_tag-manhattan","9":"product_tag-saxxon","10":"product_tag-surveon","11":"product_tag-utepo","12":"product_tag-videovigilancia","13":"product_tag-vivotek","14":"product_tag-zteco","16":"first","17":"instock","18":"sale","19":"taxable","20":"shipping-taxable","21":"purchasable","22":"product-type-simple"},"aioseo_notices":[],"_links":{"self":[{"href":"https:\/\/tecsecmty.com\/index.php\/wp-json\/wp\/v2\/product\/7038","targetHints":{"allow":["GET"]}}],"collection":[{"href":"https:\/\/tecsecmty.com\/index.php\/wp-json\/wp\/v2\/product"}],"about":[{"href":"https:\/\/tecsecmty.com\/index.php\/wp-json\/wp\/v2\/types\/product"}],"replies":[{"embeddable":true,"href":"https:\/\/tecsecmty.com\/index.php\/wp-json\/wp\/v2\/comments?post=7038"}],"version-history":[{"count":0,"href":"https:\/\/tecsecmty.com\/index.php\/wp-json\/wp\/v2\/product\/7038\/revisions"}],"wp:featuredmedia":[{"embeddable":true,"href":"https:\/\/tecsecmty.com\/index.php\/wp-json\/wp\/v2\/media\/7037"}],"wp:attachment":[{"href":"https:\/\/tecsecmty.com\/index.php\/wp-json\/wp\/v2\/media?parent=7038"}],"wp:term":[{"taxonomy":"product_brand","embeddable":true,"href":"https:\/\/tecsecmty.com\/index.php\/wp-json\/wp\/v2\/product_brand?post=7038"},{"taxonomy":"product_cat","embeddable":true,"href":"https:\/\/tecsecmty.com\/index.php\/wp-json\/wp\/v2\/product_cat?post=7038"},{"taxonomy":"product_tag","embeddable":true,"href":"https:\/\/tecsecmty.com\/index.php\/wp-json\/wp\/v2\/product_tag?post=7038"}],"curies":[{"name":"wp","href":"https:\/\/api.w.org\/{rel}","templated":true}]}}