{"id":7040,"date":"2023-02-23T16:03:34","date_gmt":"2023-02-23T22:03:34","guid":{"rendered":"https:\/\/tecsecmty.com\/index.php\/producto\/bosch-v_nda5081tm-montaje-inclinble-20-grados-110-mm\/"},"modified":"2023-03-22T23:21:57","modified_gmt":"2023-03-23T05:21:57","slug":"bosch-v_nda5081tm-montaje-inclinble-20-grados-110-mm","status":"publish","type":"product","link":"https:\/\/tecsecmty.com\/index.php\/producto\/bosch-v_nda5081tm-montaje-inclinble-20-grados-110-mm\/","title":{"rendered":"BOSCH V_NDA5081TM- MONTAJE INCLINBLE 20 GRADOS , 110 MM."},"content":{"rendered":"<div class=\"row aling-items-center padding-bottom-2x\">\n<div class=\"col-lg-12\">\n<h5 class=\"card-title text-center\">NDA5081TM- MONTAJE INCLINBLE 20 GRADOS , 110 MM.<\/h5>\n<p><strong>NDA-5081-TM Soporte con inclinaci\u00f3n 20\u00b0, 110mm<\/strong><\/p>\n<p>Soporte con inclinaci\u00f3n (20\u00b0) para FLEXIDOME panoramic 5100i interior<\/p>\n<p>Este accesorio espec\u00edfico de la c\u00e1mara se ha dise\u00f1ado para su uso con la l\u00ednea de accesorios universales de Bosch.<\/p>\n<p>Los soportes de montaje y accesorios modulares para c\u00e1maras son una familia de soportes, adaptadores de montaje, placas de conexi\u00f3n para soportes colgantes y c\u00e1maras de vigilancia que se pueden utilizar con una amplia gama de c\u00e1maras de Bosch. Los accesorios son f\u00e1ciles de instalar y se pueden combinar para simplificar la instalaci\u00f3n en distintas ubicaciones conservando la misma apariencia.<\/p>\n<p><img decoding=\"async\" class=\"overview-center-img-web\" src=\"https:\/\/tvc.mx\/media\/646667\/encabezado-1920x400.png\" alt=\"\" \/><\/div>\n<\/div>\n<div class=\"row align-items-center padding-bottom-2x\">\n<div class=\"col-md-5\"><img decoding=\"async\" class=\"d-block m-auto img-thumbnail\" src=\"https:\/\/tvc.mx\/media\/646677\/400x300-logo.png\" alt=\" \" \/><\/div>\n<div class=\"col-md-7 text-md-left text-center\">\n<h2>Caracter\u00edsticas<\/h2>\n<p class=\"text-muted\">\n<ul>\n<li>Soporte con inclinaci\u00f3n de 20 grados para la colocaci\u00f3n de la c\u00e1mara en \u00e1ngulo t\u00edpica de instalaciones en la pared<\/li>\n<li>Perfectas para vistas panor\u00e1micas de 180 grados para instalaciones en pared con la familia FLEXIDOME panoramic 5100i<\/li>\n<li>Acabado a prueba de intemperie para mantener el aspecto cosm\u00e9tico<\/li>\n<\/ul>\n<p>&nbsp;<\/p>\n<\/div>\n<\/div>\n<hr class=\"padding-bottom-2x\" \/>\n<div class=\"row aling-items-center padding-bottom-2x\">\n<div class=\"col-lg-12\">\n<h5 class=\"card-title text-center\">Funciones<\/h5>\n<p>NDA-5081-TM se ha dise\u00f1ado especialmente para el uso en interiores con la familia FLEXIDOME panoramic 5100i.<\/p>\n<p>Proporciona una inclinaci\u00f3n adicional de 20\u00b0 a c\u00e1maras domo instaladas sobre una placa de conexi\u00f3n para colgar.<\/p>\n<p><img decoding=\"async\" class=\"overview-center-img-web\" src=\"https:\/\/tvc.mx\/media\/646682\/encabezado-1920x400.png\" alt=\"\" \/><\/div>\n<\/div>\n<div class=\"row align-items-center padding-bottom-2x\">\n<div class=\"col-md-5\"><img decoding=\"async\" class=\"d-block m-auto img-thumbnail\" src=\"https:\/\/tvc.mx\/media\/646692\/400x300-certificaciones.png\" alt=\" \" \/><\/div>\n<div class=\"col-md-7 text-md-left text-center\">\n<h2>Certificaciones y aprobaciones<\/h2>\n<p class=\"text-muted\">\n<p>Certificaciones y aprobaciones<\/p>\n<p>&nbsp;<\/p>\n<\/div>\n<\/div>\n<hr class=\"padding-bottom-2x\" \/>\n<div class=\"row aling-items-center padding-bottom-2x\">\n<div class=\"col-lg-12\">\n<h5 class=\"card-title text-center\">Notas de configuraci\u00f3n\/instalaci\u00f3n<\/h5>\n<p>Dimensiones en mm (pulgadas)<\/p>\n<p><img decoding=\"async\" class=\"overview-center-img-web\" src=\"https:\/\/tvc.mx\/media\/646697\/1920x400-notas-imagenes.png\" alt=\"\" \/><\/div>\n<\/div>\n<div class=\"row aling-items-center padding-bottom-2x\">\n<div class=\"col-lg-12\">\n<h5 class=\"card-title text-center\">Especificaciones clave<\/h5>\n<p><strong>C\u00f3digo de colores:\u00a0<\/strong>RAL 9003 Blanco se\u00f1al<\/p>\n<p><strong>Dimensi\u00f3n (\u00d8 x H) (mm):\u00a0<\/strong>105 x 48.20 mm<\/p>\n<p><strong>Material:<\/strong>\u00a0Aluminio<\/p>\n<p><strong>NDA-5081-TM Soporte con inclinaci\u00f3n 20\u00b0, 110mm<\/strong><\/p>\n<p>Soporte con inclinaci\u00f3n (20\u00b0) para FLEXIDOME panoramic 5100i interior<\/p>\n<p><img decoding=\"async\" class=\"overview-center-img-web\" src=\"https:\/\/tvc.mx\/media\/646712\/encabezado-1920x400.png\" alt=\"\" \/><\/div>\n<\/div>\n","protected":false},"excerpt":{"rendered":"<p>NDA5081TM- MONTAJE INCLINBLE 20 GRADOS , 110 MM. NDA-5081-TM Soporte con inclinaci\u00f3n 20\u00b0, 110mm Soporte con inclinaci\u00f3n (20\u00b0) para FLEXIDOME panoramic 5100i interior Este accesorio espec\u00edfico de la c\u00e1mara se ha dise\u00f1ado para su uso con la l\u00ednea de accesorios universales de Bosch. Los soportes&hellip;<\/p>\n","protected":false},"featured_media":7039,"comment_status":"open","ping_status":"closed","template":"","meta":{"om_disable_all_campaigns":false,"_monsterinsights_skip_tracking":false,"_monsterinsights_sitenote_active":false,"_monsterinsights_sitenote_note":"","_monsterinsights_sitenote_category":0},"product_brand":[],"product_cat":[637],"product_tag":[613,611,612,616,615,610,614,617],"class_list":{"0":"post-7040","1":"product","2":"type-product","3":"status-publish","4":"has-post-thumbnail","6":"product_cat-soporte-y-montaje-accesorios-bosch-video-vigilancia","7":"product_tag-bosch","8":"product_tag-manhattan","9":"product_tag-saxxon","10":"product_tag-surveon","11":"product_tag-utepo","12":"product_tag-videovigilancia","13":"product_tag-vivotek","14":"product_tag-zteco","16":"first","17":"instock","18":"sale","19":"taxable","20":"shipping-taxable","21":"purchasable","22":"product-type-simple"},"aioseo_notices":[],"_links":{"self":[{"href":"https:\/\/tecsecmty.com\/index.php\/wp-json\/wp\/v2\/product\/7040","targetHints":{"allow":["GET"]}}],"collection":[{"href":"https:\/\/tecsecmty.com\/index.php\/wp-json\/wp\/v2\/product"}],"about":[{"href":"https:\/\/tecsecmty.com\/index.php\/wp-json\/wp\/v2\/types\/product"}],"replies":[{"embeddable":true,"href":"https:\/\/tecsecmty.com\/index.php\/wp-json\/wp\/v2\/comments?post=7040"}],"version-history":[{"count":0,"href":"https:\/\/tecsecmty.com\/index.php\/wp-json\/wp\/v2\/product\/7040\/revisions"}],"wp:featuredmedia":[{"embeddable":true,"href":"https:\/\/tecsecmty.com\/index.php\/wp-json\/wp\/v2\/media\/7039"}],"wp:attachment":[{"href":"https:\/\/tecsecmty.com\/index.php\/wp-json\/wp\/v2\/media?parent=7040"}],"wp:term":[{"taxonomy":"product_brand","embeddable":true,"href":"https:\/\/tecsecmty.com\/index.php\/wp-json\/wp\/v2\/product_brand?post=7040"},{"taxonomy":"product_cat","embeddable":true,"href":"https:\/\/tecsecmty.com\/index.php\/wp-json\/wp\/v2\/product_cat?post=7040"},{"taxonomy":"product_tag","embeddable":true,"href":"https:\/\/tecsecmty.com\/index.php\/wp-json\/wp\/v2\/product_tag?post=7040"}],"curies":[{"name":"wp","href":"https:\/\/api.w.org\/{rel}","templated":true}]}}