{"id":7044,"date":"2023-02-23T16:03:38","date_gmt":"2023-02-23T22:03:38","guid":{"rendered":"https:\/\/tecsecmty.com\/index.php\/producto\/bosch-v_nda7051ca-adaptador-para-conducto-5-piezas\/"},"modified":"2023-03-22T23:21:58","modified_gmt":"2023-03-23T05:21:58","slug":"bosch-v_nda7051ca-adaptador-para-conducto-5-piezas","status":"publish","type":"product","link":"https:\/\/tecsecmty.com\/index.php\/producto\/bosch-v_nda7051ca-adaptador-para-conducto-5-piezas\/","title":{"rendered":"BOSCH V_NDA7051CA-Adaptador para conducto 5 piezas"},"content":{"rendered":"<div class=\"row aling-items-center padding-bottom-2x\">\n<div class=\"col-lg-12\">\n<h5 class=\"card-title text-center\">NDA7051CA-Adaptador para conducto 5 piezas<\/h5>\n<p><strong>NDA-7051-CA Adaptador conducto M25 para NDM-770*, 5u<\/strong><\/p>\n<p>Adaptador para conducto para FLEXIDOME multi 7000i y FLEXIDOME multi 7000i IR, 5 unidades<\/p>\n<p>El adaptador para conductos M25 (3\/4&#8243;) permite instalar una c\u00e1mara sobre conducto. El adaptador para conducto es compatible con las c\u00e1maras FLEXIDOME multi 7000i y FLEXIDOME multi 7000i IR:<\/p>\n<ul>\n<li>NDM-7702-A<\/li>\n<li>NDM-7703-A<\/li>\n<li>NDM-7702-AL<\/li>\n<li>NDM-7703-AL<\/li>\n<\/ul>\n<p>Se puede colocar directamente en el \u00e1rea designada en la placa de montaje que se suministra con la c\u00e1mara. El paquete contiene cinco unidades para colocar cinco c\u00e1maras.<\/p>\n<p><img decoding=\"async\" class=\"overview-center-img-web\" src=\"https:\/\/tvc.mx\/media\/646767\/encabezado-1920x400.png\" alt=\"\" \/><\/div>\n<\/div>\n<div class=\"row align-items-center padding-bottom-2x\">\n<div class=\"col-md-5\"><img decoding=\"async\" class=\"d-block m-auto img-thumbnail\" src=\"https:\/\/tvc.mx\/media\/646777\/400x300-logo.png\" alt=\" \" \/><\/div>\n<div class=\"col-md-7 text-md-left text-center\">\n<h2>Caracter\u00edsticas<\/h2>\n<p class=\"text-muted\">\n<ul>\n<li>Permite la instalaci\u00f3n sobre conducto M25 (3\/4&#8243;)<\/li>\n<li>Compatible con FLEXIDOME multi 7000i y FLEXIDOME multi 7000i IR<\/li>\n<\/ul>\n<p>&nbsp;<\/p>\n<\/div>\n<\/div>\n<hr class=\"padding-bottom-2x\" \/>\n<div class=\"row aling-items-center padding-bottom-2x\">\n<div class=\"col-lg-12\">\n<h5 class=\"card-title text-center\">Especificaciones clave<\/h5>\n<p><strong>Color:<\/strong>\u00a0Blanco<\/p>\n<p><strong>C\u00f3digo de colores:<\/strong>\u00a0RAL 9003 Blanco se\u00f1al<\/p>\n<p><strong>Dimensiones (Alto x Ancho x Fondo) (mm):<\/strong>\u00a045.50 x 56.10 x 73.30 mm<\/p>\n<p><strong>Material:\u00a0<\/strong>Pl\u00e1stico<\/p>\n<p><strong>NDA-7051-CA Adaptador conducto M25 para NDM-770*, 5u<\/strong><\/p>\n<p>Adaptador para conducto para FLEXIDOME multi 7000i y FLEXIDOME multi 7000i IR, 5 unidades<\/p>\n<p><img decoding=\"async\" class=\"overview-center-img-web\" src=\"https:\/\/tvc.mx\/media\/646802\/encabezado-1920x400.png\" alt=\"\" \/><\/div>\n<\/div>\n","protected":false},"excerpt":{"rendered":"<p>NDA7051CA-Adaptador para conducto 5 piezas NDA-7051-CA Adaptador conducto M25 para NDM-770*, 5u Adaptador para conducto para FLEXIDOME multi 7000i y FLEXIDOME multi 7000i IR, 5 unidades El adaptador para conductos M25 (3\/4&#8243;) permite instalar una c\u00e1mara sobre conducto. El adaptador para conducto es compatible con&hellip;<\/p>\n","protected":false},"featured_media":7043,"comment_status":"open","ping_status":"closed","template":"","meta":{"om_disable_all_campaigns":false,"_monsterinsights_skip_tracking":false,"_monsterinsights_sitenote_active":false,"_monsterinsights_sitenote_note":"","_monsterinsights_sitenote_category":0},"product_brand":[],"product_cat":[637],"product_tag":[613,611,612,616,615,610,614,617],"class_list":{"0":"post-7044","1":"product","2":"type-product","3":"status-publish","4":"has-post-thumbnail","6":"product_cat-soporte-y-montaje-accesorios-bosch-video-vigilancia","7":"product_tag-bosch","8":"product_tag-manhattan","9":"product_tag-saxxon","10":"product_tag-surveon","11":"product_tag-utepo","12":"product_tag-videovigilancia","13":"product_tag-vivotek","14":"product_tag-zteco","16":"first","17":"instock","18":"sale","19":"taxable","20":"shipping-taxable","21":"purchasable","22":"product-type-simple"},"aioseo_notices":[],"_links":{"self":[{"href":"https:\/\/tecsecmty.com\/index.php\/wp-json\/wp\/v2\/product\/7044","targetHints":{"allow":["GET"]}}],"collection":[{"href":"https:\/\/tecsecmty.com\/index.php\/wp-json\/wp\/v2\/product"}],"about":[{"href":"https:\/\/tecsecmty.com\/index.php\/wp-json\/wp\/v2\/types\/product"}],"replies":[{"embeddable":true,"href":"https:\/\/tecsecmty.com\/index.php\/wp-json\/wp\/v2\/comments?post=7044"}],"version-history":[{"count":0,"href":"https:\/\/tecsecmty.com\/index.php\/wp-json\/wp\/v2\/product\/7044\/revisions"}],"wp:featuredmedia":[{"embeddable":true,"href":"https:\/\/tecsecmty.com\/index.php\/wp-json\/wp\/v2\/media\/7043"}],"wp:attachment":[{"href":"https:\/\/tecsecmty.com\/index.php\/wp-json\/wp\/v2\/media?parent=7044"}],"wp:term":[{"taxonomy":"product_brand","embeddable":true,"href":"https:\/\/tecsecmty.com\/index.php\/wp-json\/wp\/v2\/product_brand?post=7044"},{"taxonomy":"product_cat","embeddable":true,"href":"https:\/\/tecsecmty.com\/index.php\/wp-json\/wp\/v2\/product_cat?post=7044"},{"taxonomy":"product_tag","embeddable":true,"href":"https:\/\/tecsecmty.com\/index.php\/wp-json\/wp\/v2\/product_tag?post=7044"}],"curies":[{"name":"wp","href":"https:\/\/api.w.org\/{rel}","templated":true}]}}