{"id":7048,"date":"2023-02-23T16:03:41","date_gmt":"2023-02-23T22:03:41","guid":{"rendered":"https:\/\/tecsecmty.com\/index.php\/producto\/bosch-v_nda8000ic-kit-de-montaje-en-techo-para-flexidome-ip-8000i\/"},"modified":"2023-03-22T23:21:58","modified_gmt":"2023-03-23T05:21:58","slug":"bosch-v_nda8000ic-kit-de-montaje-en-techo-para-flexidome-ip-8000i","status":"publish","type":"product","link":"https:\/\/tecsecmty.com\/index.php\/producto\/bosch-v_nda8000ic-kit-de-montaje-en-techo-para-flexidome-ip-8000i\/","title":{"rendered":"BOSCH V_NDA8000IC- KIT DE MONTAJE EN TECHO PARA FLEXIDOME IP 8000i"},"content":{"rendered":"<div class=\"row aling-items-center padding-bottom-2x\">\n<div class=\"col-lg-12\">\n<h5 class=\"card-title text-center\">NDA-8000-IC Kit montaje en techo<\/h5>\n<p>&nbsp;<\/p>\n<p><img decoding=\"async\" class=\"overview-center-img-web\" src=\"https:\/\/tvc.mx\/media\/120679\/Logoopaginas-oficial-1920x400.png\" alt=\"\" \/><\/p>\n<\/div>\n<\/div>\n<div class=\"row align-items-center padding-bottom-2x\">\n<div class=\"col-md-5 order-md-2\"><img decoding=\"async\" class=\"d-block m-auto img-thumbnail\" src=\"https:\/\/tvc.mx\/media\/120682\/NDA-8000-ICconfig5.png\" alt=\" \" \/><\/div>\n<div class=\"col-md-7 order-md-1 text-md-left text-center\">\n<h2>Piezas incluidas<\/h2>\n<p><strong>Cantidad de Componente<\/strong><\/p>\n<ul>\n<li>1 Kit de montaje<\/li>\n<li>4 Tornillo T25 M6 x 12 mm<\/li>\n<li>1 Gu\u00eda de instalaci\u00f3n r\u00e1pida<\/li>\n<\/ul>\n<p>&nbsp;<\/p>\n<\/div>\n<\/div>\n<hr class=\"padding-bottom-2x\" \/>\n<div class=\"row align-items-center padding-bottom-2x\">\n<div class=\"col-md-5\"><img decoding=\"async\" class=\"d-block m-auto img-thumbnail\" src=\"https:\/\/tvc.mx\/media\/120685\/NDA-8000-ICconfig6.png\" alt=\" \" \/><\/div>\n<div class=\"col-md-7 text-md-left text-center\">\n<h2>Caracter\u00edsticas y Especificaciones<\/h2>\n<p><strong>Nota: NDA-8000-IC Kit montaje en techo<\/strong><\/p>\n<p><strong>Kit de montaje en techo para FLEXIDOME IP 8000i.<\/strong><\/p>\n<p><strong>N\u00famero de pedido: NDA-8000-IC<\/strong><\/p>\n<p><strong>Principales caracter\u00edsticas<\/strong><\/p>\n<ul>\n<li>Instalaci\u00f3n sencilla<\/li>\n<li>Acabado resistente a la corrosi\u00f3n<\/li>\n<\/ul>\n<p><strong>Especificaciones<\/strong><\/p>\n<p><strong>Mec\u00e1nicas<\/strong><\/p>\n<ul>\n<li>Dimensiones Tama\u00f1o de corte del orificio en el techo: \u2300 230 mm (9,05 pulg.)<\/li>\n<li>Profundidad: 102,8 mm (4,05 pulg.) Peso 1250 g (2,76 libras)<\/li>\n<li>Color est\u00e1ndar Blanco (RAL 9003) (placa decorativa)<\/li>\n<li>Material de fabricaci\u00f3n Acero; Policarbonato (placa decorativa) Montaje En el techo<\/li>\n<\/ul>\n<\/div>\n<\/div>\n","protected":false},"excerpt":{"rendered":"<p>NDA-8000-IC Kit montaje en techo &nbsp; Piezas incluidas Cantidad de Componente 1 Kit de montaje 4 Tornillo T25 M6 x 12 mm 1 Gu\u00eda de instalaci\u00f3n r\u00e1pida &nbsp; Caracter\u00edsticas y Especificaciones Nota: NDA-8000-IC Kit montaje en techo Kit de montaje en techo para FLEXIDOME IP&hellip;<\/p>\n","protected":false},"featured_media":7047,"comment_status":"open","ping_status":"closed","template":"","meta":{"om_disable_all_campaigns":false,"_monsterinsights_skip_tracking":false,"_monsterinsights_sitenote_active":false,"_monsterinsights_sitenote_note":"","_monsterinsights_sitenote_category":0},"product_brand":[],"product_cat":[637],"product_tag":[613,611,612,616,615,610,614,617],"class_list":{"0":"post-7048","1":"product","2":"type-product","3":"status-publish","4":"has-post-thumbnail","6":"product_cat-soporte-y-montaje-accesorios-bosch-video-vigilancia","7":"product_tag-bosch","8":"product_tag-manhattan","9":"product_tag-saxxon","10":"product_tag-surveon","11":"product_tag-utepo","12":"product_tag-videovigilancia","13":"product_tag-vivotek","14":"product_tag-zteco","16":"first","17":"instock","18":"sale","19":"taxable","20":"shipping-taxable","21":"purchasable","22":"product-type-simple"},"aioseo_notices":[],"_links":{"self":[{"href":"https:\/\/tecsecmty.com\/index.php\/wp-json\/wp\/v2\/product\/7048","targetHints":{"allow":["GET"]}}],"collection":[{"href":"https:\/\/tecsecmty.com\/index.php\/wp-json\/wp\/v2\/product"}],"about":[{"href":"https:\/\/tecsecmty.com\/index.php\/wp-json\/wp\/v2\/types\/product"}],"replies":[{"embeddable":true,"href":"https:\/\/tecsecmty.com\/index.php\/wp-json\/wp\/v2\/comments?post=7048"}],"version-history":[{"count":0,"href":"https:\/\/tecsecmty.com\/index.php\/wp-json\/wp\/v2\/product\/7048\/revisions"}],"wp:featuredmedia":[{"embeddable":true,"href":"https:\/\/tecsecmty.com\/index.php\/wp-json\/wp\/v2\/media\/7047"}],"wp:attachment":[{"href":"https:\/\/tecsecmty.com\/index.php\/wp-json\/wp\/v2\/media?parent=7048"}],"wp:term":[{"taxonomy":"product_brand","embeddable":true,"href":"https:\/\/tecsecmty.com\/index.php\/wp-json\/wp\/v2\/product_brand?post=7048"},{"taxonomy":"product_cat","embeddable":true,"href":"https:\/\/tecsecmty.com\/index.php\/wp-json\/wp\/v2\/product_cat?post=7048"},{"taxonomy":"product_tag","embeddable":true,"href":"https:\/\/tecsecmty.com\/index.php\/wp-json\/wp\/v2\/product_tag?post=7048"}],"curies":[{"name":"wp","href":"https:\/\/api.w.org\/{rel}","templated":true}]}}