{"id":7050,"date":"2023-02-23T16:03:43","date_gmt":"2023-02-23T22:03:43","guid":{"rendered":"https:\/\/tecsecmty.com\/index.php\/producto\/bosch-v_nda8000pip-placa-de-interfaz-colgante-compatible-con-ndaupmt\/"},"modified":"2023-03-22T23:21:58","modified_gmt":"2023-03-23T05:21:58","slug":"bosch-v_nda8000pip-placa-de-interfaz-colgante-compatible-con-ndaupmt","status":"publish","type":"product","link":"https:\/\/tecsecmty.com\/index.php\/producto\/bosch-v_nda8000pip-placa-de-interfaz-colgante-compatible-con-ndaupmt\/","title":{"rendered":"BOSCH V_NDA8000PIP- PLACA DE INTERFAZ COLGANTE\/ COMPATIBLE CON NDAUPMT"},"content":{"rendered":"<h5 class=\"card-title text-center\">NDA-8000-PIP Placa interfaz colgante, interior<\/h5>\n<p class=\"ql-align-justify\"><strong>Este accesorio espec\u00edfico de la c\u00e1mara se ha dise\u00f1ado para su uso con la nueva l\u00ednea de accesorios universales de Bosch.<\/strong>\u00a0Los soportes de montaje y accesorios modulares para c\u00e1maras son una familia de soportes, adaptadores de montaje, placas de conexi\u00f3n para soportes colgantes y c\u00e1maras de vigilancia que se pueden utilizar con una amplia gama de c\u00e1maras de Bosch.\u00a0<strong>Los accesorios son f\u00e1ciles de instalar y se pueden combinar para simplificar la instalaci\u00f3n en distintas ubicaciones conservando un mismo aspecto.<\/strong><\/p>\n<p class=\"ql-align-justify\"><strong>Funciones b\u00e1sicas<\/strong><\/p>\n<p class=\"ql-align-justify\"><strong>NDA-8000-PIP se ha dise\u00f1ado especialmente para el uso en interiores con FLEXIDOME IP 8000i.<\/strong><\/p>\n<p class=\"ql-align-justify\"><strong>Proporciona una soluci\u00f3n segura y resistente para montar la c\u00e1mara en:<\/strong><\/p>\n<ul>\n<li class=\"ql-align-justify\">Soporte de pared colgante NDA-U-WMT.<\/li>\n<li class=\"ql-align-justify\">Soporte colgante NDA-U-PMT.<\/li>\n<\/ul>\n<p class=\"ql-align-justify\"><strong>Certificaciones y aprobaciones<\/strong><\/p>\n<p class=\"ql-align-justify\"><strong>Especificaciones ambientales<\/strong><\/p>\n<ul>\n<li class=\"ql-align-justify\">Niebla salina IEC60068-2-52<\/li>\n<li class=\"ql-align-justify\">Vibraci\u00f3n NEMA TS2<\/li>\n<li class=\"ql-align-justify\">Choque IEC60068-2-27<\/li>\n<li class=\"ql-align-justify\">Impacto IK10.<\/li>\n<\/ul>\n<p class=\"ql-align-justify\"><strong>Piezas incluidas<\/strong><\/p>\n<ul>\n<li class=\"ql-align-justify\">1 Placa de conexi\u00f3n para colgar.<\/li>\n<li class=\"ql-align-justify\">4 Tornillo T25 M6 x 12 mm.<\/li>\n<li class=\"ql-align-justify\">1 Tornillo T25 M4 x 16 mm.<\/li>\n<li class=\"ql-align-justify\">1 Gu\u00eda de instalaci\u00f3n r\u00e1pida.<\/li>\n<\/ul>\n<p class=\"ql-align-justify\"><strong>Nota: NDA-8000-PIP Placa interfaz colgante, interior<\/strong><\/p>\n<p class=\"ql-align-justify\"><strong>Placa de conexi\u00f3n para colgar para FLEXIDOME IP 8000i, interior.<\/strong><\/p>\n<p class=\"ql-align-justify\"><strong>N\u00famero de pedido: NDA-8000-PIP.<\/strong><\/p>\n<p class=\"ql-align-justify\"><strong>Principales caracter\u00edsticas<\/strong><\/p>\n<ul>\n<li class=\"ql-align-justify\">Permite la instalaci\u00f3n de la c\u00e1mara en un soporte de pared (NDA-U-WMT) o soporte de tubo colgante (NDA-U-PMT).<\/li>\n<li class=\"ql-align-justify\">Dise\u00f1o modular para una instalaci\u00f3n r\u00e1pida y sencilla.<\/li>\n<li class=\"ql-align-justify\">Piezas perfectamente coordinadas para facilitar la selecci\u00f3n y la instalaci\u00f3n sobre el terreno.<\/li>\n<li class=\"ql-align-justify\">Acabado a prueba de intemperie para mantener el aspecto cosm\u00e9tico.<\/li>\n<\/ul>\n<p class=\"ql-align-justify\"><strong>Especificaciones<\/strong><\/p>\n<p class=\"ql-align-justify\"><strong>Mec\u00e1nicas<\/strong><\/p>\n<ul>\n<li class=\"ql-align-justify\">Dimensiones: \u03a6 175 mm (6,9 pulg.), H = 44 mm (1,7 pulg.).<\/li>\n<li class=\"ql-align-justify\">Peso 269 g (0,6 libras) (producto) 572 g (1,3 libras) (combinaci\u00f3n con NDA-8000-PIPW).<\/li>\n<li class=\"ql-align-justify\">Color est\u00e1ndar Blanco (RAL 9003).<\/li>\n<li class=\"ql-align-justify\">Material de fabricaci\u00f3n: Aleaci\u00f3n de Aluminio.<\/li>\n<\/ul>\n<p><img decoding=\"async\" class=\"overview-center-img-\" src=\"https:\/\/tvc.mx\/media\/16111\/Logoopaginas-oficial.png\" alt=\"\" \/><\/p>\n","protected":false},"excerpt":{"rendered":"<p>NDA-8000-PIP Placa interfaz colgante, interior Este accesorio espec\u00edfico de la c\u00e1mara se ha dise\u00f1ado para su uso con la nueva l\u00ednea de accesorios universales de Bosch.\u00a0Los soportes de montaje y accesorios modulares para c\u00e1maras son una familia de soportes, adaptadores de montaje, placas de conexi\u00f3n&hellip;<\/p>\n","protected":false},"featured_media":7049,"comment_status":"open","ping_status":"closed","template":"","meta":{"om_disable_all_campaigns":false,"_monsterinsights_skip_tracking":false,"_monsterinsights_sitenote_active":false,"_monsterinsights_sitenote_note":"","_monsterinsights_sitenote_category":0},"product_brand":[],"product_cat":[637],"product_tag":[613,611,612,616,615,610,614,617],"class_list":{"0":"post-7050","1":"product","2":"type-product","3":"status-publish","4":"has-post-thumbnail","6":"product_cat-soporte-y-montaje-accesorios-bosch-video-vigilancia","7":"product_tag-bosch","8":"product_tag-manhattan","9":"product_tag-saxxon","10":"product_tag-surveon","11":"product_tag-utepo","12":"product_tag-videovigilancia","13":"product_tag-vivotek","14":"product_tag-zteco","16":"first","17":"instock","18":"sale","19":"taxable","20":"shipping-taxable","21":"purchasable","22":"product-type-simple"},"aioseo_notices":[],"_links":{"self":[{"href":"https:\/\/tecsecmty.com\/index.php\/wp-json\/wp\/v2\/product\/7050","targetHints":{"allow":["GET"]}}],"collection":[{"href":"https:\/\/tecsecmty.com\/index.php\/wp-json\/wp\/v2\/product"}],"about":[{"href":"https:\/\/tecsecmty.com\/index.php\/wp-json\/wp\/v2\/types\/product"}],"replies":[{"embeddable":true,"href":"https:\/\/tecsecmty.com\/index.php\/wp-json\/wp\/v2\/comments?post=7050"}],"version-history":[{"count":0,"href":"https:\/\/tecsecmty.com\/index.php\/wp-json\/wp\/v2\/product\/7050\/revisions"}],"wp:featuredmedia":[{"embeddable":true,"href":"https:\/\/tecsecmty.com\/index.php\/wp-json\/wp\/v2\/media\/7049"}],"wp:attachment":[{"href":"https:\/\/tecsecmty.com\/index.php\/wp-json\/wp\/v2\/media?parent=7050"}],"wp:term":[{"taxonomy":"product_brand","embeddable":true,"href":"https:\/\/tecsecmty.com\/index.php\/wp-json\/wp\/v2\/product_brand?post=7050"},{"taxonomy":"product_cat","embeddable":true,"href":"https:\/\/tecsecmty.com\/index.php\/wp-json\/wp\/v2\/product_cat?post=7050"},{"taxonomy":"product_tag","embeddable":true,"href":"https:\/\/tecsecmty.com\/index.php\/wp-json\/wp\/v2\/product_tag?post=7050"}],"curies":[{"name":"wp","href":"https:\/\/api.w.org\/{rel}","templated":true}]}}