{"id":7052,"date":"2023-02-23T16:03:47","date_gmt":"2023-02-23T22:03:47","guid":{"rendered":"https:\/\/tecsecmty.com\/index.php\/producto\/bosch-v_nda8000pipw-placa-interfaz-colgante-para-exterior\/"},"modified":"2023-03-22T23:21:58","modified_gmt":"2023-03-23T05:21:58","slug":"bosch-v_nda8000pipw-placa-interfaz-colgante-para-exterior","status":"publish","type":"product","link":"https:\/\/tecsecmty.com\/index.php\/producto\/bosch-v_nda8000pipw-placa-interfaz-colgante-para-exterior\/","title":{"rendered":"BOSCH V_NDA8000PIPW- Placa interfaz colgante para exterior"},"content":{"rendered":"<div class=\"row aling-items-center padding-bottom-2x\">\n<div class=\"col-lg-12\">\n<h5 class=\"card-title text-center\">NDA-8000-PIPW Placa interfaz colgante, exterior<\/h5>\n<p>&nbsp;<\/p>\n<p><img decoding=\"async\" class=\"overview-center-img-web\" src=\"https:\/\/tvc.mx\/media\/87016\/Logoopaginas-oficial-1920x400.png\" alt=\"\" \/><\/p>\n<\/div>\n<\/div>\n<div class=\"row align-items-center padding-bottom-2x\">\n<div class=\"col-md-5\"><img decoding=\"async\" class=\"d-block m-auto img-thumbnail\" src=\"https:\/\/tvc.mx\/media\/87020\/NDA-8000-PIPWconfig5.png\" alt=\" \" \/><\/div>\n<div class=\"col-md-7 text-md-left text-center\">\n<h2>Resumen del sistema<\/h2>\n<p class=\"ql-align-justify\">Este accesorio espec\u00edfico de la c\u00e1mara se ha dise\u00f1ado para su uso con la nueva l\u00ednea de accesorios universales de Bosch. Los soportes de montaje y accesorios modulares para c\u00e1maras son una familia de soportes, adaptadores de montaje, placas de conexi\u00f3n para soportes colgantes y c\u00e1maras de vigilancia que se pueden utilizar con una amplia gama de c\u00e1maras de Bosch. Los accesorios son f\u00e1ciles de instalar y se pueden combinar para simplificar la instalaci\u00f3n en distintas ubicaciones conservando un mismo aspecto.<\/p>\n<p>&nbsp;<\/p>\n<\/div>\n<\/div>\n<hr class=\"padding-bottom-2x\" \/>\n<div class=\"row align-items-center padding-bottom-2x\">\n<div class=\"col-md-5 order-md-2\"><img decoding=\"async\" class=\"d-block m-auto img-thumbnail\" src=\"https:\/\/tvc.mx\/media\/87024\/NDA-8000-PIPWconfig7.png\" alt=\" \" \/><\/div>\n<div class=\"col-md-7 order-md-1 text-md-left text-center\">\n<h2>Funciones b\u00e1sicas<\/h2>\n<p class=\"ql-align-justify\">El NDA-8000-PIPW se ha dise\u00f1ado especialmente para el uso en exteriores con FLEXIDOME IP 8000i.<\/p>\n<p class=\"ql-align-justify\">Es una soluci\u00f3n segura, resistente e impermeable para montar la c\u00e1mara en:<\/p>\n<ul>\n<li class=\"ql-align-justify\">Soporte de pared colgante NDA-U-WMT<\/li>\n<li class=\"ql-align-justify\">Soporte colgante NDA-U-PMT<\/li>\n<\/ul>\n<p class=\"ql-align-justify\"><strong>Piezas incluidas<\/strong><\/p>\n<p class=\"ql-align-justify\"><strong>Cantidad de Componentes:<\/strong><\/p>\n<ul>\n<li class=\"ql-align-justify\">1 Placa de conexi\u00f3n para colgar + protector para intemperie.<\/li>\n<li class=\"ql-align-justify\">4 Tornillo T25 M6 x 12 mm.<\/li>\n<li class=\"ql-align-justify\">1 Tornillo T25 M4 x 16 mm.<\/li>\n<li class=\"ql-align-justify\">1 Gu\u00eda de instalaci\u00f3n r\u00e1pida.<\/li>\n<\/ul>\n<p>&nbsp;<\/p>\n<\/div>\n<\/div>\n<hr class=\"padding-bottom-2x\" \/>\n<div class=\"row align-items-center padding-bottom-2x\">\n<div class=\"col-md-5 order-md-2\"><img decoding=\"async\" class=\"d-block m-auto img-thumbnail\" src=\"https:\/\/tvc.mx\/media\/87028\/NDA-8000-PIPWconfig6.png\" alt=\" \" \/><\/div>\n<div class=\"col-md-7 order-md-1 text-md-left text-center\">\n<h2>Caracter\u00edsticas y Especificaciones<\/h2>\n<p class=\"ql-align-justify\"><strong>Nota: NDA-8000-PIPW Placa interfaz colgante, exterior<\/strong><\/p>\n<p class=\"ql-align-justify\"><strong>Placa de conexi\u00f3n para colgar con protector de intemperie para FLEXIDOME IP 8000i, exterior. N\u00famero de pedido: NDA-8000-PIPW<\/strong><\/p>\n<p class=\"ql-align-justify\"><strong>Principales caracter\u00edsticas<\/strong><\/p>\n<ul>\n<li class=\"ql-align-justify\">Permite la instalaci\u00f3n de la c\u00e1mara en un soporte de pared (NDA-U-WMT) o soporte de tubo colgante (NDA-U-PMT).<\/li>\n<li class=\"ql-align-justify\">Dise\u00f1o modular para una instalaci\u00f3n r\u00e1pida y sencilla.<\/li>\n<li class=\"ql-align-justify\">Piezas perfectamente coordinadas para facilitar la selecci\u00f3n y la instalaci\u00f3n sobre el terreno.<\/li>\n<li class=\"ql-align-justify\">Acabado a prueba de intemperie para mantener el aspecto cosm\u00e9tico.<\/li>\n<\/ul>\n<p class=\"ql-align-justify\"><strong>Especificaciones<\/strong><\/p>\n<p class=\"ql-align-justify\"><strong>Especificaciones mec\u00e1nicas<\/strong><\/p>\n<ul>\n<li class=\"ql-align-justify\">Dimensiones \u03a6 220,1 mm (8,67 pulg.), H = 132,1 mm (5,20 pulg.)<\/li>\n<li class=\"ql-align-justify\">Peso 303 g (0,7 libras) (producto) 572 g (1,3 libras) (combinado con NDA-8000-PIP).<\/li>\n<li class=\"ql-align-justify\">Color est\u00e1ndar Blanco (RAL 9003).<\/li>\n<li class=\"ql-align-justify\">Material de fabricaci\u00f3n, Placa de interfaz colgante.<\/li>\n<li class=\"ql-align-justify\">Aleaci\u00f3n de Aluminio Material de fabricaci\u00f3n, protector para intemperie Policarbonato.<\/li>\n<\/ul>\n<\/div>\n<\/div>\n","protected":false},"excerpt":{"rendered":"<p>NDA-8000-PIPW Placa interfaz colgante, exterior &nbsp; Resumen del sistema Este accesorio espec\u00edfico de la c\u00e1mara se ha dise\u00f1ado para su uso con la nueva l\u00ednea de accesorios universales de Bosch. Los soportes de montaje y accesorios modulares para c\u00e1maras son una familia de soportes, adaptadores&hellip;<\/p>\n","protected":false},"featured_media":7051,"comment_status":"open","ping_status":"closed","template":"","meta":{"om_disable_all_campaigns":false,"_monsterinsights_skip_tracking":false,"_monsterinsights_sitenote_active":false,"_monsterinsights_sitenote_note":"","_monsterinsights_sitenote_category":0},"product_brand":[],"product_cat":[637],"product_tag":[613,611,612,616,615,610,614,617],"class_list":{"0":"post-7052","1":"product","2":"type-product","3":"status-publish","4":"has-post-thumbnail","6":"product_cat-soporte-y-montaje-accesorios-bosch-video-vigilancia","7":"product_tag-bosch","8":"product_tag-manhattan","9":"product_tag-saxxon","10":"product_tag-surveon","11":"product_tag-utepo","12":"product_tag-videovigilancia","13":"product_tag-vivotek","14":"product_tag-zteco","16":"first","17":"instock","18":"sale","19":"taxable","20":"shipping-taxable","21":"purchasable","22":"product-type-simple"},"aioseo_notices":[],"_links":{"self":[{"href":"https:\/\/tecsecmty.com\/index.php\/wp-json\/wp\/v2\/product\/7052","targetHints":{"allow":["GET"]}}],"collection":[{"href":"https:\/\/tecsecmty.com\/index.php\/wp-json\/wp\/v2\/product"}],"about":[{"href":"https:\/\/tecsecmty.com\/index.php\/wp-json\/wp\/v2\/types\/product"}],"replies":[{"embeddable":true,"href":"https:\/\/tecsecmty.com\/index.php\/wp-json\/wp\/v2\/comments?post=7052"}],"version-history":[{"count":0,"href":"https:\/\/tecsecmty.com\/index.php\/wp-json\/wp\/v2\/product\/7052\/revisions"}],"wp:featuredmedia":[{"embeddable":true,"href":"https:\/\/tecsecmty.com\/index.php\/wp-json\/wp\/v2\/media\/7051"}],"wp:attachment":[{"href":"https:\/\/tecsecmty.com\/index.php\/wp-json\/wp\/v2\/media?parent=7052"}],"wp:term":[{"taxonomy":"product_brand","embeddable":true,"href":"https:\/\/tecsecmty.com\/index.php\/wp-json\/wp\/v2\/product_brand?post=7052"},{"taxonomy":"product_cat","embeddable":true,"href":"https:\/\/tecsecmty.com\/index.php\/wp-json\/wp\/v2\/product_cat?post=7052"},{"taxonomy":"product_tag","embeddable":true,"href":"https:\/\/tecsecmty.com\/index.php\/wp-json\/wp\/v2\/product_tag?post=7052"}],"curies":[{"name":"wp","href":"https:\/\/api.w.org\/{rel}","templated":true}]}}