{"id":7060,"date":"2023-02-23T16:03:56","date_gmt":"2023-02-23T22:03:56","guid":{"rendered":"https:\/\/tecsecmty.com\/index.php\/producto\/bosch-v_ndafmtdome-kit-para-motaje-en-techo-compatible-con-autodome-ip-5000-indoor\/"},"modified":"2023-03-22T23:21:58","modified_gmt":"2023-03-23T05:21:58","slug":"bosch-v_ndafmtdome-kit-para-motaje-en-techo-compatible-con-autodome-ip-5000-indoor","status":"publish","type":"product","link":"https:\/\/tecsecmty.com\/index.php\/producto\/bosch-v_ndafmtdome-kit-para-motaje-en-techo-compatible-con-autodome-ip-5000-indoor\/","title":{"rendered":"BOSCH V_NDAFMTDOME &#8211; Kit para MOTAJE en techo compatible con AUTODOME IP 5000 INDOOR"},"content":{"rendered":"<div class=\"row aling-items-center padding-bottom-2x\">\n<div class=\"col-lg-12\">\n<h5 class=\"card-title text-center\">NDA-FMT-DOME Montaje en techo<\/h5>\n<p class=\"ql-align-justify\">Este montaje es adecuado para instalar c\u00e1maras domo a ras de un techo.<\/p>\n<p><strong>Partes incluidas<\/strong><\/p>\n<p><strong>El embalaje contiene:<\/strong><\/p>\n<ul>\n<li>Montaje en techo<\/li>\n<li>Platos recortados (x 2)<\/li>\n<li>Instrucciones de instalaci\u00f3n r\u00e1pida<\/li>\n<li class=\"ql-align-justify\">Bolsa de accesorios que contiene componentes de montaje<\/li>\n<\/ul>\n<p class=\"ql-align-justify\"><strong>Nota:\u00a0NDA-FMT-DOME Montaje en el techo Kit de montaje empotrado en el techo para c\u00e1maras domo (\u00d8157 mm) N\u00famero de pedido NDA-FMT-DOME.<\/strong><\/p>\n<p class=\"ql-align-justify\">\n<p><img decoding=\"async\" class=\"overview-center-img-\" src=\"https:\/\/tvc.mx\/media\/6680\/Logoopaginas-oficial.png\" alt=\"\" \/><\/div>\n<\/div>\n<div class=\"row aling-items-center padding-bottom-2x\">\n<div class=\"col-lg-12\">\n<p class=\"ql-align-justify\"><strong>Principales Caracter\u00edsticas:<\/strong><\/p>\n<ul>\n<li class=\"ql-align-justify\">Apariencia atractiva.<\/li>\n<li class=\"ql-align-justify\">F\u00e1cil instalaci\u00f3n.<\/li>\n<li class=\"ql-align-justify\">Construcci\u00f3n robusta.<\/li>\n<\/ul>\n<p class=\"ql-align-justify\"><strong>Especificaciones:<\/strong><\/p>\n<ul>\n<li class=\"ql-align-justify\">Material de fabricaci\u00f3n: (soporte) SECC Metal.<\/li>\n<li class=\"ql-align-justify\">Material de construcci\u00f3n: (placas embellecedoras) Pl\u00e1stico PC+ABS.<\/li>\n<li class=\"ql-align-justify\">Acabado: (placas embellecedoras) Se\u00f1al blanca RAL 9003.<\/li>\n<\/ul>\n<\/div>\n<\/div>\n","protected":false},"excerpt":{"rendered":"<p>NDA-FMT-DOME Montaje en techo Este montaje es adecuado para instalar c\u00e1maras domo a ras de un techo. Partes incluidas El embalaje contiene: Montaje en techo Platos recortados (x 2) Instrucciones de instalaci\u00f3n r\u00e1pida Bolsa de accesorios que contiene componentes de montaje Nota:\u00a0NDA-FMT-DOME Montaje en el&hellip;<\/p>\n","protected":false},"featured_media":7059,"comment_status":"open","ping_status":"closed","template":"","meta":{"om_disable_all_campaigns":false,"_monsterinsights_skip_tracking":false,"_monsterinsights_sitenote_active":false,"_monsterinsights_sitenote_note":"","_monsterinsights_sitenote_category":0},"product_brand":[],"product_cat":[637],"product_tag":[613,611,612,616,615,610,614,617],"class_list":{"0":"post-7060","1":"product","2":"type-product","3":"status-publish","4":"has-post-thumbnail","6":"product_cat-soporte-y-montaje-accesorios-bosch-video-vigilancia","7":"product_tag-bosch","8":"product_tag-manhattan","9":"product_tag-saxxon","10":"product_tag-surveon","11":"product_tag-utepo","12":"product_tag-videovigilancia","13":"product_tag-vivotek","14":"product_tag-zteco","16":"first","17":"instock","18":"sale","19":"taxable","20":"shipping-taxable","21":"purchasable","22":"product-type-simple"},"aioseo_notices":[],"_links":{"self":[{"href":"https:\/\/tecsecmty.com\/index.php\/wp-json\/wp\/v2\/product\/7060","targetHints":{"allow":["GET"]}}],"collection":[{"href":"https:\/\/tecsecmty.com\/index.php\/wp-json\/wp\/v2\/product"}],"about":[{"href":"https:\/\/tecsecmty.com\/index.php\/wp-json\/wp\/v2\/types\/product"}],"replies":[{"embeddable":true,"href":"https:\/\/tecsecmty.com\/index.php\/wp-json\/wp\/v2\/comments?post=7060"}],"version-history":[{"count":0,"href":"https:\/\/tecsecmty.com\/index.php\/wp-json\/wp\/v2\/product\/7060\/revisions"}],"wp:featuredmedia":[{"embeddable":true,"href":"https:\/\/tecsecmty.com\/index.php\/wp-json\/wp\/v2\/media\/7059"}],"wp:attachment":[{"href":"https:\/\/tecsecmty.com\/index.php\/wp-json\/wp\/v2\/media?parent=7060"}],"wp:term":[{"taxonomy":"product_brand","embeddable":true,"href":"https:\/\/tecsecmty.com\/index.php\/wp-json\/wp\/v2\/product_brand?post=7060"},{"taxonomy":"product_cat","embeddable":true,"href":"https:\/\/tecsecmty.com\/index.php\/wp-json\/wp\/v2\/product_cat?post=7060"},{"taxonomy":"product_tag","embeddable":true,"href":"https:\/\/tecsecmty.com\/index.php\/wp-json\/wp\/v2\/product_tag?post=7060"}],"curies":[{"name":"wp","href":"https:\/\/api.w.org\/{rel}","templated":true}]}}