{"id":7062,"date":"2023-02-23T16:03:59","date_gmt":"2023-02-23T22:03:59","guid":{"rendered":"https:\/\/tecsecmty.com\/index.php\/producto\/bosch-v_ndafmtmicdome-kit-de-montaje-en-techo\/"},"modified":"2023-03-22T23:21:58","modified_gmt":"2023-03-23T05:21:58","slug":"bosch-v_ndafmtmicdome-kit-de-montaje-en-techo","status":"publish","type":"product","link":"https:\/\/tecsecmty.com\/index.php\/producto\/bosch-v_ndafmtmicdome-kit-de-montaje-en-techo\/","title":{"rendered":"BOSCH V_NDAFMTMICDOME &#8211; Kit de montaje en techo"},"content":{"rendered":"<div class=\"row aling-items-center padding-bottom-2x\">\n<div class=\"col-lg-12\">\n<h5 class=\"card-title text-center\">NDA-FMT-MICDOME Montaje en techo<\/h5>\n<p>Este montaje es adecuado para instalar c\u00e1maras microdome al ras del techo.<\/p>\n<p><strong>Partes incluidas<\/strong><\/p>\n<p><strong>El embalaje contiene:<\/strong><\/p>\n<ul>\n<li>Montaje en techo<\/li>\n<li>Platos recortados (x 2)<\/li>\n<li>Instrucciones de instalaci\u00f3n r\u00e1pida<\/li>\n<\/ul>\n<p><strong>Bolsa de accesorios que contiene:<\/strong><\/p>\n<ul>\n<li>Tornillos M3 (x 2).<\/li>\n<li>Tornillos M4 (x 2).<\/li>\n<li>Oreja (x 2).<\/li>\n<\/ul>\n<p><strong>Nota: NDA-FMT-MICDOME Montaje en el techo Kit de montaje empotrado en el techo para c\u00e1maras microdome (\u00d8135 mm).<\/strong><\/p>\n<p><strong>N\u00famero de pedido: NDA-FMT-MICDOME.<\/strong><\/p>\n<p><img decoding=\"async\" class=\"overview-center-img-\" src=\"https:\/\/tvc.mx\/media\/6691\/Logoopaginas-oficial.png\" alt=\"\" \/><\/div>\n<\/div>\n<div class=\"row aling-items-center padding-bottom-2x\">\n<div class=\"col-lg-12\">\n<p class=\"ql-align-justify\"><strong>Principales Caracter\u00edsticas:\u00a0<\/strong><\/p>\n<ul>\n<li class=\"ql-align-justify\">F\u00e1cil instalaci\u00f3n.<\/li>\n<li class=\"ql-align-justify\">Apariencia atractiva.<\/li>\n<li class=\"ql-align-justify\">Construcci\u00f3n robusta.<\/li>\n<\/ul>\n<p class=\"ql-align-justify\"><strong>Especificaciones:<\/strong><\/p>\n<ul>\n<li class=\"ql-align-justify\">Di\u00e1metro del orificio del techo: \u00d8135 mm (\u00d85.3 in).<\/li>\n<li class=\"ql-align-justify\">Altura del soporte: 65 mm (2.6 in).<\/li>\n<li class=\"ql-align-justify\">Peso: 0,41 kg (0,9 lb).<\/li>\n<li class=\"ql-align-justify\">Acabado: (anillos de acabado) RAL 9003 (se\u00f1al en blanco).<\/li>\n<li class=\"ql-align-justify\">Material :(montaje) de acero.<\/li>\n<li class=\"ql-align-justify\">Material: (placa de asiento) SECC.<\/li>\n<\/ul>\n<\/div>\n<\/div>\n","protected":false},"excerpt":{"rendered":"<p>NDA-FMT-MICDOME Montaje en techo Este montaje es adecuado para instalar c\u00e1maras microdome al ras del techo. Partes incluidas El embalaje contiene: Montaje en techo Platos recortados (x 2) Instrucciones de instalaci\u00f3n r\u00e1pida Bolsa de accesorios que contiene: Tornillos M3 (x 2). Tornillos M4 (x 2).&hellip;<\/p>\n","protected":false},"featured_media":7061,"comment_status":"open","ping_status":"closed","template":"","meta":{"om_disable_all_campaigns":false,"_monsterinsights_skip_tracking":false,"_monsterinsights_sitenote_active":false,"_monsterinsights_sitenote_note":"","_monsterinsights_sitenote_category":0},"product_brand":[],"product_cat":[637],"product_tag":[613,611,612,616,615,610,614,617],"class_list":{"0":"post-7062","1":"product","2":"type-product","3":"status-publish","4":"has-post-thumbnail","6":"product_cat-soporte-y-montaje-accesorios-bosch-video-vigilancia","7":"product_tag-bosch","8":"product_tag-manhattan","9":"product_tag-saxxon","10":"product_tag-surveon","11":"product_tag-utepo","12":"product_tag-videovigilancia","13":"product_tag-vivotek","14":"product_tag-zteco","16":"first","17":"instock","18":"sale","19":"taxable","20":"shipping-taxable","21":"purchasable","22":"product-type-simple"},"aioseo_notices":[],"_links":{"self":[{"href":"https:\/\/tecsecmty.com\/index.php\/wp-json\/wp\/v2\/product\/7062","targetHints":{"allow":["GET"]}}],"collection":[{"href":"https:\/\/tecsecmty.com\/index.php\/wp-json\/wp\/v2\/product"}],"about":[{"href":"https:\/\/tecsecmty.com\/index.php\/wp-json\/wp\/v2\/types\/product"}],"replies":[{"embeddable":true,"href":"https:\/\/tecsecmty.com\/index.php\/wp-json\/wp\/v2\/comments?post=7062"}],"version-history":[{"count":0,"href":"https:\/\/tecsecmty.com\/index.php\/wp-json\/wp\/v2\/product\/7062\/revisions"}],"wp:featuredmedia":[{"embeddable":true,"href":"https:\/\/tecsecmty.com\/index.php\/wp-json\/wp\/v2\/media\/7061"}],"wp:attachment":[{"href":"https:\/\/tecsecmty.com\/index.php\/wp-json\/wp\/v2\/media?parent=7062"}],"wp:term":[{"taxonomy":"product_brand","embeddable":true,"href":"https:\/\/tecsecmty.com\/index.php\/wp-json\/wp\/v2\/product_brand?post=7062"},{"taxonomy":"product_cat","embeddable":true,"href":"https:\/\/tecsecmty.com\/index.php\/wp-json\/wp\/v2\/product_cat?post=7062"},{"taxonomy":"product_tag","embeddable":true,"href":"https:\/\/tecsecmty.com\/index.php\/wp-json\/wp\/v2\/product_tag?post=7062"}],"curies":[{"name":"wp","href":"https:\/\/api.w.org\/{rel}","templated":true}]}}