{"id":7064,"date":"2023-02-23T16:04:02","date_gmt":"2023-02-23T22:04:02","guid":{"rendered":"https:\/\/tecsecmty.com\/index.php\/producto\/bosch-v_ndalwmtdome-soporte-en-forma-de-l-para-montaje-en-pared-de-domo\/"},"modified":"2023-03-22T23:21:58","modified_gmt":"2023-03-23T05:21:58","slug":"bosch-v_ndalwmtdome-soporte-en-forma-de-l-para-montaje-en-pared-de-domo","status":"publish","type":"product","link":"https:\/\/tecsecmty.com\/index.php\/producto\/bosch-v_ndalwmtdome-soporte-en-forma-de-l-para-montaje-en-pared-de-domo\/","title":{"rendered":"BOSCH V_NDALWMTDOME &#8211; Soporte en forma de l para montaje en pared de domo"},"content":{"rendered":"<h5 class=\"card-title text-center\">Soporte de pared para domo NDA-LWMT-DOME<\/h5>\n<p class=\"ql-align-justify\">Este soporte de pared robusto y f\u00e1cil de instalar es dise\u00f1ado espec\u00edficamente para c\u00fapula interior \/ exterior c\u00e1maras.<\/p>\n<p class=\"ql-align-justify\"><strong>Nota: Soporte de pared para domo NDA-LWMT-DOME<\/strong><\/p>\n<p class=\"ql-align-justify\"><strong>Soporte de pared en forma de L resistente para c\u00e1maras domo<\/strong><\/p>\n<p class=\"ql-align-justify\"><strong>N\u00famero de pedido: NDA-LWMT-DOME.<\/strong><\/p>\n<p class=\"ql-align-justify\"><strong>Principales<\/strong><strong>\u00a0Caracter\u00edsticas<\/strong><\/p>\n<ul>\n<li class=\"ql-align-justify\">Construcci\u00f3n robusta.<\/li>\n<li class=\"ql-align-justify\">F\u00e1cil instalaci\u00f3n.<\/li>\n<li class=\"ql-align-justify\">Anti-\u00f3xido tratado.<\/li>\n<\/ul>\n<p class=\"ql-align-justify\"><strong>Especificaciones<\/strong><\/p>\n<ul>\n<li class=\"ql-align-justify\">Material de construcci\u00f3n SPCC.<\/li>\n<li class=\"ql-align-justify\">Acabado se\u00f1al RAL 9003 blanco.<\/li>\n<li class=\"ql-align-justify\">Peso 0.51 kg (1.12 lb).<\/li>\n<\/ul>\n<p><img decoding=\"async\" class=\"overview-center-img-\" src=\"https:\/\/tvc.mx\/media\/7892\/Logoopaginas-oficial.png\" alt=\"\" \/><\/p>\n","protected":false},"excerpt":{"rendered":"<p>Soporte de pared para domo NDA-LWMT-DOME Este soporte de pared robusto y f\u00e1cil de instalar es dise\u00f1ado espec\u00edficamente para c\u00fapula interior \/ exterior c\u00e1maras. Nota: Soporte de pared para domo NDA-LWMT-DOME Soporte de pared en forma de L resistente para c\u00e1maras domo N\u00famero de pedido:&hellip;<\/p>\n","protected":false},"featured_media":7063,"comment_status":"open","ping_status":"closed","template":"","meta":{"om_disable_all_campaigns":false,"_monsterinsights_skip_tracking":false,"_monsterinsights_sitenote_active":false,"_monsterinsights_sitenote_note":"","_monsterinsights_sitenote_category":0},"product_brand":[],"product_cat":[637],"product_tag":[613,611,612,616,615,610,614,617],"class_list":{"0":"post-7064","1":"product","2":"type-product","3":"status-publish","4":"has-post-thumbnail","6":"product_cat-soporte-y-montaje-accesorios-bosch-video-vigilancia","7":"product_tag-bosch","8":"product_tag-manhattan","9":"product_tag-saxxon","10":"product_tag-surveon","11":"product_tag-utepo","12":"product_tag-videovigilancia","13":"product_tag-vivotek","14":"product_tag-zteco","16":"first","17":"instock","18":"sale","19":"taxable","20":"shipping-taxable","21":"purchasable","22":"product-type-simple"},"aioseo_notices":[],"_links":{"self":[{"href":"https:\/\/tecsecmty.com\/index.php\/wp-json\/wp\/v2\/product\/7064","targetHints":{"allow":["GET"]}}],"collection":[{"href":"https:\/\/tecsecmty.com\/index.php\/wp-json\/wp\/v2\/product"}],"about":[{"href":"https:\/\/tecsecmty.com\/index.php\/wp-json\/wp\/v2\/types\/product"}],"replies":[{"embeddable":true,"href":"https:\/\/tecsecmty.com\/index.php\/wp-json\/wp\/v2\/comments?post=7064"}],"version-history":[{"count":0,"href":"https:\/\/tecsecmty.com\/index.php\/wp-json\/wp\/v2\/product\/7064\/revisions"}],"wp:featuredmedia":[{"embeddable":true,"href":"https:\/\/tecsecmty.com\/index.php\/wp-json\/wp\/v2\/media\/7063"}],"wp:attachment":[{"href":"https:\/\/tecsecmty.com\/index.php\/wp-json\/wp\/v2\/media?parent=7064"}],"wp:term":[{"taxonomy":"product_brand","embeddable":true,"href":"https:\/\/tecsecmty.com\/index.php\/wp-json\/wp\/v2\/product_brand?post=7064"},{"taxonomy":"product_cat","embeddable":true,"href":"https:\/\/tecsecmty.com\/index.php\/wp-json\/wp\/v2\/product_cat?post=7064"},{"taxonomy":"product_tag","embeddable":true,"href":"https:\/\/tecsecmty.com\/index.php\/wp-json\/wp\/v2\/product_tag?post=7064"}],"curies":[{"name":"wp","href":"https:\/\/api.w.org\/{rel}","templated":true}]}}