{"id":7066,"date":"2023-02-23T16:04:04","date_gmt":"2023-02-23T22:04:04","guid":{"rendered":"https:\/\/tecsecmty.com\/index.php\/producto\/bosch-v_ndasmbmicsmb-caja-para-montaje-en-superficie\/"},"modified":"2023-03-22T23:21:58","modified_gmt":"2023-03-23T05:21:58","slug":"bosch-v_ndasmbmicsmb-caja-para-montaje-en-superficie","status":"publish","type":"product","link":"https:\/\/tecsecmty.com\/index.php\/producto\/bosch-v_ndasmbmicsmb-caja-para-montaje-en-superficie\/","title":{"rendered":"BOSCH V_NDASMBMICSMB &#8211; Caja para montaje en superficie"},"content":{"rendered":"<h5 class=\"card-title text-center\">Caja de montaje en superficie NDA-SMB-MICSMB<\/h5>\n<p class=\"ql-align-justify\">Esta caja de montaje robusta y f\u00e1cil de instalar es espec\u00edficamente dise\u00f1ado para montar una micro c\u00e1mara FLEXIDOME para una superficie plana.<\/p>\n<p class=\"ql-align-justify\"><strong>Nota: Caja de montaje en superficie NDA-SMB-MICSMB<\/strong><\/p>\n<p class=\"ql-align-justify\"><strong>Caja de montaje en superficie (\u00d8114 mm \/ \u00d84.49 in)<\/strong><\/p>\n<p class=\"ql-align-justify\"><strong>N\u00famero de pedido: NDA-SMB-MICSMB.<\/strong><\/p>\n<p class=\"ql-align-justify\"><strong>Principales Caracter\u00edsticas<\/strong><\/p>\n<ul>\n<li class=\"ql-align-justify\">Construcci\u00f3n robusta.<\/li>\n<li class=\"ql-align-justify\">Apariencia atractiva.<\/li>\n<li class=\"ql-align-justify\">F\u00e1cil instalaci\u00f3n<\/li>\n<\/ul>\n<p class=\"ql-align-justify\"><strong>Especificaciones<\/strong><\/p>\n<ul>\n<li class=\"ql-align-justify\">Material de construcci\u00f3n Aleaci\u00f3n de aluminio..<\/li>\n<li class=\"ql-align-justify\">Acabado RAL 9003.<\/li>\n<li class=\"ql-align-justify\">Peso 500 g (1.1 lb).<\/li>\n<\/ul>\n<p><img decoding=\"async\" class=\"overview-center-img-\" src=\"https:\/\/tvc.mx\/media\/14228\/Logoopaginas-oficial.png\" alt=\"\" \/><\/p>\n","protected":false},"excerpt":{"rendered":"<p>Caja de montaje en superficie NDA-SMB-MICSMB Esta caja de montaje robusta y f\u00e1cil de instalar es espec\u00edficamente dise\u00f1ado para montar una micro c\u00e1mara FLEXIDOME para una superficie plana. Nota: Caja de montaje en superficie NDA-SMB-MICSMB Caja de montaje en superficie (\u00d8114 mm \/ \u00d84.49 in)&hellip;<\/p>\n","protected":false},"featured_media":7065,"comment_status":"open","ping_status":"closed","template":"","meta":{"om_disable_all_campaigns":false,"_monsterinsights_skip_tracking":false,"_monsterinsights_sitenote_active":false,"_monsterinsights_sitenote_note":"","_monsterinsights_sitenote_category":0},"product_brand":[],"product_cat":[637],"product_tag":[613,611,612,616,615,610,614,617],"class_list":{"0":"post-7066","1":"product","2":"type-product","3":"status-publish","4":"has-post-thumbnail","6":"product_cat-soporte-y-montaje-accesorios-bosch-video-vigilancia","7":"product_tag-bosch","8":"product_tag-manhattan","9":"product_tag-saxxon","10":"product_tag-surveon","11":"product_tag-utepo","12":"product_tag-videovigilancia","13":"product_tag-vivotek","14":"product_tag-zteco","16":"first","17":"instock","18":"sale","19":"taxable","20":"shipping-taxable","21":"purchasable","22":"product-type-simple"},"aioseo_notices":[],"_links":{"self":[{"href":"https:\/\/tecsecmty.com\/index.php\/wp-json\/wp\/v2\/product\/7066","targetHints":{"allow":["GET"]}}],"collection":[{"href":"https:\/\/tecsecmty.com\/index.php\/wp-json\/wp\/v2\/product"}],"about":[{"href":"https:\/\/tecsecmty.com\/index.php\/wp-json\/wp\/v2\/types\/product"}],"replies":[{"embeddable":true,"href":"https:\/\/tecsecmty.com\/index.php\/wp-json\/wp\/v2\/comments?post=7066"}],"version-history":[{"count":0,"href":"https:\/\/tecsecmty.com\/index.php\/wp-json\/wp\/v2\/product\/7066\/revisions"}],"wp:featuredmedia":[{"embeddable":true,"href":"https:\/\/tecsecmty.com\/index.php\/wp-json\/wp\/v2\/media\/7065"}],"wp:attachment":[{"href":"https:\/\/tecsecmty.com\/index.php\/wp-json\/wp\/v2\/media?parent=7066"}],"wp:term":[{"taxonomy":"product_brand","embeddable":true,"href":"https:\/\/tecsecmty.com\/index.php\/wp-json\/wp\/v2\/product_brand?post=7066"},{"taxonomy":"product_cat","embeddable":true,"href":"https:\/\/tecsecmty.com\/index.php\/wp-json\/wp\/v2\/product_cat?post=7066"},{"taxonomy":"product_tag","embeddable":true,"href":"https:\/\/tecsecmty.com\/index.php\/wp-json\/wp\/v2\/product_tag?post=7066"}],"curies":[{"name":"wp","href":"https:\/\/api.w.org\/{rel}","templated":true}]}}