{"id":7068,"date":"2023-02-23T16:04:08","date_gmt":"2023-02-23T22:04:08","guid":{"rendered":"https:\/\/tecsecmty.com\/index.php\/producto\/bosch-v_ndaucmt-adaptador-de-montaje-en-esquina-color-blanco\/"},"modified":"2023-03-22T23:21:58","modified_gmt":"2023-03-23T05:21:58","slug":"bosch-v_ndaucmt-adaptador-de-montaje-en-esquina-color-blanco","status":"publish","type":"product","link":"https:\/\/tecsecmty.com\/index.php\/producto\/bosch-v_ndaucmt-adaptador-de-montaje-en-esquina-color-blanco\/","title":{"rendered":"BOSCH V_NDAUCMT &#8211; Adaptador de montaje en esquina color blanco"},"content":{"rendered":"<h5 class=\"card-title text-center\">NDA-U-CMT Adaptador montaje esquina<\/h5>\n<p class=\"ql-align-justify\">Los soportes de montaje y accesorios modulares para c\u00e1maras son una familia de soportes, adaptadores de montaje, placas de conexi\u00f3n para soportes colgantes y c\u00e1maras de vigilancia que se pueden utilizar con una amplia gama de c\u00e1maras de Bosch. Los accesorios son f\u00e1ciles de instalar y se pueden combinar para simplificar la instalaci\u00f3n en distintas ubicaciones conservando un mismo aspecto.<\/p>\n<p class=\"ql-align-justify\"><strong>Funciones b\u00e1sicas<\/strong><\/p>\n<p class=\"ql-align-justify\"><strong>Adaptador para el montaje en esquina<\/strong><\/p>\n<p class=\"ql-align-justify\">Este adaptador para montaje en esquina permite la instalaci\u00f3n en esquinas externas. Es una soluci\u00f3n segura y robusta para montar c\u00e1maras junto con los accesorios siguientes. Combinaciones de accesorios universales Es una soluci\u00f3n segura y robusta para montar c\u00e1maras junto con los accesorios siguientes.<\/p>\n<ul>\n<li class=\"ql-align-justify\">Soporte de pared colgante NDA-U-WMT.<\/li>\n<li class=\"ql-align-justify\">Placa de montaje en pared NDA-U-WMP.<\/li>\n<li class=\"ql-align-justify\">Caja de vigilancia NDA-U-PA0\/1\/2 .<\/li>\n<li class=\"ql-align-justify\">SMB para soporte de techo\/pared suspendido NDA-U- -PSMB.<\/li>\n<\/ul>\n<p class=\"ql-align-justify\"><strong>Piezas incluidas<\/strong><\/p>\n<ul>\n<li class=\"ql-align-justify\">1 Montaje en esquina.<\/li>\n<li class=\"ql-align-justify\">4 Tornillo de cabeza hexagonal M6 x 20.<\/li>\n<li class=\"ql-align-justify\">4 Arandela de resorte M6.<\/li>\n<li class=\"ql-align-justify\">4 Arandela M6.<\/li>\n<li class=\"ql-align-justify\">4 Tornillo de cabeza hexagonal de 3\/8 pulgadas &#8211; 16 x 1,75 pulgadas.<\/li>\n<li class=\"ql-align-justify\">4 Arandela con resorte de 3\/8&#8243;.<\/li>\n<li class=\"ql-align-justify\">1 Gu\u00eda de instalaci\u00f3n r\u00e1pida.<\/li>\n<\/ul>\n<p class=\"ql-align-justify\"><strong>Nota:\u00a0<\/strong><strong>NDA-U-CMT Adaptador montaje esquina Montaje en esquina universal, blanco. N\u00famero de pedido: NDA-U-CMT.\u00a0<\/strong><\/p>\n<p class=\"ql-align-justify\"><strong>Principales Caracter\u00edsticas<\/strong><\/p>\n<ul>\n<li class=\"ql-align-justify\">Para instalar c\u00e1maras de Bosch en una esquina externa.<\/li>\n<li class=\"ql-align-justify\">Dise\u00f1o modular para una instalaci\u00f3n r\u00e1pida y sencilla.<\/li>\n<li class=\"ql-align-justify\">Acabado a prueba de intemperie para mantener el aspecto. cosm\u00e9tico<\/li>\n<\/ul>\n<p class=\"ql-align-justify\"><strong>Especificaciones<\/strong><\/p>\n<p class=\"ql-align-justify\"><strong>Mec\u00e1nicas<\/strong><\/p>\n<ul>\n<li class=\"ql-align-justify\">Dimensiones (An. x Al. x Pr.): 219 x 236 x 148 mm (8,6 x 9,3 x 5,8 pulg.<\/li>\n<li class=\"ql-align-justify\">Peso 1192 g (2,63 libras).<\/li>\n<li class=\"ql-align-justify\">Color est\u00e1ndar Blanco (RAL 9003).<\/li>\n<li class=\"ql-align-justify\">Material de fabricaci\u00f3n Aleaci\u00f3n de aluminio.<\/li>\n<\/ul>\n<p><img decoding=\"async\" class=\"overview-center-img-\" src=\"https:\/\/tvc.mx\/media\/7788\/Logoopaginas-oficial.png\" alt=\"\" \/><\/p>\n","protected":false},"excerpt":{"rendered":"<p>NDA-U-CMT Adaptador montaje esquina Los soportes de montaje y accesorios modulares para c\u00e1maras son una familia de soportes, adaptadores de montaje, placas de conexi\u00f3n para soportes colgantes y c\u00e1maras de vigilancia que se pueden utilizar con una amplia gama de c\u00e1maras de Bosch. Los accesorios&hellip;<\/p>\n","protected":false},"featured_media":7067,"comment_status":"open","ping_status":"closed","template":"","meta":{"om_disable_all_campaigns":false,"_monsterinsights_skip_tracking":false,"_monsterinsights_sitenote_active":false,"_monsterinsights_sitenote_note":"","_monsterinsights_sitenote_category":0},"product_brand":[],"product_cat":[637],"product_tag":[613,611,612,616,615,610,614,617],"class_list":{"0":"post-7068","1":"product","2":"type-product","3":"status-publish","4":"has-post-thumbnail","6":"product_cat-soporte-y-montaje-accesorios-bosch-video-vigilancia","7":"product_tag-bosch","8":"product_tag-manhattan","9":"product_tag-saxxon","10":"product_tag-surveon","11":"product_tag-utepo","12":"product_tag-videovigilancia","13":"product_tag-vivotek","14":"product_tag-zteco","16":"first","17":"instock","18":"sale","19":"taxable","20":"shipping-taxable","21":"purchasable","22":"product-type-simple"},"aioseo_notices":[],"_links":{"self":[{"href":"https:\/\/tecsecmty.com\/index.php\/wp-json\/wp\/v2\/product\/7068","targetHints":{"allow":["GET"]}}],"collection":[{"href":"https:\/\/tecsecmty.com\/index.php\/wp-json\/wp\/v2\/product"}],"about":[{"href":"https:\/\/tecsecmty.com\/index.php\/wp-json\/wp\/v2\/types\/product"}],"replies":[{"embeddable":true,"href":"https:\/\/tecsecmty.com\/index.php\/wp-json\/wp\/v2\/comments?post=7068"}],"version-history":[{"count":0,"href":"https:\/\/tecsecmty.com\/index.php\/wp-json\/wp\/v2\/product\/7068\/revisions"}],"wp:featuredmedia":[{"embeddable":true,"href":"https:\/\/tecsecmty.com\/index.php\/wp-json\/wp\/v2\/media\/7067"}],"wp:attachment":[{"href":"https:\/\/tecsecmty.com\/index.php\/wp-json\/wp\/v2\/media?parent=7068"}],"wp:term":[{"taxonomy":"product_brand","embeddable":true,"href":"https:\/\/tecsecmty.com\/index.php\/wp-json\/wp\/v2\/product_brand?post=7068"},{"taxonomy":"product_cat","embeddable":true,"href":"https:\/\/tecsecmty.com\/index.php\/wp-json\/wp\/v2\/product_cat?post=7068"},{"taxonomy":"product_tag","embeddable":true,"href":"https:\/\/tecsecmty.com\/index.php\/wp-json\/wp\/v2\/product_tag?post=7068"}],"curies":[{"name":"wp","href":"https:\/\/api.w.org\/{rel}","templated":true}]}}