{"id":7072,"date":"2023-02-23T16:04:14","date_gmt":"2023-02-23T22:04:14","guid":{"rendered":"https:\/\/tecsecmty.com\/index.php\/producto\/bosch-v_ndaupa1-armario-de-vigilancia-120-vac-salida-24-vac-compatible-con-autodome-5000\/"},"modified":"2023-03-22T23:21:59","modified_gmt":"2023-03-23T05:21:59","slug":"bosch-v_ndaupa1-armario-de-vigilancia-120-vac-salida-24-vac-compatible-con-autodome-5000","status":"publish","type":"product","link":"https:\/\/tecsecmty.com\/index.php\/producto\/bosch-v_ndaupa1-armario-de-vigilancia-120-vac-salida-24-vac-compatible-con-autodome-5000\/","title":{"rendered":"BOSCH V_NDAUPA1 &#8211; Armario de vigilancia 120 VAC \/ Salida 24 VAC \/ Compatible con AUTODOME 5000"},"content":{"rendered":"<h5 class=\"card-title text-center\">NDA-U-PA1 Armario vigilancia 120VAC<\/h5>\n<p class=\"ql-align-justify\"><strong>Los soportes de montaje y accesorios modulares para c\u00e1maras son una familia de soportes, adaptadores de montaje, placas de conexi\u00f3n para soportes colgantes y c\u00e1maras de vigilancia que se pueden utilizar con una amplia gama de c\u00e1maras de Bosch.<\/strong>\u00a0Los accesorios son f\u00e1ciles de instalar y se pueden combinar para simplificar la instalaci\u00f3n en distintas ubicaciones conservando un mismo aspecto.<\/p>\n<p class=\"ql-align-justify\"><strong>Funciones b\u00e1sica<\/strong><\/p>\n<p class=\"ql-align-justify\">Las cajas de vigilancia de Bosch est\u00e1n dise\u00f1adas para cumplir los requisitos de alimentaci\u00f3n y seguridad el\u00e9ctrica de las c\u00e1maras que se utilizan en aplicaciones de seguridad en exteriores. Las cajas de vigilancia proporcionan una fuente de alimentaci\u00f3n para situaciones sin PoE.<strong>\u00a0El NDA-U-PA1 incluye un transformador con entrada de 120 VCA y 24 VCA de salida para alimentar las c\u00e1maras con valores nominales de hasta 100 W con protecci\u00f3n frente a picos de tensi\u00f3n.<\/strong><\/p>\n<p class=\"ql-align-justify\"><strong>Kits de fibra \u00f3ptica<\/strong><\/p>\n<p class=\"ql-align-justify\"><strong>El kit de fibra \u00f3ptica VG4-SFPSCKT es un m\u00f3dulo de conversi\u00f3n de medios \u00fanico para el uso con la caja de vigilancia.\u00a0<\/strong>Este convertidor de medios est\u00e1 dise\u00f1ado para admitir una amplia gama de m\u00f3dulos conectables de peque\u00f1o formato\u00a0<strong>(SFP) de 10\/100 Mbps para su uso con fibra monomodo o multimodo con conectores sencillos (SC) o de doble fibra (LC).<\/strong>\u00a0El m\u00f3dulo de conversi\u00f3n de medios y el m\u00f3dulo SFP se pueden instalar directamente en la caja de vigilancia para obtener una soluci\u00f3n de integrada con fibra \u00f3ptica.<\/p>\n<p class=\"ql-align-justify\"><strong>Combinaciones de accesorios universales<\/strong><\/p>\n<p class=\"ql-align-justify\">Este accesorio est\u00e1 preparado para la instalaci\u00f3n en la pared o el techo.<\/p>\n<p class=\"ql-align-justify\"><strong>Para adaptarlo al montaje en un poste o una esquina, es necesario utilizar los accesorios siguientes:<\/strong><\/p>\n<ul>\n<li class=\"ql-align-justify\">Adaptador para montaje en poste grande NDA-U- -PMAL.<\/li>\n<li class=\"ql-align-justify\">Adaptador para montaje en esquina NDA-U-CMT.<\/li>\n<\/ul>\n<p class=\"ql-align-justify\"><strong>Este accesorio permite una instalaci\u00f3n f\u00e1cil y directa de los soportes siguientes:<\/strong><\/p>\n<ul>\n<li class=\"ql-align-justify\">Soporte de pared colgante NDA-U-WMT.<\/li>\n<li class=\"ql-align-justify\">Soporte de techo suspendido NDA-U-PMT.<\/li>\n<\/ul>\n<p class=\"ql-align-justify\"><strong>Piezas incluidas<\/strong><\/p>\n<ul>\n<li class=\"ql-align-justify\">1 Armario de vigilancia de 120 V CA.<\/li>\n<li class=\"ql-align-justify\">1 Gu\u00eda de instalaci\u00f3n r\u00e1pida.<\/li>\n<li class=\"ql-align-justify\">1 Instrucciones de seguridad.<\/li>\n<li class=\"ql-align-justify\">1 Descripci\u00f3n t\u00e9cnica (EAC).<\/li>\n<\/ul>\n<p class=\"ql-align-justify\"><strong>Nota: NDA-U-PA1 Armario vigilancia 120VAC<\/strong><\/p>\n<p class=\"ql-align-justify\"><strong>Caja de vigilancia, entrada de 120 VCA, salida de 24 VCA, IP66.<\/strong><\/p>\n<p class=\"ql-align-justify\"><strong>N\u00famero de pedido: NDA-U-PA1.<\/strong><\/p>\n<p class=\"ql-align-justify\"><strong>Principales Caracter\u00edsticas<\/strong><\/p>\n<ul>\n<li class=\"ql-align-justify\">Soluci\u00f3n de conectividad y fuente de alimentaci\u00f3n completa adecuada para el uso en exteriores.<\/li>\n<li class=\"ql-align-justify\">Entrada de 120 VCA con 24 VCA\/100 W de potencia de salida.<\/li>\n<li class=\"ql-align-justify\">Protecci\u00f3n frente a picos de tensi\u00f3n integrada para mejorar la fiabilidad del sistema.<\/li>\n<li class=\"ql-align-justify\">Se integra perfectamente dentro del soporte de la c\u00e1mara, lo cual elimina la necesidad de una caja de conexiones aparte.<\/li>\n<li class=\"ql-align-justify\">Dise\u00f1o modular para una instalaci\u00f3n r\u00e1pida y sencilla.<\/li>\n<\/ul>\n<p class=\"ql-align-justify\"><strong>Especificaciones<\/strong><\/p>\n<p class=\"ql-align-justify\"><strong>\u00a0Mec\u00e1nicas<\/strong><\/p>\n<ul>\n<li class=\"ql-align-justify\">Dimensiones (An. x Al. x Pr.) 170,0 mm x 216,4 mm x 105,0 mm (6,69 pulg. x 8,52 pulg. x 4,13 pulg.)<\/li>\n<li class=\"ql-align-justify\">Peso 3773 g (8,32 libras).<\/li>\n<li class=\"ql-align-justify\">Color est\u00e1ndar Blanco (RAL 9003).<\/li>\n<li class=\"ql-align-justify\">Material de fabricaci\u00f3n Aleaci\u00f3n de aluminio.<\/li>\n<\/ul>\n<p class=\"ql-align-justify\"><strong>El\u00e9ctricas<\/strong><\/p>\n<ul>\n<li class=\"ql-align-justify\">Protecci\u00f3n contra subidas de tensi\u00f3n de salida de alimentaci\u00f3n.<\/li>\n<li class=\"ql-align-justify\">Corriente m\u00e1xima de 21,4 A, potencia m\u00e1xima de 1500 W (10\/1000 \u03bcs).<\/li>\n<li class=\"ql-align-justify\">Entrada 120 VCA, 50\/60 Hz.<\/li>\n<li class=\"ql-align-justify\">Potencia de las salidas 24 V a 96 VA.<\/li>\n<li class=\"ql-align-justify\">Fusibles de entrada 1,6 A.<\/li>\n<li class=\"ql-align-justify\">Fusibles de salida 2,0 A (c\u00e1mara), 3,15 A (calefactor).<\/li>\n<\/ul>\n<p class=\"ql-align-justify\"><strong>Ambientales<\/strong><\/p>\n<ul>\n<li class=\"ql-align-justify\">Temperatura de funcionamiento De -60 \u00b0C a 55 \u00b0C (de -76 \u00b0F a 131 \u00b0F).<\/li>\n<li class=\"ql-align-justify\">Humedad Del 0 % al 100 %, con condensaci\u00f3n.<\/li>\n<\/ul>\n<p><img decoding=\"async\" class=\"overview-center-img-\" src=\"https:\/\/tvc.mx\/media\/14655\/Logoopaginas-oficial.png\" alt=\"\" \/><\/p>\n","protected":false},"excerpt":{"rendered":"<p>NDA-U-PA1 Armario vigilancia 120VAC Los soportes de montaje y accesorios modulares para c\u00e1maras son una familia de soportes, adaptadores de montaje, placas de conexi\u00f3n para soportes colgantes y c\u00e1maras de vigilancia que se pueden utilizar con una amplia gama de c\u00e1maras de Bosch.\u00a0Los accesorios son&hellip;<\/p>\n","protected":false},"featured_media":7071,"comment_status":"open","ping_status":"closed","template":"","meta":{"om_disable_all_campaigns":false,"_monsterinsights_skip_tracking":false,"_monsterinsights_sitenote_active":false,"_monsterinsights_sitenote_note":"","_monsterinsights_sitenote_category":0},"product_brand":[],"product_cat":[637],"product_tag":[613,611,612,616,615,610,614,617],"class_list":{"0":"post-7072","1":"product","2":"type-product","3":"status-publish","4":"has-post-thumbnail","6":"product_cat-soporte-y-montaje-accesorios-bosch-video-vigilancia","7":"product_tag-bosch","8":"product_tag-manhattan","9":"product_tag-saxxon","10":"product_tag-surveon","11":"product_tag-utepo","12":"product_tag-videovigilancia","13":"product_tag-vivotek","14":"product_tag-zteco","16":"first","17":"instock","18":"sale","19":"taxable","20":"shipping-taxable","21":"purchasable","22":"product-type-simple"},"aioseo_notices":[],"_links":{"self":[{"href":"https:\/\/tecsecmty.com\/index.php\/wp-json\/wp\/v2\/product\/7072","targetHints":{"allow":["GET"]}}],"collection":[{"href":"https:\/\/tecsecmty.com\/index.php\/wp-json\/wp\/v2\/product"}],"about":[{"href":"https:\/\/tecsecmty.com\/index.php\/wp-json\/wp\/v2\/types\/product"}],"replies":[{"embeddable":true,"href":"https:\/\/tecsecmty.com\/index.php\/wp-json\/wp\/v2\/comments?post=7072"}],"version-history":[{"count":0,"href":"https:\/\/tecsecmty.com\/index.php\/wp-json\/wp\/v2\/product\/7072\/revisions"}],"wp:featuredmedia":[{"embeddable":true,"href":"https:\/\/tecsecmty.com\/index.php\/wp-json\/wp\/v2\/media\/7071"}],"wp:attachment":[{"href":"https:\/\/tecsecmty.com\/index.php\/wp-json\/wp\/v2\/media?parent=7072"}],"wp:term":[{"taxonomy":"product_brand","embeddable":true,"href":"https:\/\/tecsecmty.com\/index.php\/wp-json\/wp\/v2\/product_brand?post=7072"},{"taxonomy":"product_cat","embeddable":true,"href":"https:\/\/tecsecmty.com\/index.php\/wp-json\/wp\/v2\/product_cat?post=7072"},{"taxonomy":"product_tag","embeddable":true,"href":"https:\/\/tecsecmty.com\/index.php\/wp-json\/wp\/v2\/product_tag?post=7072"}],"curies":[{"name":"wp","href":"https:\/\/api.w.org\/{rel}","templated":true}]}}