{"id":7076,"date":"2023-02-23T16:04:19","date_gmt":"2023-02-23T22:04:19","guid":{"rendered":"https:\/\/tecsecmty.com\/index.php\/producto\/bosch-v_ndaupmas-adaptador-de-montaje-en-poste-small\/"},"modified":"2023-03-22T23:21:59","modified_gmt":"2023-03-23T05:21:59","slug":"bosch-v_ndaupmas-adaptador-de-montaje-en-poste-small","status":"publish","type":"product","link":"https:\/\/tecsecmty.com\/index.php\/producto\/bosch-v_ndaupmas-adaptador-de-montaje-en-poste-small\/","title":{"rendered":"BOSCH V_NDAUPMAS &#8211; Adaptador de montaje en poste SMALL"},"content":{"rendered":"<h5 class=\"card-title text-center\">NDA-U-PMAS Adaptador montaje poste peque\u00f1o<\/h5>\n<p class=\"ql-align-justify\"><strong>Los soportes de montaje y accesorios modulares<\/strong>\u00a0para c\u00e1maras son una familia de soportes, adaptadores de montaje, placas de conexi\u00f3n para soportes colgantes y c\u00e1maras de vigilancia que se pueden utilizar con una amplia gama de c\u00e1maras de Bosch. Los accesorios son f\u00e1ciles de instalar y se pueden combinar para simplificar la instalaci\u00f3n en distintas ubicaciones conservando un mismo aspecto.<\/p>\n<p class=\"ql-align-justify\"><strong>Funciones b\u00e1sicas<\/strong><\/p>\n<p class=\"ql-align-justify\"><strong>Adaptador para montaje en poste<\/strong><\/p>\n<p class=\"ql-align-justify\">Adaptador de montaje en poste compacto para la instalaci\u00f3n directa del soporte colgante de pared.<\/p>\n<p class=\"ql-align-justify\">Combinaciones de accesorios universales<\/p>\n<p class=\"ql-align-justify\">Es una soluci\u00f3n segura y robusta para montar c\u00e1maras junto con los accesorios siguientes:<\/p>\n<ul>\n<li class=\"ql-align-justify\">Soporte de pared colgante NDA-U-WMT.<\/li>\n<li class=\"ql-align-justify\">SMB para soporte de techo\/pared suspendido NDA-U-PSMB.<\/li>\n<\/ul>\n<p class=\"ql-align-justify\"><strong>Certificaciones y aprobaciones<\/strong><\/p>\n<p class=\"ql-align-justify\"><strong>Especificaciones ambientales<\/strong><\/p>\n<ul>\n<li class=\"ql-align-justify\">Niebla salina IEC60068-2-52.<\/li>\n<li class=\"ql-align-justify\">Vibraci\u00f3n NEMA TS2.<\/li>\n<li class=\"ql-align-justify\">Choque IEC60068-2-27.<\/li>\n<li class=\"ql-align-justify\">Impacto IK10.<\/li>\n<\/ul>\n<p class=\"ql-align-justify\">Piezas incluidas<\/p>\n<p class=\"ql-align-justify\">Cantida de Componentes<\/p>\n<ul>\n<li class=\"ql-align-justify\">1 Adaptador para montaje en poste peque\u00f1o.<\/li>\n<li class=\"ql-align-justify\">4 Tornillo de cabeza hexagonal M6 x 20.<\/li>\n<li class=\"ql-align-justify\">4 Arandela de resorte M6.<\/li>\n<li class=\"ql-align-justify\">4 Arandela M6.<\/li>\n<li class=\"ql-align-justify\">4 Tornillo de cabeza ovalada con ranura del n.\u00ba 6-32 x 1 pulg..<\/li>\n<li class=\"ql-align-justify\">2 Tira, inoxidable, 5 pies de longitud.<\/li>\n<li class=\"ql-align-justify\">2 Hebilla.<\/li>\n<li class=\"ql-align-justify\">1 Gu\u00eda de instalaci\u00f3n r\u00e1pida.<\/li>\n<\/ul>\n<p class=\"ql-align-justify\"><strong>Nota: NDA-U-PMAS Adaptador montaje poste peque\u00f1o Adaptador para montaje en poste peque\u00f1o Adaptador para montaje en poste universal, blanco, peque\u00f1o.<\/strong><\/p>\n<p class=\"ql-align-justify\"><strong>N\u00famero de pedido: NDA-U-PMAS.\u00a0<\/strong><\/p>\n<p class=\"ql-align-justify\"><strong>Principales Caracter\u00edsticas<\/strong><\/p>\n<ul>\n<li class=\"ql-align-justify\">Adaptador de montaje en poste compacto para la instalaci\u00f3n directa del soporte colgante de pared de Bosch.<\/li>\n<li class=\"ql-align-justify\">Dise\u00f1o modular para una instalaci\u00f3n r\u00e1pida y sencilla.<\/li>\n<li class=\"ql-align-justify\">Dise\u00f1o antivand\u00e1lico para el uso en interiores y exteriores.<\/li>\n<li class=\"ql-align-justify\">Acabado a prueba de intemperie para mantener el aspecto cosm\u00e9tico.<\/li>\n<\/ul>\n<p class=\"ql-align-justify\"><strong>Especificaciones<\/strong><\/p>\n<p class=\"ql-align-justify\"><strong>Mec\u00e1nicas<\/strong><\/p>\n<ul>\n<li class=\"ql-align-justify\">Dimensiones (An. x Al.) 129 x 152 mm (5,1 x 6,0 pulg.).<\/li>\n<li class=\"ql-align-justify\">Peso 508 g (1,12 libras).<\/li>\n<li class=\"ql-align-justify\">Color est\u00e1ndar Blanco (RAL 9003).<\/li>\n<li class=\"ql-align-justify\">Material de fabricaci\u00f3n Aleaci\u00f3n de aluminio.<\/li>\n<\/ul>\n<p><img decoding=\"async\" class=\"overview-center-img-\" src=\"https:\/\/tvc.mx\/media\/7944\/Logoopaginas-oficial.png\" alt=\"\" \/><\/p>\n","protected":false},"excerpt":{"rendered":"<p>NDA-U-PMAS Adaptador montaje poste peque\u00f1o Los soportes de montaje y accesorios modulares\u00a0para c\u00e1maras son una familia de soportes, adaptadores de montaje, placas de conexi\u00f3n para soportes colgantes y c\u00e1maras de vigilancia que se pueden utilizar con una amplia gama de c\u00e1maras de Bosch. Los accesorios&hellip;<\/p>\n","protected":false},"featured_media":7075,"comment_status":"open","ping_status":"closed","template":"","meta":{"om_disable_all_campaigns":false,"_monsterinsights_skip_tracking":false,"_monsterinsights_sitenote_active":false,"_monsterinsights_sitenote_note":"","_monsterinsights_sitenote_category":0},"product_brand":[],"product_cat":[637],"product_tag":[613,611,612,616,615,610,614,617],"class_list":{"0":"post-7076","1":"product","2":"type-product","3":"status-publish","4":"has-post-thumbnail","6":"product_cat-soporte-y-montaje-accesorios-bosch-video-vigilancia","7":"product_tag-bosch","8":"product_tag-manhattan","9":"product_tag-saxxon","10":"product_tag-surveon","11":"product_tag-utepo","12":"product_tag-videovigilancia","13":"product_tag-vivotek","14":"product_tag-zteco","16":"first","17":"instock","18":"sale","19":"taxable","20":"shipping-taxable","21":"purchasable","22":"product-type-simple"},"aioseo_notices":[],"_links":{"self":[{"href":"https:\/\/tecsecmty.com\/index.php\/wp-json\/wp\/v2\/product\/7076","targetHints":{"allow":["GET"]}}],"collection":[{"href":"https:\/\/tecsecmty.com\/index.php\/wp-json\/wp\/v2\/product"}],"about":[{"href":"https:\/\/tecsecmty.com\/index.php\/wp-json\/wp\/v2\/types\/product"}],"replies":[{"embeddable":true,"href":"https:\/\/tecsecmty.com\/index.php\/wp-json\/wp\/v2\/comments?post=7076"}],"version-history":[{"count":0,"href":"https:\/\/tecsecmty.com\/index.php\/wp-json\/wp\/v2\/product\/7076\/revisions"}],"wp:featuredmedia":[{"embeddable":true,"href":"https:\/\/tecsecmty.com\/index.php\/wp-json\/wp\/v2\/media\/7075"}],"wp:attachment":[{"href":"https:\/\/tecsecmty.com\/index.php\/wp-json\/wp\/v2\/media?parent=7076"}],"wp:term":[{"taxonomy":"product_brand","embeddable":true,"href":"https:\/\/tecsecmty.com\/index.php\/wp-json\/wp\/v2\/product_brand?post=7076"},{"taxonomy":"product_cat","embeddable":true,"href":"https:\/\/tecsecmty.com\/index.php\/wp-json\/wp\/v2\/product_cat?post=7076"},{"taxonomy":"product_tag","embeddable":true,"href":"https:\/\/tecsecmty.com\/index.php\/wp-json\/wp\/v2\/product_tag?post=7076"}],"curies":[{"name":"wp","href":"https:\/\/api.w.org\/{rel}","templated":true}]}}