{"id":7078,"date":"2023-02-23T16:04:21","date_gmt":"2023-02-23T22:04:21","guid":{"rendered":"https:\/\/tecsecmty.com\/index.php\/producto\/bosch-v_ndaupmt-soporte-tubo-colgante-de-31cm\/"},"modified":"2023-03-22T23:21:59","modified_gmt":"2023-03-23T05:21:59","slug":"bosch-v_ndaupmt-soporte-tubo-colgante-de-31cm","status":"publish","type":"product","link":"https:\/\/tecsecmty.com\/index.php\/producto\/bosch-v_ndaupmt-soporte-tubo-colgante-de-31cm\/","title":{"rendered":"BOSCH V_NDAUPMT &#8211; Soporte tubo colgante de 31CM"},"content":{"rendered":"<h5 class=\"card-title text-center\">NDA-U-PMT Soporte tubo colgante, 31cm<\/h5>\n<p class=\"ql-align-justify\">Los soportes de montaje y accesorios modulares para c\u00e1maras son una familia de soportes, adaptadores de montaje, placas de conexi\u00f3n para soportes colgantes y c\u00e1maras de vigilancia que se pueden utilizar con una amplia gama de c\u00e1maras de Bosch. Los accesorios son f\u00e1ciles de instalar y se pueden combinar para simplificar la instalaci\u00f3n en distintas ubicaciones conservando un mismo aspecto.<\/p>\n<p class=\"ql-align-justify\"><strong>Funciones b\u00e1sicas<\/strong><\/p>\n<p class=\"ql-align-justify\"><strong>Montaje colgante<\/strong><\/p>\n<p class=\"ql-align-justify\">El soporte para montaje colgante permite instalar una c\u00e1mara suspendida de un techo. Para techos altos, la longitud se puede ampliar mediante el uso de un tubo de ampliaci\u00f3n. El soporte contribuye a facilitar la gesti\u00f3n de los cables o se puede combinar con una caja de montaje superficial adicional para realizar conexiones con conductos.<\/p>\n<p class=\"ql-align-justify\"><strong>Combinaciones de accesorios universales<\/strong><\/p>\n<p class=\"ql-align-justify\">Es una soluci\u00f3n segura y resistente para montar c\u00e1maras directamente en un techo o para utilizarla en combinaci\u00f3n con:<\/p>\n<ul>\n<li class=\"ql-align-justify\">SMB para soporte de techo\/pared suspendido NDA-U- -PSMB.<\/li>\n<li class=\"ql-align-justify\">Caja de vigilancia NDA-U-PA0\/1\/2..<\/li>\n<li class=\"ql-align-justify\">Placa de montaje en pared NDA-U-WMP.<\/li>\n<\/ul>\n<p class=\"ql-align-justify\"><strong>Certificaciones y aprobaciones<\/strong><\/p>\n<p class=\"ql-align-justify\"><strong>Especificaciones ambientales<\/strong><\/p>\n<ul>\n<li class=\"ql-align-justify\">Niebla salina IEC60068-2-52.<\/li>\n<li class=\"ql-align-justify\">Vibraci\u00f3n NEMA TS2.<\/li>\n<li class=\"ql-align-justify\">Choque IEC60068-2-27.<\/li>\n<li class=\"ql-align-justify\">Impacto IK10.<\/li>\n<\/ul>\n<p class=\"ql-align-justify\"><strong>Piezas incluidas<\/strong><\/p>\n<p class=\"ql-align-justify\"><strong>Cantidad de Componente<\/strong><\/p>\n<ul>\n<li class=\"ql-align-justify\">1 Soporte de tubo.<\/li>\n<li class=\"ql-align-justify\">4 Tornillo Torx M5 x 16 mm de cabeza c\u00f3nica con revestimiento de cinc.<\/li>\n<li class=\"ql-align-justify\">1 Llave Torx T25.<\/li>\n<li class=\"ql-align-justify\">1 Cinta de sellado de rosca: cinta de tefl\u00f3n.<\/li>\n<li class=\"ql-align-justify\">1 Gu\u00eda de instalaci\u00f3n r\u00e1pida.<\/li>\n<\/ul>\n<p class=\"ql-align-justify\"><strong>Nota: NDA-U-PMT Soporte tubo colgante, 31cm Soporte de tubo universal para c\u00e1maras domo, 31 cm, blanco. N\u00famero de pedido: NDA-U-PMT.<\/strong><\/p>\n<p class=\"ql-align-justify\"><strong>Principales Caracter\u00edsticas<\/strong><\/p>\n<ul>\n<li class=\"ql-align-justify\">Soporte de tubo suspendido para la instalaci\u00f3n de una c\u00e1mara colgante.<\/li>\n<li class=\"ql-align-justify\">Dise\u00f1o modular para una instalaci\u00f3n r\u00e1pida y sencilla.<\/li>\n<li class=\"ql-align-justify\">Acabado a prueba de intemperie para mantener el aspecto cosm\u00e9tico.<\/li>\n<li class=\"ql-align-justify\">Dise\u00f1o antivand\u00e1lico para el uso en interiores y exteriores.<\/li>\n<\/ul>\n<p class=\"ql-align-justify\"><strong>Especificaciones<\/strong><\/p>\n<p class=\"ql-align-justify\">Mec\u00e1nicas<\/p>\n<ul>\n<li class=\"ql-align-justify\">Dimensiones (con abrazadera de montaje) \u03a6 101,5 mm (4 pulg.), L = 334 mm (13,2 pulg.).<\/li>\n<li class=\"ql-align-justify\">Peso 689 g (1,52 libras).<\/li>\n<li class=\"ql-align-justify\">Color est\u00e1ndar Blanco (RAL 9003).<\/li>\n<li class=\"ql-align-justify\">Material de fabricaci\u00f3n Aleaci\u00f3n de aluminio.<\/li>\n<\/ul>\n<p><img decoding=\"async\" class=\"overview-center-img-\" src=\"https:\/\/tvc.mx\/media\/7963\/Logoopaginas-oficial.png\" alt=\"\" \/><\/p>\n","protected":false},"excerpt":{"rendered":"<p>NDA-U-PMT Soporte tubo colgante, 31cm Los soportes de montaje y accesorios modulares para c\u00e1maras son una familia de soportes, adaptadores de montaje, placas de conexi\u00f3n para soportes colgantes y c\u00e1maras de vigilancia que se pueden utilizar con una amplia gama de c\u00e1maras de Bosch. Los&hellip;<\/p>\n","protected":false},"featured_media":7077,"comment_status":"open","ping_status":"closed","template":"","meta":{"om_disable_all_campaigns":false,"_monsterinsights_skip_tracking":false,"_monsterinsights_sitenote_active":false,"_monsterinsights_sitenote_note":"","_monsterinsights_sitenote_category":0},"product_brand":[],"product_cat":[637],"product_tag":[613,611,612,616,615,610,614,617],"class_list":{"0":"post-7078","1":"product","2":"type-product","3":"status-publish","4":"has-post-thumbnail","6":"product_cat-soporte-y-montaje-accesorios-bosch-video-vigilancia","7":"product_tag-bosch","8":"product_tag-manhattan","9":"product_tag-saxxon","10":"product_tag-surveon","11":"product_tag-utepo","12":"product_tag-videovigilancia","13":"product_tag-vivotek","14":"product_tag-zteco","16":"first","17":"instock","18":"sale","19":"taxable","20":"shipping-taxable","21":"purchasable","22":"product-type-simple"},"aioseo_notices":[],"_links":{"self":[{"href":"https:\/\/tecsecmty.com\/index.php\/wp-json\/wp\/v2\/product\/7078","targetHints":{"allow":["GET"]}}],"collection":[{"href":"https:\/\/tecsecmty.com\/index.php\/wp-json\/wp\/v2\/product"}],"about":[{"href":"https:\/\/tecsecmty.com\/index.php\/wp-json\/wp\/v2\/types\/product"}],"replies":[{"embeddable":true,"href":"https:\/\/tecsecmty.com\/index.php\/wp-json\/wp\/v2\/comments?post=7078"}],"version-history":[{"count":0,"href":"https:\/\/tecsecmty.com\/index.php\/wp-json\/wp\/v2\/product\/7078\/revisions"}],"wp:featuredmedia":[{"embeddable":true,"href":"https:\/\/tecsecmty.com\/index.php\/wp-json\/wp\/v2\/media\/7077"}],"wp:attachment":[{"href":"https:\/\/tecsecmty.com\/index.php\/wp-json\/wp\/v2\/media?parent=7078"}],"wp:term":[{"taxonomy":"product_brand","embeddable":true,"href":"https:\/\/tecsecmty.com\/index.php\/wp-json\/wp\/v2\/product_brand?post=7078"},{"taxonomy":"product_cat","embeddable":true,"href":"https:\/\/tecsecmty.com\/index.php\/wp-json\/wp\/v2\/product_cat?post=7078"},{"taxonomy":"product_tag","embeddable":true,"href":"https:\/\/tecsecmty.com\/index.php\/wp-json\/wp\/v2\/product_tag?post=7078"}],"curies":[{"name":"wp","href":"https:\/\/api.w.org\/{rel}","templated":true}]}}