{"id":7082,"date":"2023-02-23T16:04:25","date_gmt":"2023-02-23T22:04:25","guid":{"rendered":"https:\/\/tecsecmty.com\/index.php\/producto\/bosch-v_ndaupsmb-caja-de-montaje-en-superficie-smb-para-montaje-en-pared-o-tuberia\/"},"modified":"2023-03-22T23:21:59","modified_gmt":"2023-03-23T05:21:59","slug":"bosch-v_ndaupsmb-caja-de-montaje-en-superficie-smb-para-montaje-en-pared-o-tuberia","status":"publish","type":"product","link":"https:\/\/tecsecmty.com\/index.php\/producto\/bosch-v_ndaupsmb-caja-de-montaje-en-superficie-smb-para-montaje-en-pared-o-tuberia\/","title":{"rendered":"BOSCH V_NDAUPSMB &#8211; Caja de montaje en superficie SMB para montaje en pared o tuberia"},"content":{"rendered":"<h5 class=\"card-title text-center\">NDA-U-PSMB SMB para soporte colgante mural\/techo<\/h5>\n<p class=\"ql-align-justify\"><strong>Los soportes de montaje<\/strong>\u00a0y accesorios modulares para c\u00e1maras son una familia de soportes, adaptadores de montaje, placas de conexi\u00f3n para soportes colgantes y c\u00e1maras de vigilancia que se pueden utilizar con una amplia gama de c\u00e1maras de Bosch. Los accesorios son f\u00e1ciles de instalar y se pueden combinar para simplificar la instalaci\u00f3n en distintas ubicaciones conservando un mismo aspecto.<\/p>\n<p class=\"ql-align-justify\"><strong>Funciones b\u00e1sicas<\/strong><\/p>\n<p class=\"ql-align-justify\">La caja de montaje en superficie colgante permite instalar el soporte colgante o colgante de pared con conductos (M25 o 3\/4&#8243;). Es una soluci\u00f3n segura y resistente para montar c\u00e1maras directamente en un techo o para utilizarla en combinaci\u00f3n con:<\/p>\n<ul>\n<li class=\"ql-align-justify\">Adaptador para montaje en esquina NDA-U-CMT.<\/li>\n<li class=\"ql-align-justify\">Adaptador para montaje en poste NDA-U-PMAS peque\u00f1o.<\/li>\n<li class=\"ql-align-justify\">Adaptador para montaje en poste grande NDA-U- -PMAL.<\/li>\n<\/ul>\n<p class=\"ql-align-justify\"><strong>Certificaciones y aprobaciones<\/strong><\/p>\n<p class=\"ql-align-justify\"><strong>Especificaciones ambientales<\/strong><\/p>\n<ul>\n<li class=\"ql-align-justify\">Niebla salina IEC60068-2-52.<\/li>\n<li class=\"ql-align-justify\">Vibraci\u00f3n NEMA TS2.<\/li>\n<li class=\"ql-align-justify\">Choque IEC60068-2-27 Impacto IK10.<\/li>\n<\/ul>\n<p class=\"ql-align-justify\"><strong>Piezas incluidas<\/strong><\/p>\n<ul>\n<li class=\"ql-align-justify\">1 SMB para soporte de pared o de techo suspendido.<\/li>\n<li class=\"ql-align-justify\">4 Tornillo Torx M5 x 16 mm de cabeza c\u00f3nica con revestimiento de cinc.<\/li>\n<li class=\"ql-align-justify\">1 Tap\u00f3n de conducto de goma.<\/li>\n<li class=\"ql-align-justify\">1 Gu\u00eda de instalaci\u00f3n r\u00e1pida.<\/li>\n<\/ul>\n<p class=\"ql-align-justify\"><strong>Nota: NDA-U-PSMB SMB para soporte colgante mural\/techo Caja de montaje en superficie (SMB) para montaje en pared o montaje en techo. N\u00famero de pedido: NDA-U-PSMB.<\/strong><\/p>\n<p class=\"ql-align-justify\"><strong>Principales\u00a0<\/strong><strong>Caracter\u00edsticas<\/strong><\/p>\n<ul>\n<li class=\"ql-align-justify\">Caja de montaje en superficie (SMB) para soporte colgante o colgante para pared.<\/li>\n<li class=\"ql-align-justify\">Permite la instalaci\u00f3n con un conducto (M25 o \u00be\u00bb).<\/li>\n<li class=\"ql-align-justify\">Dise\u00f1o modular para una instalaci\u00f3n r\u00e1pida y sencilla.<\/li>\n<li class=\"ql-align-justify\">Acabado a prueba de intemperie para mantener el aspecto cosm\u00e9tico.<\/li>\n<li class=\"ql-align-justify\">Dise\u00f1o antivand\u00e1lico para el uso en interiores y exteriores.<\/li>\n<\/ul>\n<p class=\"ql-align-justify\"><strong>Especificaciones<\/strong><\/p>\n<p class=\"ql-align-justify\"><strong>Mec\u00e1nicas<\/strong><\/p>\n<ul>\n<li class=\"ql-align-justify\">Dimensiones \u03a6 138 mm (5,4 pulg.), H = 50 mm (2,0 pulg.).<\/li>\n<li class=\"ql-align-justify\">Peso 428 g (0,94 libras).<\/li>\n<li class=\"ql-align-justify\">Color est\u00e1ndar Blanco (RAL 9003).<\/li>\n<li class=\"ql-align-justify\">Material de fabricaci\u00f3n: Aleaci\u00f3n de aluminio.<\/li>\n<\/ul>\n<p><img decoding=\"async\" class=\"overview-center-img-\" src=\"https:\/\/tvc.mx\/media\/7801\/Logoopaginas-oficial.png\" alt=\"\" \/><\/p>\n","protected":false},"excerpt":{"rendered":"<p>NDA-U-PSMB SMB para soporte colgante mural\/techo Los soportes de montaje\u00a0y accesorios modulares para c\u00e1maras son una familia de soportes, adaptadores de montaje, placas de conexi\u00f3n para soportes colgantes y c\u00e1maras de vigilancia que se pueden utilizar con una amplia gama de c\u00e1maras de Bosch. Los&hellip;<\/p>\n","protected":false},"featured_media":7081,"comment_status":"open","ping_status":"closed","template":"","meta":{"om_disable_all_campaigns":false,"_monsterinsights_skip_tracking":false,"_monsterinsights_sitenote_active":false,"_monsterinsights_sitenote_note":"","_monsterinsights_sitenote_category":0},"product_brand":[],"product_cat":[637],"product_tag":[613,611,612,616,615,610,614,617],"class_list":{"0":"post-7082","1":"product","2":"type-product","3":"status-publish","4":"has-post-thumbnail","6":"product_cat-soporte-y-montaje-accesorios-bosch-video-vigilancia","7":"product_tag-bosch","8":"product_tag-manhattan","9":"product_tag-saxxon","10":"product_tag-surveon","11":"product_tag-utepo","12":"product_tag-videovigilancia","13":"product_tag-vivotek","14":"product_tag-zteco","16":"first","17":"instock","18":"sale","19":"taxable","20":"shipping-taxable","21":"purchasable","22":"product-type-simple"},"aioseo_notices":[],"_links":{"self":[{"href":"https:\/\/tecsecmty.com\/index.php\/wp-json\/wp\/v2\/product\/7082","targetHints":{"allow":["GET"]}}],"collection":[{"href":"https:\/\/tecsecmty.com\/index.php\/wp-json\/wp\/v2\/product"}],"about":[{"href":"https:\/\/tecsecmty.com\/index.php\/wp-json\/wp\/v2\/types\/product"}],"replies":[{"embeddable":true,"href":"https:\/\/tecsecmty.com\/index.php\/wp-json\/wp\/v2\/comments?post=7082"}],"version-history":[{"count":0,"href":"https:\/\/tecsecmty.com\/index.php\/wp-json\/wp\/v2\/product\/7082\/revisions"}],"wp:featuredmedia":[{"embeddable":true,"href":"https:\/\/tecsecmty.com\/index.php\/wp-json\/wp\/v2\/media\/7081"}],"wp:attachment":[{"href":"https:\/\/tecsecmty.com\/index.php\/wp-json\/wp\/v2\/media?parent=7082"}],"wp:term":[{"taxonomy":"product_brand","embeddable":true,"href":"https:\/\/tecsecmty.com\/index.php\/wp-json\/wp\/v2\/product_brand?post=7082"},{"taxonomy":"product_cat","embeddable":true,"href":"https:\/\/tecsecmty.com\/index.php\/wp-json\/wp\/v2\/product_cat?post=7082"},{"taxonomy":"product_tag","embeddable":true,"href":"https:\/\/tecsecmty.com\/index.php\/wp-json\/wp\/v2\/product_tag?post=7082"}],"curies":[{"name":"wp","href":"https:\/\/api.w.org\/{rel}","templated":true}]}}