{"id":7084,"date":"2023-02-23T16:04:27","date_gmt":"2023-02-23T22:04:27","guid":{"rendered":"https:\/\/tecsecmty.com\/index.php\/producto\/bosch-v_ndaurmt-soporte-parapeto-colgante-compatible-ptz\/"},"modified":"2023-03-22T23:22:00","modified_gmt":"2023-03-23T05:22:00","slug":"bosch-v_ndaurmt-soporte-parapeto-colgante-compatible-ptz","status":"publish","type":"product","link":"https:\/\/tecsecmty.com\/index.php\/producto\/bosch-v_ndaurmt-soporte-parapeto-colgante-compatible-ptz\/","title":{"rendered":"BOSCH V_NDAURMT &#8211; Soporte parapeto colgante \/ Compatible PTZ"},"content":{"rendered":"<h5 class=\"card-title text-center\">NDA-U-RMT Soporte parapeto colgante<\/h5>\n<p class=\"ql-align-justify\"><strong>Los soportes de montaje<\/strong>\u00a0y accesorios modulares para c\u00e1maras son una familia de soportes, adaptadores de montaje, placas de conexi\u00f3n para soportes colgantes y c\u00e1maras de vigilancia que se pueden utilizar con una amplia gama de c\u00e1maras de Bosch. Los accesorios son f\u00e1ciles de instalar y se pueden combinar para simplificar la instalaci\u00f3n en distintas ubicaciones conservando un mismo aspecto.<\/p>\n<p class=\"ql-align-justify\"><strong>Funciones b\u00e1sicas<\/strong><\/p>\n<p class=\"ql-align-justify\"><strong>Soporte para colgante en azotea<\/strong><\/p>\n<p class=\"ql-align-justify\"><strong>El soporte de montaje en azotea\u00a0<\/strong>se puede utilizar para instalar las c\u00e1maras en azoteas, bordes de balcones o laterales de puentes. Estos soportes de montaje se ajustan al interior o el exterior de una pared adecuada y se pueden girar para facilitar la colocaci\u00f3n y el mantenimiento de las c\u00e1maras. Existe un adaptador de montaje opcional para tejado plano\u00a0<strong>(LTC9230\/01<\/strong>) para el montaje sobre una superficie plana. El soporte de azotea puede girar para conseguir flexibilidad para una instalaci\u00f3n segura y sencilla de la c\u00e1mara en un techo.<\/p>\n<p class=\"ql-align-justify\"><strong>Certificaciones y aprobaciones<\/strong><\/p>\n<p class=\"ql-align-justify\"><strong>Especificaciones ambientales<\/strong><\/p>\n<ul>\n<li class=\"ql-align-justify\">Niebla salina IEC60068-2-52.<\/li>\n<li class=\"ql-align-justify\">Impacto IK10.<\/li>\n<\/ul>\n<p class=\"ql-align-justify\"><strong>Piezas incluidas<\/strong><\/p>\n<ul>\n<li class=\"ql-align-justify\">1 Soporte de montaje.<\/li>\n<li class=\"ql-align-justify\">1 Gu\u00eda de instalaci\u00f3n r\u00e1pida.<\/li>\n<\/ul>\n<p class=\"ql-align-justify\"><strong>Nota: NDA-U-RMT Soporte parapeto colgante Soporte de techo universal para c\u00e1maras domo, blanco. N\u00famero de pedido: NDA-U-RMT.<\/strong><\/p>\n<p class=\"ql-align-justify\"><strong>Principales Caracter\u00edsticas<\/strong><\/p>\n<ul>\n<li class=\"ql-align-justify\">Instalaci\u00f3n de c\u00e1maras en azoteas, bordes de balcones o laterales de puentes.<\/li>\n<li class=\"ql-align-justify\">Se puede girar para facilitar el posicionamiento y la reparaci\u00f3n.<\/li>\n<li class=\"ql-align-justify\">Dise\u00f1o modular para una instalaci\u00f3n r\u00e1pida y sencilla.<\/li>\n<li class=\"ql-align-justify\">Acabado a prueba de intemperie para mantener el aspecto cosm\u00e9tico.<\/li>\n<li class=\"ql-align-justify\">Dise\u00f1o antivand\u00e1lico para el uso en interiores y exteriores.<\/li>\n<\/ul>\n<p class=\"ql-align-justify\"><strong>Especificaciones<\/strong><\/p>\n<p class=\"ql-align-justify\"><strong>Mec\u00e1nicas<\/strong><\/p>\n<ul>\n<li class=\"ql-align-justify\">Dimensiones de la placa de montaje 279 x 346 mm (11 x 13,6 pulg.).<\/li>\n<li class=\"ql-align-justify\">Dimensiones del brazo (An. x Al.): 1069 x 1064 mm (42,1 x 41,9 pulg.).<\/li>\n<li class=\"ql-align-justify\">Peso 8000 g (17,64 libras).<\/li>\n<\/ul>\n<p><img decoding=\"async\" class=\"overview-center-img-\" src=\"https:\/\/tvc.mx\/media\/7813\/Logoopaginas-oficial.png\" alt=\"\" \/><\/p>\n","protected":false},"excerpt":{"rendered":"<p>NDA-U-RMT Soporte parapeto colgante Los soportes de montaje\u00a0y accesorios modulares para c\u00e1maras son una familia de soportes, adaptadores de montaje, placas de conexi\u00f3n para soportes colgantes y c\u00e1maras de vigilancia que se pueden utilizar con una amplia gama de c\u00e1maras de Bosch. Los accesorios son&hellip;<\/p>\n","protected":false},"featured_media":7083,"comment_status":"open","ping_status":"closed","template":"","meta":{"om_disable_all_campaigns":false,"_monsterinsights_skip_tracking":false,"_monsterinsights_sitenote_active":false,"_monsterinsights_sitenote_note":"","_monsterinsights_sitenote_category":0},"product_brand":[],"product_cat":[637],"product_tag":[613,611,612,616,615,610,614,617],"class_list":{"0":"post-7084","1":"product","2":"type-product","3":"status-publish","4":"has-post-thumbnail","6":"product_cat-soporte-y-montaje-accesorios-bosch-video-vigilancia","7":"product_tag-bosch","8":"product_tag-manhattan","9":"product_tag-saxxon","10":"product_tag-surveon","11":"product_tag-utepo","12":"product_tag-videovigilancia","13":"product_tag-vivotek","14":"product_tag-zteco","16":"first","17":"instock","18":"sale","19":"taxable","20":"shipping-taxable","21":"purchasable","22":"product-type-simple"},"aioseo_notices":[],"_links":{"self":[{"href":"https:\/\/tecsecmty.com\/index.php\/wp-json\/wp\/v2\/product\/7084","targetHints":{"allow":["GET"]}}],"collection":[{"href":"https:\/\/tecsecmty.com\/index.php\/wp-json\/wp\/v2\/product"}],"about":[{"href":"https:\/\/tecsecmty.com\/index.php\/wp-json\/wp\/v2\/types\/product"}],"replies":[{"embeddable":true,"href":"https:\/\/tecsecmty.com\/index.php\/wp-json\/wp\/v2\/comments?post=7084"}],"version-history":[{"count":0,"href":"https:\/\/tecsecmty.com\/index.php\/wp-json\/wp\/v2\/product\/7084\/revisions"}],"wp:featuredmedia":[{"embeddable":true,"href":"https:\/\/tecsecmty.com\/index.php\/wp-json\/wp\/v2\/media\/7083"}],"wp:attachment":[{"href":"https:\/\/tecsecmty.com\/index.php\/wp-json\/wp\/v2\/media?parent=7084"}],"wp:term":[{"taxonomy":"product_brand","embeddable":true,"href":"https:\/\/tecsecmty.com\/index.php\/wp-json\/wp\/v2\/product_brand?post=7084"},{"taxonomy":"product_cat","embeddable":true,"href":"https:\/\/tecsecmty.com\/index.php\/wp-json\/wp\/v2\/product_cat?post=7084"},{"taxonomy":"product_tag","embeddable":true,"href":"https:\/\/tecsecmty.com\/index.php\/wp-json\/wp\/v2\/product_tag?post=7084"}],"curies":[{"name":"wp","href":"https:\/\/api.w.org\/{rel}","templated":true}]}}