{"id":7086,"date":"2023-02-23T16:04:29","date_gmt":"2023-02-23T22:04:29","guid":{"rendered":"https:\/\/tecsecmty.com\/index.php\/producto\/bosch-v_ndauwmp-placa-para-montaje-en-pared-ip66-color-blanco\/"},"modified":"2023-03-22T23:22:00","modified_gmt":"2023-03-23T05:22:00","slug":"bosch-v_ndauwmp-placa-para-montaje-en-pared-ip66-color-blanco","status":"publish","type":"product","link":"https:\/\/tecsecmty.com\/index.php\/producto\/bosch-v_ndauwmp-placa-para-montaje-en-pared-ip66-color-blanco\/","title":{"rendered":"BOSCH V_NDAUWMP &#8211; Placa para montaje en pared \/ IP66 \/ Color blanco"},"content":{"rendered":"<h5 class=\"card-title text-center\">NDA-U-WMP Placa montaje mural<\/h5>\n<p>Los soportes de montaje y accesorios modulares para c\u00e1maras son una familia de soportes, adaptadores de montaje, placas de conexi\u00f3n para soportes colgantes y c\u00e1maras de vigilancia que se pueden utilizar con una amplia gama de c\u00e1maras de Bosch. Los accesorios son f\u00e1ciles de instalar y se pueden combinar para simplificar la instalaci\u00f3n en distintas ubicaciones conservando un mismo aspecto.<\/p>\n<p><strong>Funciones b\u00e1sicas<\/strong><\/p>\n<p><strong>Placa de montaje en pared<\/strong><\/p>\n<p>La placa de montaje en pared permite la instalaci\u00f3n a prueba de intemperie (<strong>IP66<\/strong>) de las variantes para exterior y con infrarrojos de\u00a0<strong>AUTODOME IP 5000i. Es una soluci\u00f3n segura y resistente para montar c\u00e1maras directamente en una pared, un techo o junto con los accesorios siguientes:<\/strong><\/p>\n<ul>\n<li>Adaptador para montaje en esquina NDA-U-CMT.<\/li>\n<li>Adaptador para montaje en poste grande NDA-U- -PMAL.<\/li>\n<\/ul>\n<p><strong>Certificaciones y aprobaciones<\/strong><\/p>\n<p><strong>Especificaciones ambientales<\/strong><\/p>\n<ul>\n<li>Niebla salina IEC60068-2-52.<\/li>\n<li>Impacto IK10.<\/li>\n<li>\u00cdndice de protecci\u00f3n frente a entrada IP66.<\/li>\n<\/ul>\n<p><strong>Piezas incluidas<\/strong><\/p>\n<ul>\n<li>Placa de montaje en pared.<\/li>\n<li>1 Gu\u00eda de instalaci\u00f3n r\u00e1pida.<\/li>\n<\/ul>\n<p><strong>Principales Caracter\u00edsticas<\/strong><\/p>\n<ul>\n<li>Permite la instalaci\u00f3n resistente a la intemperie (IP66) para exteriores y variantes infrarrojas de AUTODOME IP 5000i.<\/li>\n<li>Dise\u00f1o modular para una instalaci\u00f3n r\u00e1pida y sencilla.<\/li>\n<li>Acabado a prueba de intemperie para mantener el aspecto cosm\u00e9tico.<\/li>\n<li>Dise\u00f1o antivand\u00e1lico para el uso en interiores y exteriores.<\/li>\n<\/ul>\n<p><strong>Especificaciones<\/strong><\/p>\n<p><strong>Mec\u00e1nicas<\/strong><\/p>\n<ul>\n<li>Dimensiones (An. x Al. x Pr.): 170 x 216 x 47 mm (6,7 x 8,5 x 1,9 pulg.).<\/li>\n<li>Peso 1425 g (3,14 libras).<\/li>\n<li>Color est\u00e1ndar Blanco (RAL 9003).<\/li>\n<li>Material de fabricaci\u00f3n: Aleaci\u00f3n de aluminio.<\/li>\n<\/ul>\n<p><img decoding=\"async\" class=\"overview-center-img-\" src=\"https:\/\/tvc.mx\/media\/7778\/Logoopaginas-oficial.png\" alt=\"\" \/><\/p>\n","protected":false},"excerpt":{"rendered":"<p>NDA-U-WMP Placa montaje mural Los soportes de montaje y accesorios modulares para c\u00e1maras son una familia de soportes, adaptadores de montaje, placas de conexi\u00f3n para soportes colgantes y c\u00e1maras de vigilancia que se pueden utilizar con una amplia gama de c\u00e1maras de Bosch. Los accesorios&hellip;<\/p>\n","protected":false},"featured_media":7085,"comment_status":"open","ping_status":"closed","template":"","meta":{"om_disable_all_campaigns":false,"_monsterinsights_skip_tracking":false,"_monsterinsights_sitenote_active":false,"_monsterinsights_sitenote_note":"","_monsterinsights_sitenote_category":0},"product_brand":[],"product_cat":[637],"product_tag":[613,611,612,616,615,610,614,617],"class_list":{"0":"post-7086","1":"product","2":"type-product","3":"status-publish","4":"has-post-thumbnail","6":"product_cat-soporte-y-montaje-accesorios-bosch-video-vigilancia","7":"product_tag-bosch","8":"product_tag-manhattan","9":"product_tag-saxxon","10":"product_tag-surveon","11":"product_tag-utepo","12":"product_tag-videovigilancia","13":"product_tag-vivotek","14":"product_tag-zteco","16":"first","17":"instock","18":"sale","19":"taxable","20":"shipping-taxable","21":"purchasable","22":"product-type-simple"},"aioseo_notices":[],"_links":{"self":[{"href":"https:\/\/tecsecmty.com\/index.php\/wp-json\/wp\/v2\/product\/7086","targetHints":{"allow":["GET"]}}],"collection":[{"href":"https:\/\/tecsecmty.com\/index.php\/wp-json\/wp\/v2\/product"}],"about":[{"href":"https:\/\/tecsecmty.com\/index.php\/wp-json\/wp\/v2\/types\/product"}],"replies":[{"embeddable":true,"href":"https:\/\/tecsecmty.com\/index.php\/wp-json\/wp\/v2\/comments?post=7086"}],"version-history":[{"count":0,"href":"https:\/\/tecsecmty.com\/index.php\/wp-json\/wp\/v2\/product\/7086\/revisions"}],"wp:featuredmedia":[{"embeddable":true,"href":"https:\/\/tecsecmty.com\/index.php\/wp-json\/wp\/v2\/media\/7085"}],"wp:attachment":[{"href":"https:\/\/tecsecmty.com\/index.php\/wp-json\/wp\/v2\/media?parent=7086"}],"wp:term":[{"taxonomy":"product_brand","embeddable":true,"href":"https:\/\/tecsecmty.com\/index.php\/wp-json\/wp\/v2\/product_brand?post=7086"},{"taxonomy":"product_cat","embeddable":true,"href":"https:\/\/tecsecmty.com\/index.php\/wp-json\/wp\/v2\/product_cat?post=7086"},{"taxonomy":"product_tag","embeddable":true,"href":"https:\/\/tecsecmty.com\/index.php\/wp-json\/wp\/v2\/product_tag?post=7086"}],"curies":[{"name":"wp","href":"https:\/\/api.w.org\/{rel}","templated":true}]}}