{"id":7088,"date":"2023-02-23T16:04:31","date_gmt":"2023-02-23T22:04:31","guid":{"rendered":"https:\/\/tecsecmty.com\/index.php\/producto\/bosch-v_ndauwmt-soporte-de-pared-colgante-compatible-para-camara-domo\/"},"modified":"2023-03-22T23:22:00","modified_gmt":"2023-03-23T05:22:00","slug":"bosch-v_ndauwmt-soporte-de-pared-colgante-compatible-para-camara-domo","status":"publish","type":"product","link":"https:\/\/tecsecmty.com\/index.php\/producto\/bosch-v_ndauwmt-soporte-de-pared-colgante-compatible-para-camara-domo\/","title":{"rendered":"BOSCH V_NDAUWMT &#8211; Soporte de pared colgante \/ Compatible para camara domo"},"content":{"rendered":"<h5 class=\"card-title text-center\">NDA-U-WMT Montaje mural colgante<\/h5>\n<p class=\"ql-align-justify\"><strong>Los soportes de montaje y accesorios modulares para c\u00e1maras son una familia de soportes, adaptadores de montaje, placas de conexi\u00f3n para soportes colgantes y c\u00e1maras de vigilancia que se pueden utilizar con una amplia gama de c\u00e1maras de Bosch.\u00a0<\/strong>Los accesorios son f\u00e1ciles de instalar y se pueden combinar para simplificar la instalaci\u00f3n en distintas ubicaciones conservando un mismo aspecto.<\/p>\n<p class=\"ql-align-justify\"><strong>Funciones Montaje en pared<\/strong><\/p>\n<p class=\"ql-align-justify\"><strong>El soporte de pared colgante admite varias formas de instalaci\u00f3n, incluida la instalaci\u00f3n directa en la pared, un poste o un esquina mediante un adaptador adecuado.<\/strong>\u00a0La funci\u00f3n de giro integrado garantiza que la c\u00e1mara instalada siempre quede nivelada. El soporte facilita la gesti\u00f3n de cables o se puede combinar con cajas de montaje superficial adicionales para acomodar conexiones por conductos.<\/p>\n<p class=\"ql-align-justify\">Es una soluci\u00f3n segura y resistente para montar c\u00e1maras directamente en una pared o un techo en combinaci\u00f3n con los accesorios siguientes:<\/p>\n<ul>\n<li class=\"ql-align-justify\">SMB para soporte de techo\/pared suspendido NDA-U-SMB.<\/li>\n<li class=\"ql-align-justify\">Caja de vigilancia NDA-U-PA0\/1\/2.<\/li>\n<li class=\"ql-align-justify\">Placa de montaje en pared NDA-U-WMP.<\/li>\n<li class=\"ql-align-justify\">Adaptador para montaje en esquina NDA-U-CMT.<\/li>\n<li class=\"ql-align-justify\">Adaptador para montaje en poste grande NDA-U- -PMAL.<\/li>\n<li class=\"ql-align-justify\">Adaptador para montaje en poste NDA-U-PMAs peque\u00f1o.<\/li>\n<\/ul>\n<p class=\"ql-align-justify\"><strong>Certificaciones y aprobaciones<\/strong><\/p>\n<p class=\"ql-align-justify\"><strong>Especificaciones ambientales<\/strong><\/p>\n<ul>\n<li class=\"ql-align-justify\">Niebla salina IEC60068-2-52<\/li>\n<li class=\"ql-align-justify\">Vibraci\u00f3n NEMA TS2.<\/li>\n<li class=\"ql-align-justify\">Choque IEC60068-2-27.<\/li>\n<li class=\"ql-align-justify\">Impacto IK10.<\/li>\n<\/ul>\n<p class=\"ql-align-justify\"><strong>Piezas incluidas<\/strong><\/p>\n<ul>\n<li class=\"ql-align-justify\">1 Soporte de pared.<\/li>\n<li class=\"ql-align-justify\">4 Tornillo Torx M5 x 16 mm de cabeza c\u00f3nica con revestimiento de cinc.<\/li>\n<li class=\"ql-align-justify\">1 Cinta de sellado de rosca: cinta de tefl\u00f3n.<\/li>\n<li class=\"ql-align-justify\">1 Tap\u00f3n de goma IP.<\/li>\n<li class=\"ql-align-justify\">1 Llave Torx T25.<\/li>\n<li class=\"ql-align-justify\">1 Gu\u00eda de instalaci\u00f3n r\u00e1pida.<\/li>\n<\/ul>\n<p class=\"ql-align-justify\"><strong>Nota: NDA-U-WMT Montaje mural colgante<\/strong><\/p>\n<p class=\"ql-align-justify\"><strong>Soporte de pared universal para c\u00e1maras domo, blanco.<\/strong><\/p>\n<p class=\"ql-align-justify\"><strong>N\u00famero de pedido: NDA-U-WMT.<\/strong><\/p>\n<p class=\"ql-align-justify\"><strong>Principales Caracter\u00edsticas<\/strong><\/p>\n<ul>\n<li class=\"ql-align-justify\">La funci\u00f3n de giro integrada garantiza que la c\u00e1mara siempre est\u00e9 perfectamente nivelada.<\/li>\n<li class=\"ql-align-justify\">Dise\u00f1o modular para una instalaci\u00f3n r\u00e1pida y sencilla.<\/li>\n<li class=\"ql-align-justify\">Acabado a prueba de intemperie para mantener el aspecto cosm\u00e9tico.<\/li>\n<li class=\"ql-align-justify\">Dise\u00f1o antivand\u00e1lico para el uso en interiores y exteriores.<\/li>\n<\/ul>\n<p class=\"ql-align-justify\"><strong>Especificaciones<\/strong><\/p>\n<p class=\"ql-align-justify\"><strong>Mec\u00e1nicas<\/strong><\/p>\n<ul>\n<li class=\"ql-align-justify\">Dimensiones (placa de conexi\u00f3n) \u03a6 101,5 mm (4 pulg.)<\/li>\n<li class=\"ql-align-justify\">Dimensiones (An. x Al.) 227,4 x 155,7 mm (9 x 6,1 pulg.)<\/li>\n<li class=\"ql-align-justify\">Peso 650 g (1,43 libras).<\/li>\n<li class=\"ql-align-justify\">Color est\u00e1ndar Blanco (RAL 9003).<\/li>\n<li class=\"ql-align-justify\">Material de fabricaci\u00f3n Aleaci\u00f3n de aluminio.<\/li>\n<\/ul>\n<p><img decoding=\"async\" class=\"overview-center-img-\" src=\"https:\/\/tvc.mx\/media\/14514\/Logoopaginas-oficial.png\" alt=\"\" \/><\/p>\n","protected":false},"excerpt":{"rendered":"<p>NDA-U-WMT Montaje mural colgante Los soportes de montaje y accesorios modulares para c\u00e1maras son una familia de soportes, adaptadores de montaje, placas de conexi\u00f3n para soportes colgantes y c\u00e1maras de vigilancia que se pueden utilizar con una amplia gama de c\u00e1maras de Bosch.\u00a0Los accesorios son&hellip;<\/p>\n","protected":false},"featured_media":7087,"comment_status":"open","ping_status":"closed","template":"","meta":{"om_disable_all_campaigns":false,"_monsterinsights_skip_tracking":false,"_monsterinsights_sitenote_active":false,"_monsterinsights_sitenote_note":"","_monsterinsights_sitenote_category":0},"product_brand":[],"product_cat":[637],"product_tag":[613,611,612,616,615,610,614,617],"class_list":{"0":"post-7088","1":"product","2":"type-product","3":"status-publish","4":"has-post-thumbnail","6":"product_cat-soporte-y-montaje-accesorios-bosch-video-vigilancia","7":"product_tag-bosch","8":"product_tag-manhattan","9":"product_tag-saxxon","10":"product_tag-surveon","11":"product_tag-utepo","12":"product_tag-videovigilancia","13":"product_tag-vivotek","14":"product_tag-zteco","16":"first","17":"instock","18":"sale","19":"taxable","20":"shipping-taxable","21":"purchasable","22":"product-type-simple"},"aioseo_notices":[],"_links":{"self":[{"href":"https:\/\/tecsecmty.com\/index.php\/wp-json\/wp\/v2\/product\/7088","targetHints":{"allow":["GET"]}}],"collection":[{"href":"https:\/\/tecsecmty.com\/index.php\/wp-json\/wp\/v2\/product"}],"about":[{"href":"https:\/\/tecsecmty.com\/index.php\/wp-json\/wp\/v2\/types\/product"}],"replies":[{"embeddable":true,"href":"https:\/\/tecsecmty.com\/index.php\/wp-json\/wp\/v2\/comments?post=7088"}],"version-history":[{"count":0,"href":"https:\/\/tecsecmty.com\/index.php\/wp-json\/wp\/v2\/product\/7088\/revisions"}],"wp:featuredmedia":[{"embeddable":true,"href":"https:\/\/tecsecmty.com\/index.php\/wp-json\/wp\/v2\/media\/7087"}],"wp:attachment":[{"href":"https:\/\/tecsecmty.com\/index.php\/wp-json\/wp\/v2\/media?parent=7088"}],"wp:term":[{"taxonomy":"product_brand","embeddable":true,"href":"https:\/\/tecsecmty.com\/index.php\/wp-json\/wp\/v2\/product_brand?post=7088"},{"taxonomy":"product_cat","embeddable":true,"href":"https:\/\/tecsecmty.com\/index.php\/wp-json\/wp\/v2\/product_cat?post=7088"},{"taxonomy":"product_tag","embeddable":true,"href":"https:\/\/tecsecmty.com\/index.php\/wp-json\/wp\/v2\/product_tag?post=7088"}],"curies":[{"name":"wp","href":"https:\/\/api.w.org\/{rel}","templated":true}]}}