{"id":709,"date":"2023-02-15T21:33:15","date_gmt":"2023-02-15T21:33:15","guid":{"rendered":"https:\/\/tecsecmty.com\/index.php\/producto\/bala-turbo-2-megapixeles-1080p-gran-angular-103%e2%88%9e-lente-2-8-mm-ir-exir-inteligente-20-mts-exterior-ip66-dwdr-tvi-ahd-cvi-cvbs\/"},"modified":"2023-03-22T23:20:37","modified_gmt":"2023-03-23T05:20:37","slug":"bala-turbo-2-megapixeles-1080p-gran-angular-103-lente-2-8-mm-ir-exir-inteligente-20-mts-exterior-ip66-dwdr-tvi-ahd-cvi-cvbs","status":"publish","type":"product","link":"https:\/\/tecsecmty.com\/index.php\/producto\/bala-turbo-2-megapixeles-1080p-gran-angular-103-lente-2-8-mm-ir-exir-inteligente-20-mts-exterior-ip66-dwdr-tvi-ahd-cvi-cvbs\/","title":{"rendered":"Bala TURBO 2 Megapixeles (1080p) \/ Gran Angular 103 \/ Lente 2.8 mm \/ IR EXIR Inteligente 20 mts \/ Exterior IP66 \/ dWDR \/ TVI-AHD-CVI-CVBS"},"content":{"rendered":"<div class=\"container\">\n<div class=\"row\">\n<div class=\"col-md-12\">\n<div class=\"row\">\n<div class=\"row\">\n<div class=\"col-md-12\">\n<h4 class=\"text-primary center info-text\" style=\"text-align: center;\">Informaci\u00f3n de Producto<\/h4>\n<\/div>\n<\/div>\n<div class=\"row\" style=\"text-align: center;\">\n<div class=\"col-md-12\">\n<h3>AUDIO POR COAXITRON \/ Bala TURBOHD 2 Megapixel \/ Gran Angular 106\u00b0 \/ Lente 2.8 mm \/ 25 mts IR EXIR \/ Exterior IP66 \/ 4 Tecnolog\u00edas \/ dWDR<\/h3>\n<\/div>\n<\/div>\n<div id=\"producto_container\" class=\"row\" style=\"text-align: center;\">\n<div class=\"col-md-4\">\n<p><img decoding=\"async\" class=\"img-responsive center-block\" src=\"https:\/\/ftp3.syscom.mx\/usuarios\/fotos\/BancoFotografiasSyscom\/HILOOKBYHIKVISION\/THCB120PS\/THCB120PS-p.PNG\" alt=\"THC-B120-PS\" \/><\/p>\n<div class=\"row\">\n<div id=\"galerias\" class=\"col-sm-12\"><\/div>\n<\/div>\n<\/div>\n<div class=\"col-md-4\">\n<div><img decoding=\"async\" class=\"img-responsive img-thumbnail\" src=\"https:\/\/ftp3.syscom.mx\/usuarios\/fotos\/logotipos\/hilook_by_hikvision.png\" \/><\/div>\n<div><img decoding=\"async\" class=\"icono_info_product\" src=\"https:\/\/ftp3.syscom.mx\/cdn-cgi\/image\/format=auto,width=75\/usuarios\/fotos\/MICROFONOINT.png\" \/><img decoding=\"async\" class=\"icono_info_product\" src=\"https:\/\/ftp3.syscom.mx\/cdn-cgi\/image\/format=auto,width=75\/usuarios\/fotos\/t_4.png?v=1543017237\" \/><img decoding=\"async\" class=\"icono_info_product\" src=\"https:\/\/ftp3.syscom.mx\/usuarios\/fotos\/2a-g.png\" \/><\/div>\n<div>\n<p>Modelo:\u00a0<span class=\"modelo-marca\">THC-B120-PS<\/span><\/p>\n<p>Marca:\u00a0<span class=\"modelo-marca\">HiLook by HIKVISION<\/span><\/p>\n<p>&nbsp;<\/p>\n<\/div>\n<\/div>\n<\/div>\n<\/div>\n<div class=\"row \" style=\"text-align: center;\">\n<div class=\"col-md-12\">\n<div class=\"row\">\n<h3 class=\"text-primary\">Especificaciones:<\/h3>\n<\/div>\n<div class=\"row well\">\n<p><img decoding=\"async\" class=\"fr-fic fr-dii\" src=\"https:\/\/ftp3.syscom.mx\/usuarios\/fotos\/IPCB120\/143291-hilook.png\" \/><img decoding=\"async\" class=\"fr-fic fr-dii\" src=\"http:\/\/ftp3.syscom.mx\/usuarios\/anavarrete\/Noe\/imagen1.png\" \/><\/p>\n<p>&nbsp;<\/p>\n<div class=\"row\">\n<div class=\"col-sm-6\">\n<div>\n<p><strong>Caracter\u00edsticas principales:<\/strong><\/p>\n<ul>\n<li>Audio por coaxitron.<\/li>\n<li>Resoluci\u00f3n m\u00e1xima: 1920 x 1080 ( 2 Megapixel)<\/li>\n<li>Iluminaci\u00f3n m\u00ednima: 0.01 Lux @ (F1.2, AGC ON), 0 Lux con IR.<\/li>\n<li>Lente fijo: 2.8 mm (angulo de apertura 106\u00ba).<\/li>\n<li>25 mts IR EXIR (visi\u00f3n nocturna).<\/li>\n<li>Soporta 4 tecnolog\u00edas seleccionables (TVI \/ AHD \/ CVI \/ CVBS).<\/li>\n<li>Funciones: dWDR \/ BLC \/ AGC.<\/li>\n<\/ul>\n<\/div>\n<\/div>\n<div class=\"col-sm-6\">\n<div>\n<p><strong>Caracter\u00edsticas F\u00edsicas y El\u00e9ctricas:<\/strong><\/p>\n<ul>\n<li>Temperatura de operaci\u00f3n: -40\u00baC a 60\u00baC.<\/li>\n<li>Alimentaci\u00f3n: 12 Vcc \/ 2.7 Watts.<\/li>\n<li>Protecci\u00f3n: Interior \/ Exterior IP66.<\/li>\n<li>Fabricado en material de policarbonato.<\/li>\n<li>Dimensiones: 158.6 x 61 x 58 mm.<\/li>\n<li>Peso: 160\u00a0grs.<\/li>\n<li><strong>Garant\u00eda: 2 a\u00f1os.<\/strong><\/li>\n<\/ul>\n<p><strong>Accesorios:<\/strong><\/p>\n<ul>\n<li><strong>Caja de conexiones, modelo:\u00a0<a href=\"https:\/\/www.syscom.mx\/producto\/DS-1280ZJ-XS-HIKVISION-84491.html\" target=\"_blank\" rel=\"noopener\">DS-1280ZJ-XS<\/a><\/strong><\/li>\n<\/ul>\n<\/div>\n<\/div>\n<\/div>\n<p>&nbsp;<\/p>\n<p><img decoding=\"async\" class=\"fr-fic fr-dii\" src=\"https:\/\/ftp3.syscom.mx\/usuarios\/jsosa\/GIF\/bannerepcom.jpg\" \/><\/p>\n<p>&nbsp;<\/p>\n<\/div>\n<\/div>\n<\/div>\n<\/div>\n<\/div>\n<\/div>\n<p><img decoding=\"async\" class=\"aligncenter\" src=\"https:\/\/tracker.metricool.com\/c3po.jpg?hash=95c94f37730bb8f54dd4308f1f878f9\" \/><\/p>\n","protected":false},"excerpt":{"rendered":"<p>Informaci\u00f3n de Producto AUDIO POR COAXITRON \/ Bala TURBOHD 2 Megapixel \/ Gran Angular 106\u00b0 \/ Lente 2.8 mm \/ 25 mts IR EXIR \/ Exterior IP66 \/ 4 Tecnolog\u00edas \/ dWDR Modelo:\u00a0THC-B120-PS Marca:\u00a0HiLook by HIKVISION &nbsp; Especificaciones: &nbsp; Caracter\u00edsticas principales: Audio por coaxitron. Resoluci\u00f3n&hellip;<\/p>\n","protected":false},"featured_media":757,"comment_status":"open","ping_status":"closed","template":"","meta":{"om_disable_all_campaigns":false,"_monsterinsights_skip_tracking":false,"_monsterinsights_sitenote_active":false,"_monsterinsights_sitenote_note":"","_monsterinsights_sitenote_category":0},"product_brand":[],"product_cat":[41],"product_tag":[42,43,38,37],"class_list":{"0":"post-709","1":"product","2":"type-product","3":"status-publish","4":"has-post-thumbnail","6":"product_cat-bala","7":"product_tag-camaras","8":"product_tag-camaras-bala","9":"product_tag-camaras-de-seguridad","10":"product_tag-hikvision","12":"first","13":"instock","14":"taxable","15":"shipping-taxable","16":"product-type-simple"},"aioseo_notices":[],"_links":{"self":[{"href":"https:\/\/tecsecmty.com\/index.php\/wp-json\/wp\/v2\/product\/709","targetHints":{"allow":["GET"]}}],"collection":[{"href":"https:\/\/tecsecmty.com\/index.php\/wp-json\/wp\/v2\/product"}],"about":[{"href":"https:\/\/tecsecmty.com\/index.php\/wp-json\/wp\/v2\/types\/product"}],"replies":[{"embeddable":true,"href":"https:\/\/tecsecmty.com\/index.php\/wp-json\/wp\/v2\/comments?post=709"}],"version-history":[{"count":0,"href":"https:\/\/tecsecmty.com\/index.php\/wp-json\/wp\/v2\/product\/709\/revisions"}],"wp:featuredmedia":[{"embeddable":true,"href":"https:\/\/tecsecmty.com\/index.php\/wp-json\/wp\/v2\/media\/757"}],"wp:attachment":[{"href":"https:\/\/tecsecmty.com\/index.php\/wp-json\/wp\/v2\/media?parent=709"}],"wp:term":[{"taxonomy":"product_brand","embeddable":true,"href":"https:\/\/tecsecmty.com\/index.php\/wp-json\/wp\/v2\/product_brand?post=709"},{"taxonomy":"product_cat","embeddable":true,"href":"https:\/\/tecsecmty.com\/index.php\/wp-json\/wp\/v2\/product_cat?post=709"},{"taxonomy":"product_tag","embeddable":true,"href":"https:\/\/tecsecmty.com\/index.php\/wp-json\/wp\/v2\/product_tag?post=709"}],"curies":[{"name":"wp","href":"https:\/\/api.w.org\/{rel}","templated":true}]}}