{"id":7092,"date":"2023-02-23T16:04:37","date_gmt":"2023-02-23T22:04:37","guid":{"rendered":"https:\/\/tecsecmty.com\/index.php\/producto\/bosch-v_neza4smb-kit-de-montaje-en-superficie-para-autodome-ip-4000\/"},"modified":"2023-03-22T23:22:03","modified_gmt":"2023-03-23T05:22:03","slug":"bosch-v_neza4smb-kit-de-montaje-en-superficie-para-autodome-ip-4000","status":"publish","type":"product","link":"https:\/\/tecsecmty.com\/index.php\/producto\/bosch-v_neza4smb-kit-de-montaje-en-superficie-para-autodome-ip-4000\/","title":{"rendered":"BOSCH V_NEZA4SMB &#8211; Kit de montaje en superficie para AUTODOME IP 4000"},"content":{"rendered":"<h5 class=\"card-title text-center\">Caja de montaje en superficie NEZ-A4-SMB<\/h5>\n<p class=\"ql-align-justify\"><strong>La AUTODOME IP 4000 HD es una c\u00e1mara domo PTZ compacta para interiores con un sensor HD de alta resoluci\u00f3n de 720p25\/30 (1 MP) o 1080p25\/30 (2 MP) y un potente zoom \u00f3ptico de 12x que permite que los usuarios controlen escenas de gran tama\u00f1o sin perder ning\u00fan detalle.\u00a0<\/strong>Gracias al elegante dise\u00f1o de la c\u00e1mara y a sus opciones de montaje flexibles, es posible realizar una vigilancia discreta en salones amplios, \u00e1reas de recepci\u00f3n o salas de espera que, de otro modo, requerir\u00edan la instalaci\u00f3n de m\u00faltiples c\u00e1maras para que la vigilancia fuera eficaz.<\/p>\n<p class=\"ql-align-justify\">Este tipo de c\u00e1maras cuentan cajas de montajes com:<\/p>\n<ul>\n<li class=\"ql-align-justify\">Montaje superficial.<\/li>\n<li class=\"ql-align-justify\">Montaje en techo.<\/li>\n<li class=\"ql-align-justify\">Montaje en esquina.<\/li>\n<li class=\"ql-align-justify\">Montaje en poste.<\/li>\n<li class=\"ql-align-justify\">Montaje de tubo colgante.<\/li>\n<\/ul>\n<p class=\"ql-align-justify\"><strong>Nota: Caja de montaje en superficie NEZ-A4-SMB<\/strong><\/p>\n<p class=\"ql-align-justify\"><strong>Kit de montaje en superficie para AUTODOME IP 4000 HD. Blanco.<\/strong><\/p>\n<p class=\"ql-align-justify\"><strong>N\u00famero de pedido: NEZ-A4-SMB.<\/strong><\/p>\n<p class=\"ql-align-justify\"><strong>Principales\u00a0<\/strong><strong>Caracter\u00edsticas<\/strong><\/p>\n<ul>\n<li class=\"ql-align-justify\">F\u00e1cil\u00a0instalaci\u00f3n.<\/li>\n<li class=\"ql-align-justify\">Construcci\u00f3n\u00a0robusta.<\/li>\n<li class=\"ql-align-justify\">Montaje en Interiores.<\/li>\n<\/ul>\n<p><img decoding=\"async\" class=\"overview-center-img-\" src=\"https:\/\/tvc.mx\/media\/14440\/Logoopaginas-oficial.png\" alt=\"\" \/><\/p>\n","protected":false},"excerpt":{"rendered":"<p>Caja de montaje en superficie NEZ-A4-SMB La AUTODOME IP 4000 HD es una c\u00e1mara domo PTZ compacta para interiores con un sensor HD de alta resoluci\u00f3n de 720p25\/30 (1 MP) o 1080p25\/30 (2 MP) y un potente zoom \u00f3ptico de 12x que permite que los&hellip;<\/p>\n","protected":false},"featured_media":7091,"comment_status":"open","ping_status":"closed","template":"","meta":{"om_disable_all_campaigns":false,"_monsterinsights_skip_tracking":false,"_monsterinsights_sitenote_active":false,"_monsterinsights_sitenote_note":"","_monsterinsights_sitenote_category":0},"product_brand":[],"product_cat":[637],"product_tag":[613,611,612,616,615,610,614,617],"class_list":{"0":"post-7092","1":"product","2":"type-product","3":"status-publish","4":"has-post-thumbnail","6":"product_cat-soporte-y-montaje-accesorios-bosch-video-vigilancia","7":"product_tag-bosch","8":"product_tag-manhattan","9":"product_tag-saxxon","10":"product_tag-surveon","11":"product_tag-utepo","12":"product_tag-videovigilancia","13":"product_tag-vivotek","14":"product_tag-zteco","16":"first","17":"instock","18":"sale","19":"taxable","20":"shipping-taxable","21":"purchasable","22":"product-type-simple"},"aioseo_notices":[],"_links":{"self":[{"href":"https:\/\/tecsecmty.com\/index.php\/wp-json\/wp\/v2\/product\/7092","targetHints":{"allow":["GET"]}}],"collection":[{"href":"https:\/\/tecsecmty.com\/index.php\/wp-json\/wp\/v2\/product"}],"about":[{"href":"https:\/\/tecsecmty.com\/index.php\/wp-json\/wp\/v2\/types\/product"}],"replies":[{"embeddable":true,"href":"https:\/\/tecsecmty.com\/index.php\/wp-json\/wp\/v2\/comments?post=7092"}],"version-history":[{"count":0,"href":"https:\/\/tecsecmty.com\/index.php\/wp-json\/wp\/v2\/product\/7092\/revisions"}],"wp:featuredmedia":[{"embeddable":true,"href":"https:\/\/tecsecmty.com\/index.php\/wp-json\/wp\/v2\/media\/7091"}],"wp:attachment":[{"href":"https:\/\/tecsecmty.com\/index.php\/wp-json\/wp\/v2\/media?parent=7092"}],"wp:term":[{"taxonomy":"product_brand","embeddable":true,"href":"https:\/\/tecsecmty.com\/index.php\/wp-json\/wp\/v2\/product_brand?post=7092"},{"taxonomy":"product_cat","embeddable":true,"href":"https:\/\/tecsecmty.com\/index.php\/wp-json\/wp\/v2\/product_cat?post=7092"},{"taxonomy":"product_tag","embeddable":true,"href":"https:\/\/tecsecmty.com\/index.php\/wp-json\/wp\/v2\/product_tag?post=7092"}],"curies":[{"name":"wp","href":"https:\/\/api.w.org\/{rel}","templated":true}]}}