{"id":7094,"date":"2023-02-23T16:04:39","date_gmt":"2023-02-23T22:04:39","guid":{"rendered":"https:\/\/tecsecmty.com\/index.php\/producto\/bosch-v_nhauwmt-soporte-carcasa-para-camara-termica-dinion-8000-soporte-de-montaje-en-pared\/"},"modified":"2023-03-22T23:22:03","modified_gmt":"2023-03-23T05:22:03","slug":"bosch-v_nhauwmt-soporte-carcasa-para-camara-termica-dinion-8000-soporte-de-montaje-en-pared","status":"publish","type":"product","link":"https:\/\/tecsecmty.com\/index.php\/producto\/bosch-v_nhauwmt-soporte-carcasa-para-camara-termica-dinion-8000-soporte-de-montaje-en-pared\/","title":{"rendered":"BOSCH V_NHAUWMT &#8211; Soporte carcasa para camara termica DINION 8000 \/ Soporte de montaje en pared"},"content":{"rendered":"<h5 class=\"card-title text-center\">Soporte de montaje en pared NHA-U-WMT<\/h5>\n<p class=\"ql-align-justify\">Este soporte de pared robusto y f\u00e1cil de instalar especialmente dise\u00f1ado para cajas de c\u00e1maras.<\/p>\n<p class=\"ql-align-justify\">El dise\u00f1o permite un recorrido completo del cable, escondiendo as\u00ed los cables para protecci\u00f3n y m\u00e1xima discreci\u00f3n.<\/p>\n<p class=\"ql-align-justify\"><strong>Componentes incluidos<\/strong><\/p>\n<p class=\"ql-align-justify\"><strong>El embalaje contiene los siguientes elementos:<\/strong><\/p>\n<ul>\n<li class=\"ql-align-justify\">1 soporte de montaje en pared.<\/li>\n<li class=\"ql-align-justify\">1 gu\u00eda de configuraci\u00f3n r\u00e1pida.<\/li>\n<li class=\"ql-align-justify\">1 llave hexagonal.<\/li>\n<li class=\"ql-align-justify\">4 Tornillos (ST6x40).<\/li>\n<li class=\"ql-align-justify\">4 conectores (\u00d810).<\/li>\n<li class=\"ql-align-justify\">4 Tornillos (M8x25).<\/li>\n<li class=\"ql-align-justify\">4 Arandelas (M8).<\/li>\n<li class=\"ql-align-justify\">4 Arandelas (M6).<\/li>\n<\/ul>\n<p class=\"ql-align-justify\"><strong>Nota: Soporte de montaje en pared NHA-U-WMT<\/strong><\/p>\n<p class=\"ql-align-justify\"><strong>Soporte de pared universal<\/strong><\/p>\n<p class=\"ql-align-justify\"><strong>N\u00famero de pedido: NHA-U-WM.<\/strong><\/p>\n<p class=\"ql-align-justify\"><strong>Principales Caracter\u00edsticas<\/strong><\/p>\n<p class=\"ql-align-justify\"><strong>Especificaciones<\/strong><\/p>\n<ul>\n<li class=\"ql-align-justify\">Material de construcci\u00f3n Aleaci\u00f3n de aluminio.<\/li>\n<li class=\"ql-align-justify\">Se\u00f1al blanca RAL 9003 acabado.<\/li>\n<\/ul>\n<p><img decoding=\"async\" class=\"overview-center-img-\" src=\"https:\/\/tvc.mx\/media\/14667\/Logoopaginas-oficial.png\" alt=\"\" \/><\/p>\n","protected":false},"excerpt":{"rendered":"<p>Soporte de montaje en pared NHA-U-WMT Este soporte de pared robusto y f\u00e1cil de instalar especialmente dise\u00f1ado para cajas de c\u00e1maras. El dise\u00f1o permite un recorrido completo del cable, escondiendo as\u00ed los cables para protecci\u00f3n y m\u00e1xima discreci\u00f3n. Componentes incluidos El embalaje contiene los siguientes&hellip;<\/p>\n","protected":false},"featured_media":7093,"comment_status":"open","ping_status":"closed","template":"","meta":{"om_disable_all_campaigns":false,"_monsterinsights_skip_tracking":false,"_monsterinsights_sitenote_active":false,"_monsterinsights_sitenote_note":"","_monsterinsights_sitenote_category":0},"product_brand":[],"product_cat":[637],"product_tag":[613,611,612,616,615,610,614,617],"class_list":{"0":"post-7094","1":"product","2":"type-product","3":"status-publish","4":"has-post-thumbnail","6":"product_cat-soporte-y-montaje-accesorios-bosch-video-vigilancia","7":"product_tag-bosch","8":"product_tag-manhattan","9":"product_tag-saxxon","10":"product_tag-surveon","11":"product_tag-utepo","12":"product_tag-videovigilancia","13":"product_tag-vivotek","14":"product_tag-zteco","16":"first","17":"instock","18":"sale","19":"taxable","20":"shipping-taxable","21":"purchasable","22":"product-type-simple"},"aioseo_notices":[],"_links":{"self":[{"href":"https:\/\/tecsecmty.com\/index.php\/wp-json\/wp\/v2\/product\/7094","targetHints":{"allow":["GET"]}}],"collection":[{"href":"https:\/\/tecsecmty.com\/index.php\/wp-json\/wp\/v2\/product"}],"about":[{"href":"https:\/\/tecsecmty.com\/index.php\/wp-json\/wp\/v2\/types\/product"}],"replies":[{"embeddable":true,"href":"https:\/\/tecsecmty.com\/index.php\/wp-json\/wp\/v2\/comments?post=7094"}],"version-history":[{"count":0,"href":"https:\/\/tecsecmty.com\/index.php\/wp-json\/wp\/v2\/product\/7094\/revisions"}],"wp:featuredmedia":[{"embeddable":true,"href":"https:\/\/tecsecmty.com\/index.php\/wp-json\/wp\/v2\/media\/7093"}],"wp:attachment":[{"href":"https:\/\/tecsecmty.com\/index.php\/wp-json\/wp\/v2\/media?parent=7094"}],"wp:term":[{"taxonomy":"product_brand","embeddable":true,"href":"https:\/\/tecsecmty.com\/index.php\/wp-json\/wp\/v2\/product_brand?post=7094"},{"taxonomy":"product_cat","embeddable":true,"href":"https:\/\/tecsecmty.com\/index.php\/wp-json\/wp\/v2\/product_cat?post=7094"},{"taxonomy":"product_tag","embeddable":true,"href":"https:\/\/tecsecmty.com\/index.php\/wp-json\/wp\/v2\/product_tag?post=7094"}],"curies":[{"name":"wp","href":"https:\/\/api.w.org\/{rel}","templated":true}]}}