{"id":7096,"date":"2023-02-23T16:04:41","date_gmt":"2023-02-23T22:04:41","guid":{"rendered":"https:\/\/tecsecmty.com\/index.php\/producto\/bosch-v_tc9210u-brazo-de-montaje-para-camara-profesional-funion-de-pared-interior-coor-blanco\/"},"modified":"2023-03-22T23:22:06","modified_gmt":"2023-03-23T05:22:06","slug":"bosch-v_tc9210u-brazo-de-montaje-para-camara-profesional-funion-de-pared-interior-coor-blanco","status":"publish","type":"product","link":"https:\/\/tecsecmty.com\/index.php\/producto\/bosch-v_tc9210u-brazo-de-montaje-para-camara-profesional-funion-de-pared-interior-coor-blanco\/","title":{"rendered":"BOSCH V_TC9210U &#8211; Brazo de montaje para camara profesional \/ FUNION De pared interior \/ COOR Blanco"},"content":{"rendered":"<h5 class=\"card-title text-center\">TC9210U Soporte para c\u00e1mara de interior<\/h5>\n<p class=\"ql-align-justify\"><strong>Los soportes de montaje de la serie TC9200 para c\u00e1maras de interior se pueden utilizar para c\u00e1maras CCD con lentes fijas y varifocales.<\/strong>\u00a0Estos soportes resistentes y atractivos disponen de cabezales de montaje totalmente ajustables y pernos de montaje est\u00e1ndar de la c\u00e1mara de 1\/4-20.\u00a0<strong>La capacidad de carga m\u00e1xima oscila entre 2 y 10 kg (entre 4,4 y 22 libras).<\/strong>\u00a0Estos modelos vers\u00e1tiles se pueden utilizar para los montajes en pedestal, pared o techo y son adecuados para el uso con c\u00e1maras\u00a0<strong>CCD<\/strong>.<\/p>\n<p class=\"ql-align-justify\"><strong>Funciones b\u00e1sicas\u00a0<\/strong><\/p>\n<p class=\"ql-align-justify\"><strong>El soporte para montajes en interiores TC9210U est\u00e1 configurado para el montaje de c\u00e1maras en aplicaciones de interiores.<\/strong>\u00a0Admite cargas de hasta\u00a0<strong>4,5 kg (10 libras)<\/strong>\u00a0y est\u00e1 fabricado en aluminio y acero, lo que proporciona un montaje de c\u00e1mara muy r\u00edgido. Esta unidad dispone de extensiones roscadas, se puede configurar en tres longitudes diferentes y se instala f\u00e1cilmente gracias al hardware de montaje suministrado. Esta unidad se puede utilizar con muchos modelos de c\u00e1maras\u00a0<strong>CCD<\/strong>.<\/p>\n<p class=\"ql-align-justify\"><strong>Nota: TC9210U Soporte para c\u00e1mara de interior<\/strong><\/p>\n<p class=\"ql-align-justify\"><strong>Soporte con rejilla universal para pared\/techo, para c\u00e1maras de 6 pulg., 4,5 kg (10 lb) de carga m\u00e1xima, acabado en blanco, incluido el clip en forma de T para el montaje en techo y una abrazadera para montaje en pared\/ techo.<\/strong><\/p>\n<p class=\"ql-align-justify\"><strong>N\u00famero de pedido: TC9210U.<\/strong><\/p>\n<p class=\"ql-align-justify\"><strong>Principales Caracter\u00edsticas<\/strong><\/p>\n<ul>\n<li class=\"ql-align-justify\">Construcci\u00f3n resistente.<\/li>\n<li class=\"ql-align-justify\">Aspecto atractivo.<\/li>\n<li class=\"ql-align-justify\">Dise\u00f1o vers\u00e1til.<\/li>\n<li class=\"ql-align-justify\">Ajustable.<\/li>\n<li class=\"ql-align-justify\">Amplia selecci\u00f3n de estilos.<\/li>\n<\/ul>\n<p><img decoding=\"async\" class=\"overview-center-img-\" src=\"https:\/\/tvc.mx\/media\/14298\/Logoopaginas-oficial.png\" alt=\"\" \/><\/p>\n","protected":false},"excerpt":{"rendered":"<p>TC9210U Soporte para c\u00e1mara de interior Los soportes de montaje de la serie TC9200 para c\u00e1maras de interior se pueden utilizar para c\u00e1maras CCD con lentes fijas y varifocales.\u00a0Estos soportes resistentes y atractivos disponen de cabezales de montaje totalmente ajustables y pernos de montaje est\u00e1ndar&hellip;<\/p>\n","protected":false},"featured_media":7095,"comment_status":"open","ping_status":"closed","template":"","meta":{"om_disable_all_campaigns":false,"_monsterinsights_skip_tracking":false,"_monsterinsights_sitenote_active":false,"_monsterinsights_sitenote_note":"","_monsterinsights_sitenote_category":0},"product_brand":[],"product_cat":[637],"product_tag":[613,611,612,616,615,610,614,617],"class_list":{"0":"post-7096","1":"product","2":"type-product","3":"status-publish","4":"has-post-thumbnail","6":"product_cat-soporte-y-montaje-accesorios-bosch-video-vigilancia","7":"product_tag-bosch","8":"product_tag-manhattan","9":"product_tag-saxxon","10":"product_tag-surveon","11":"product_tag-utepo","12":"product_tag-videovigilancia","13":"product_tag-vivotek","14":"product_tag-zteco","16":"first","17":"instock","18":"sale","19":"taxable","20":"shipping-taxable","21":"purchasable","22":"product-type-simple"},"aioseo_notices":[],"_links":{"self":[{"href":"https:\/\/tecsecmty.com\/index.php\/wp-json\/wp\/v2\/product\/7096","targetHints":{"allow":["GET"]}}],"collection":[{"href":"https:\/\/tecsecmty.com\/index.php\/wp-json\/wp\/v2\/product"}],"about":[{"href":"https:\/\/tecsecmty.com\/index.php\/wp-json\/wp\/v2\/types\/product"}],"replies":[{"embeddable":true,"href":"https:\/\/tecsecmty.com\/index.php\/wp-json\/wp\/v2\/comments?post=7096"}],"version-history":[{"count":0,"href":"https:\/\/tecsecmty.com\/index.php\/wp-json\/wp\/v2\/product\/7096\/revisions"}],"wp:featuredmedia":[{"embeddable":true,"href":"https:\/\/tecsecmty.com\/index.php\/wp-json\/wp\/v2\/media\/7095"}],"wp:attachment":[{"href":"https:\/\/tecsecmty.com\/index.php\/wp-json\/wp\/v2\/media?parent=7096"}],"wp:term":[{"taxonomy":"product_brand","embeddable":true,"href":"https:\/\/tecsecmty.com\/index.php\/wp-json\/wp\/v2\/product_brand?post=7096"},{"taxonomy":"product_cat","embeddable":true,"href":"https:\/\/tecsecmty.com\/index.php\/wp-json\/wp\/v2\/product_cat?post=7096"},{"taxonomy":"product_tag","embeddable":true,"href":"https:\/\/tecsecmty.com\/index.php\/wp-json\/wp\/v2\/product_tag?post=7096"}],"curies":[{"name":"wp","href":"https:\/\/api.w.org\/{rel}","templated":true}]}}