{"id":7100,"date":"2023-02-23T16:04:48","date_gmt":"2023-02-23T22:04:48","guid":{"rendered":"https:\/\/tecsecmty.com\/index.php\/producto\/bosch-v_vda70112smb-caja-de-montaje-para-flex-idome-ip-panoramico-de-la-serie-7000\/"},"modified":"2023-03-22T23:22:08","modified_gmt":"2023-03-23T05:22:08","slug":"bosch-v_vda70112smb-caja-de-montaje-para-flex-idome-ip-panoramico-de-la-serie-7000","status":"publish","type":"product","link":"https:\/\/tecsecmty.com\/index.php\/producto\/bosch-v_vda70112smb-caja-de-montaje-para-flex-idome-ip-panoramico-de-la-serie-7000\/","title":{"rendered":"BOSCH V_VDA70112SMB &#8211; Caja de montaje para FLEX IDOME IP panoramico de la serie 7000"},"content":{"rendered":"<h5 class=\"card-title text-center\">Caja de montaje en superficie VDA-70112-SMB<\/h5>\n<p class=\"ql-align-justify\"><strong>Montaje en pared<\/strong><\/p>\n<p class=\"ql-align-justify\">Utilice la caja de montaje en superficie\u00a0<strong>(VDA-70112-SMB)<\/strong>\u00a0para montar la c\u00e1mara en un pared como se describe anteriormente. Sin embargo, es muy importante pagar.<\/p>\n<p class=\"ql-align-justify\"><strong>Atenci\u00f3n a los siguientes puntos:<\/strong><\/p>\n<ul>\n<li class=\"ql-align-justify\">Aseg\u00farese de que el SMB est\u00e1 montado en uno de los cuatro 90 \u00b0 posiciones de rotaci\u00f3n y que es horizontal a lo largo de los ejes,\u00a0mostrado. (Utilice las ranuras como referencia.)<\/li>\n<li class=\"ql-align-justify\">Al colocar el anillo de montaje, aseg\u00farese de que la N est\u00e9 en la parte superior.<\/li>\n<li class=\"ql-align-justify\">Al colocar el cuerpo de la c\u00e1mara, aseg\u00farese de que el logo de Bosch este en la parte superior.<\/li>\n<\/ul>\n<p class=\"ql-align-justify\"><strong>Caja de montaje en superficie VDA-70112-SMB<\/strong><\/p>\n<p class=\"ql-align-justify\">Caja de montaje en superficie para FLEXIDOME IP panoramic 7000<\/p>\n<p class=\"ql-align-justify\">C\u00e1maras mp. N\u00famero de pedido: VDA-70112-SMB.<\/p>\n<p class=\"ql-align-justify\"><strong>Principales Caracter\u00edsticas<\/strong><\/p>\n<ul>\n<li class=\"ql-align-justify\">F\u00e1cil Instalaci\u00f3n.<\/li>\n<li class=\"ql-align-justify\">Construcci\u00f3n Robusta.<\/li>\n<\/ul>\n<p><img decoding=\"async\" class=\"overview-center-img-\" src=\"https:\/\/tvc.mx\/media\/6921\/Logoopaginas-oficial.png\" alt=\"\" \/><\/p>\n","protected":false},"excerpt":{"rendered":"<p>Caja de montaje en superficie VDA-70112-SMB Montaje en pared Utilice la caja de montaje en superficie\u00a0(VDA-70112-SMB)\u00a0para montar la c\u00e1mara en un pared como se describe anteriormente. Sin embargo, es muy importante pagar. Atenci\u00f3n a los siguientes puntos: Aseg\u00farese de que el SMB est\u00e1 montado en&hellip;<\/p>\n","protected":false},"featured_media":7099,"comment_status":"open","ping_status":"closed","template":"","meta":{"om_disable_all_campaigns":false,"_monsterinsights_skip_tracking":false,"_monsterinsights_sitenote_active":false,"_monsterinsights_sitenote_note":"","_monsterinsights_sitenote_category":0},"product_brand":[],"product_cat":[637],"product_tag":[613,611,612,616,615,610,614,617],"class_list":{"0":"post-7100","1":"product","2":"type-product","3":"status-publish","4":"has-post-thumbnail","6":"product_cat-soporte-y-montaje-accesorios-bosch-video-vigilancia","7":"product_tag-bosch","8":"product_tag-manhattan","9":"product_tag-saxxon","10":"product_tag-surveon","11":"product_tag-utepo","12":"product_tag-videovigilancia","13":"product_tag-vivotek","14":"product_tag-zteco","16":"first","17":"instock","18":"sale","19":"taxable","20":"shipping-taxable","21":"purchasable","22":"product-type-simple"},"aioseo_notices":[],"_links":{"self":[{"href":"https:\/\/tecsecmty.com\/index.php\/wp-json\/wp\/v2\/product\/7100","targetHints":{"allow":["GET"]}}],"collection":[{"href":"https:\/\/tecsecmty.com\/index.php\/wp-json\/wp\/v2\/product"}],"about":[{"href":"https:\/\/tecsecmty.com\/index.php\/wp-json\/wp\/v2\/types\/product"}],"replies":[{"embeddable":true,"href":"https:\/\/tecsecmty.com\/index.php\/wp-json\/wp\/v2\/comments?post=7100"}],"version-history":[{"count":0,"href":"https:\/\/tecsecmty.com\/index.php\/wp-json\/wp\/v2\/product\/7100\/revisions"}],"wp:featuredmedia":[{"embeddable":true,"href":"https:\/\/tecsecmty.com\/index.php\/wp-json\/wp\/v2\/media\/7099"}],"wp:attachment":[{"href":"https:\/\/tecsecmty.com\/index.php\/wp-json\/wp\/v2\/media?parent=7100"}],"wp:term":[{"taxonomy":"product_brand","embeddable":true,"href":"https:\/\/tecsecmty.com\/index.php\/wp-json\/wp\/v2\/product_brand?post=7100"},{"taxonomy":"product_cat","embeddable":true,"href":"https:\/\/tecsecmty.com\/index.php\/wp-json\/wp\/v2\/product_cat?post=7100"},{"taxonomy":"product_tag","embeddable":true,"href":"https:\/\/tecsecmty.com\/index.php\/wp-json\/wp\/v2\/product_tag?post=7100"}],"curies":[{"name":"wp","href":"https:\/\/api.w.org\/{rel}","templated":true}]}}