{"id":7102,"date":"2023-02-23T16:04:50","date_gmt":"2023-02-23T22:04:50","guid":{"rendered":"https:\/\/tecsecmty.com\/index.php\/producto\/bosch-v_vdacmtdome-accesorio-para-montaje-en-esquina\/"},"modified":"2023-03-22T23:22:08","modified_gmt":"2023-03-23T05:22:08","slug":"bosch-v_vdacmtdome-accesorio-para-montaje-en-esquina","status":"publish","type":"product","link":"https:\/\/tecsecmty.com\/index.php\/producto\/bosch-v_vdacmtdome-accesorio-para-montaje-en-esquina\/","title":{"rendered":"BOSCH V_VDACMTDOME &#8211; Accesorio para montaje en esquina"},"content":{"rendered":"<h5 class=\"card-title text-center\">Montaje en esquina VDA-CMT-DOME<\/h5>\n<p class=\"ql-align-justify\">Este soporte de esquina est\u00e1 dise\u00f1ado espec\u00edficamente para c\u00e1maras tipo c\u00fapula. El montaje es f\u00e1cil de instalar y tiene un robusto construcci\u00f3n.<\/p>\n<p class=\"ql-align-justify\"><strong>Partes incluidas<\/strong><\/p>\n<p class=\"ql-align-justify\">El embalaje contiene:<\/p>\n<ul>\n<li class=\"ql-align-justify\">1 Montaje de esquina y Componentes de fijaci\u00f3n.<\/li>\n<\/ul>\n<p class=\"ql-align-justify\"><strong>Nota: Montaje en esquina VDA-CMT-DOME<\/strong><\/p>\n<p class=\"ql-align-justify\"><strong>Soporte robusto de montaje en esquina para c\u00e1maras domo (\u00d8158 mm). N\u00famero de pedido: VDA-CMT-DOME.<\/strong><\/p>\n<p class=\"ql-align-justify\"><strong>Principales Caracter\u00edsticas<\/strong><\/p>\n<ul>\n<li class=\"ql-align-justify\">\u00a0F\u00e1cil instalaci\u00f3n.<\/li>\n<li class=\"ql-align-justify\">Construcci\u00f3n robusta.<\/li>\n<\/ul>\n<p class=\"ql-align-justify\"><strong>Especificaciones<\/strong><\/p>\n<ul>\n<li class=\"ql-align-justify\">Material de construcci\u00f3n: Aleaci\u00f3n de aluminio.<\/li>\n<li class=\"ql-align-justify\">Acabado se\u00f1al RAL 9003 blanco<\/li>\n<li class=\"ql-align-justify\">Peso: 1.3 kg (2.87 lb).<\/li>\n<\/ul>\n<p><img decoding=\"async\" class=\"overview-center-img-\" src=\"https:\/\/tvc.mx\/media\/7984\/Logoopaginas-oficial.png\" alt=\"\" \/><\/p>\n","protected":false},"excerpt":{"rendered":"<p>Montaje en esquina VDA-CMT-DOME Este soporte de esquina est\u00e1 dise\u00f1ado espec\u00edficamente para c\u00e1maras tipo c\u00fapula. El montaje es f\u00e1cil de instalar y tiene un robusto construcci\u00f3n. Partes incluidas El embalaje contiene: 1 Montaje de esquina y Componentes de fijaci\u00f3n. Nota: Montaje en esquina VDA-CMT-DOME Soporte&hellip;<\/p>\n","protected":false},"featured_media":7101,"comment_status":"open","ping_status":"closed","template":"","meta":{"om_disable_all_campaigns":false,"_monsterinsights_skip_tracking":false,"_monsterinsights_sitenote_active":false,"_monsterinsights_sitenote_note":"","_monsterinsights_sitenote_category":0},"product_brand":[],"product_cat":[637],"product_tag":[613,611,612,616,615,610,614,617],"class_list":{"0":"post-7102","1":"product","2":"type-product","3":"status-publish","4":"has-post-thumbnail","6":"product_cat-soporte-y-montaje-accesorios-bosch-video-vigilancia","7":"product_tag-bosch","8":"product_tag-manhattan","9":"product_tag-saxxon","10":"product_tag-surveon","11":"product_tag-utepo","12":"product_tag-videovigilancia","13":"product_tag-vivotek","14":"product_tag-zteco","16":"first","17":"instock","18":"sale","19":"taxable","20":"shipping-taxable","21":"purchasable","22":"product-type-simple"},"aioseo_notices":[],"_links":{"self":[{"href":"https:\/\/tecsecmty.com\/index.php\/wp-json\/wp\/v2\/product\/7102","targetHints":{"allow":["GET"]}}],"collection":[{"href":"https:\/\/tecsecmty.com\/index.php\/wp-json\/wp\/v2\/product"}],"about":[{"href":"https:\/\/tecsecmty.com\/index.php\/wp-json\/wp\/v2\/types\/product"}],"replies":[{"embeddable":true,"href":"https:\/\/tecsecmty.com\/index.php\/wp-json\/wp\/v2\/comments?post=7102"}],"version-history":[{"count":0,"href":"https:\/\/tecsecmty.com\/index.php\/wp-json\/wp\/v2\/product\/7102\/revisions"}],"wp:featuredmedia":[{"embeddable":true,"href":"https:\/\/tecsecmty.com\/index.php\/wp-json\/wp\/v2\/media\/7101"}],"wp:attachment":[{"href":"https:\/\/tecsecmty.com\/index.php\/wp-json\/wp\/v2\/media?parent=7102"}],"wp:term":[{"taxonomy":"product_brand","embeddable":true,"href":"https:\/\/tecsecmty.com\/index.php\/wp-json\/wp\/v2\/product_brand?post=7102"},{"taxonomy":"product_cat","embeddable":true,"href":"https:\/\/tecsecmty.com\/index.php\/wp-json\/wp\/v2\/product_cat?post=7102"},{"taxonomy":"product_tag","embeddable":true,"href":"https:\/\/tecsecmty.com\/index.php\/wp-json\/wp\/v2\/product_tag?post=7102"}],"curies":[{"name":"wp","href":"https:\/\/api.w.org\/{rel}","templated":true}]}}