{"id":7104,"date":"2023-02-23T16:04:54","date_gmt":"2023-02-23T22:04:54","guid":{"rendered":"https:\/\/tecsecmty.com\/index.php\/producto\/bosch-v_vdacmtptzdome-adaptador-de-montaje-en-esquina\/"},"modified":"2023-03-22T23:22:08","modified_gmt":"2023-03-23T05:22:08","slug":"bosch-v_vdacmtptzdome-adaptador-de-montaje-en-esquina","status":"publish","type":"product","link":"https:\/\/tecsecmty.com\/index.php\/producto\/bosch-v_vdacmtptzdome-adaptador-de-montaje-en-esquina\/","title":{"rendered":"BOSCH V_VDACMTPTZDOME &#8211; Adaptador de montaje en esquina"},"content":{"rendered":"<h5 class=\"card-title text-center\">Adaptador de montaje en esquina VDA-CMT-PTZDOME<\/h5>\n<p class=\"ql-align-justify\">Esta placa adaptadora f\u00e1cil de instalar y resistente es dise\u00f1ado para ser utilizado con un soporte de pared apropiado para instale una c\u00e1mara en un poste interior \/ exterior (m\u00e1stil).<\/p>\n<p class=\"ql-align-justify\"><strong>Nota:\u00a0Adaptador de montaje en esquina VDA-CMT-PTZDOME Adaptador de montaje en esquina para usar con el soporte de pared apropiado para aplicaciones de poste (interior) en interiores o exteriores.\u00a0<\/strong><\/p>\n<p class=\"ql-align-justify\"><strong>N\u00famero de pedido: VDA-CMT-PTZDOME.<\/strong><\/p>\n<p class=\"ql-align-justify\"><strong>Principales Caracter\u00edsticas:<\/strong><\/p>\n<ul>\n<li class=\"ql-align-justify\">Anti-\u00f3xido tratado.<\/li>\n<li class=\"ql-align-justify\">Instalaci\u00f3n f\u00e1cil.<\/li>\n<li class=\"ql-align-justify\">Construcci\u00f3n robusta.<\/li>\n<\/ul>\n<p class=\"ql-align-justify\"><strong>Especificaciones:<\/strong><\/p>\n<ul>\n<li class=\"ql-align-justify\">Ancho 263.7 mm (10.4 in).<\/li>\n<li class=\"ql-align-justify\">Altura 160 mm (6.3 in).<\/li>\n<li class=\"ql-align-justify\">Profundidad 168 mm (6.6 in).<\/li>\n<\/ul>\n<p><img decoding=\"async\" class=\"overview-center-img-\" src=\"https:\/\/tvc.mx\/media\/14575\/Logoopaginas-oficial.png\" alt=\"\" \/><\/p>\n","protected":false},"excerpt":{"rendered":"<p>Adaptador de montaje en esquina VDA-CMT-PTZDOME Esta placa adaptadora f\u00e1cil de instalar y resistente es dise\u00f1ado para ser utilizado con un soporte de pared apropiado para instale una c\u00e1mara en un poste interior \/ exterior (m\u00e1stil). Nota:\u00a0Adaptador de montaje en esquina VDA-CMT-PTZDOME Adaptador de montaje&hellip;<\/p>\n","protected":false},"featured_media":7103,"comment_status":"open","ping_status":"closed","template":"","meta":{"om_disable_all_campaigns":false,"_monsterinsights_skip_tracking":false,"_monsterinsights_sitenote_active":false,"_monsterinsights_sitenote_note":"","_monsterinsights_sitenote_category":0},"product_brand":[],"product_cat":[637],"product_tag":[613,611,612,616,615,610,614,617],"class_list":{"0":"post-7104","1":"product","2":"type-product","3":"status-publish","4":"has-post-thumbnail","6":"product_cat-soporte-y-montaje-accesorios-bosch-video-vigilancia","7":"product_tag-bosch","8":"product_tag-manhattan","9":"product_tag-saxxon","10":"product_tag-surveon","11":"product_tag-utepo","12":"product_tag-videovigilancia","13":"product_tag-vivotek","14":"product_tag-zteco","16":"first","17":"instock","18":"sale","19":"taxable","20":"shipping-taxable","21":"purchasable","22":"product-type-simple"},"aioseo_notices":[],"_links":{"self":[{"href":"https:\/\/tecsecmty.com\/index.php\/wp-json\/wp\/v2\/product\/7104","targetHints":{"allow":["GET"]}}],"collection":[{"href":"https:\/\/tecsecmty.com\/index.php\/wp-json\/wp\/v2\/product"}],"about":[{"href":"https:\/\/tecsecmty.com\/index.php\/wp-json\/wp\/v2\/types\/product"}],"replies":[{"embeddable":true,"href":"https:\/\/tecsecmty.com\/index.php\/wp-json\/wp\/v2\/comments?post=7104"}],"version-history":[{"count":0,"href":"https:\/\/tecsecmty.com\/index.php\/wp-json\/wp\/v2\/product\/7104\/revisions"}],"wp:featuredmedia":[{"embeddable":true,"href":"https:\/\/tecsecmty.com\/index.php\/wp-json\/wp\/v2\/media\/7103"}],"wp:attachment":[{"href":"https:\/\/tecsecmty.com\/index.php\/wp-json\/wp\/v2\/media?parent=7104"}],"wp:term":[{"taxonomy":"product_brand","embeddable":true,"href":"https:\/\/tecsecmty.com\/index.php\/wp-json\/wp\/v2\/product_brand?post=7104"},{"taxonomy":"product_cat","embeddable":true,"href":"https:\/\/tecsecmty.com\/index.php\/wp-json\/wp\/v2\/product_cat?post=7104"},{"taxonomy":"product_tag","embeddable":true,"href":"https:\/\/tecsecmty.com\/index.php\/wp-json\/wp\/v2\/product_tag?post=7104"}],"curies":[{"name":"wp","href":"https:\/\/api.w.org\/{rel}","templated":true}]}}