{"id":7106,"date":"2023-02-23T16:04:57","date_gmt":"2023-02-23T22:04:57","guid":{"rendered":"https:\/\/tecsecmty.com\/index.php\/producto\/bosch-v_vdaplendome-carcasa-para-techo-plenum\/"},"modified":"2023-03-22T23:22:08","modified_gmt":"2023-03-23T05:22:08","slug":"bosch-v_vdaplendome-carcasa-para-techo-plenum","status":"publish","type":"product","link":"https:\/\/tecsecmty.com\/index.php\/producto\/bosch-v_vdaplendome-carcasa-para-techo-plenum\/","title":{"rendered":"BOSCH V_VDAPLENDOME- CARCASA PARA TECHO PLENUM"},"content":{"rendered":"<h5 class=\"card-title text-center\">VDA-PLEN-DOME Carcasa de techo<\/h5>\n<p class=\"ql-align-justify\"><strong>El kit de carcasas de techo para plenos FLEXIDOME es Pleno clasificado seg\u00fan la secci\u00f3n 300.22 (c) (3) de NEC 2008.<\/strong><\/p>\n<p class=\"ql-align-justify\">Este kit es adecuado para instalar c\u00e1maras domo enrasadas un techo.<\/p>\n<p class=\"ql-align-justify\"><strong>Partes incluidas<\/strong><\/p>\n<p class=\"ql-align-justify\">El kit contiene las siguientes partes necesarias para instale una c\u00e1mara FLEXIDOME en el techo. Tenga en cuenta que un el kit de soporte de montaje\u00a0<strong>VGA-IC-SP\u00a0<\/strong>(se vende por separado) es recomendado tambi\u00e9n para montaje en techo abatible. Consulte el Manual de instalaci\u00f3n para m\u00e1s detalles.<\/p>\n<p class=\"ql-align-justify\"><strong>Descripci\u00f3n<\/strong><\/p>\n<ul>\n<li class=\"ql-align-justify\">1 Backbox, formado 7490.<\/li>\n<li class=\"ql-align-justify\">2 perno de palanca: # 6-32&#215;3 \u00ab.<\/li>\n<li class=\"ql-align-justify\">4 Tornillos: # 10-24&#215;3.8, forma rosca.<\/li>\n<li class=\"ql-align-justify\">1 tapa, placa de techo FLEXIDOME.<\/li>\n<\/ul>\n<p class=\"ql-align-justify\"><strong>Nota: VDA-PLEN-DOME Carcasa de techo para plenos<\/strong><\/p>\n<p class=\"ql-align-justify\"><strong>Caja de techo para juego de c\u00e1maras para varias series de c\u00e1maras domo de Bosch.<\/strong><\/p>\n<p class=\"ql-align-justify\"><strong>N\u00famero de pedido: VDA-PLEN-DOME.<\/strong><\/p>\n<p class=\"ql-align-justify\"><strong>Principales Caracter\u00edsticas<\/strong><\/p>\n<ul>\n<li class=\"ql-align-justify\">Adecuado para uso en espacios de manejo de aire.<\/li>\n<li class=\"ql-align-justify\">Kit de soporte separado disponible para aplicaciones de falso techo.<\/li>\n<\/ul>\n<p class=\"ql-align-justify\"><strong>Especificaciones<\/strong><\/p>\n<ul>\n<li class=\"ql-align-justify\">Dimensiones (ancho x alto x largo) (caja): 190 mm x 190 mm x 190 mm (7.48 pulg. X 7.48 pulg. X 7.48 pulg.).<\/li>\n<li class=\"ql-align-justify\">Peso neto: 0.329 kg (0.72 lb).<\/li>\n<li class=\"ql-align-justify\">Bruto: 0.862 kg (1.9 lb).<\/li>\n<li class=\"ql-align-justify\">Material de aluminio.<\/li>\n<li class=\"ql-align-justify\">Montaje en techo.<\/li>\n<\/ul>\n<p><img decoding=\"async\" class=\"overview-center-img-\" src=\"https:\/\/tvc.mx\/media\/13206\/Logoopaginas-oficial.png\" alt=\"\" \/><\/p>\n","protected":false},"excerpt":{"rendered":"<p>VDA-PLEN-DOME Carcasa de techo El kit de carcasas de techo para plenos FLEXIDOME es Pleno clasificado seg\u00fan la secci\u00f3n 300.22 (c) (3) de NEC 2008. Este kit es adecuado para instalar c\u00e1maras domo enrasadas un techo. Partes incluidas El kit contiene las siguientes partes necesarias&hellip;<\/p>\n","protected":false},"featured_media":7105,"comment_status":"open","ping_status":"closed","template":"","meta":{"om_disable_all_campaigns":false,"_monsterinsights_skip_tracking":false,"_monsterinsights_sitenote_active":false,"_monsterinsights_sitenote_note":"","_monsterinsights_sitenote_category":0},"product_brand":[],"product_cat":[637],"product_tag":[613,611,612,616,615,610,614,617],"class_list":{"0":"post-7106","1":"product","2":"type-product","3":"status-publish","4":"has-post-thumbnail","6":"product_cat-soporte-y-montaje-accesorios-bosch-video-vigilancia","7":"product_tag-bosch","8":"product_tag-manhattan","9":"product_tag-saxxon","10":"product_tag-surveon","11":"product_tag-utepo","12":"product_tag-videovigilancia","13":"product_tag-vivotek","14":"product_tag-zteco","16":"first","17":"instock","18":"sale","19":"taxable","20":"shipping-taxable","21":"purchasable","22":"product-type-simple"},"aioseo_notices":[],"_links":{"self":[{"href":"https:\/\/tecsecmty.com\/index.php\/wp-json\/wp\/v2\/product\/7106","targetHints":{"allow":["GET"]}}],"collection":[{"href":"https:\/\/tecsecmty.com\/index.php\/wp-json\/wp\/v2\/product"}],"about":[{"href":"https:\/\/tecsecmty.com\/index.php\/wp-json\/wp\/v2\/types\/product"}],"replies":[{"embeddable":true,"href":"https:\/\/tecsecmty.com\/index.php\/wp-json\/wp\/v2\/comments?post=7106"}],"version-history":[{"count":0,"href":"https:\/\/tecsecmty.com\/index.php\/wp-json\/wp\/v2\/product\/7106\/revisions"}],"wp:featuredmedia":[{"embeddable":true,"href":"https:\/\/tecsecmty.com\/index.php\/wp-json\/wp\/v2\/media\/7105"}],"wp:attachment":[{"href":"https:\/\/tecsecmty.com\/index.php\/wp-json\/wp\/v2\/media?parent=7106"}],"wp:term":[{"taxonomy":"product_brand","embeddable":true,"href":"https:\/\/tecsecmty.com\/index.php\/wp-json\/wp\/v2\/product_brand?post=7106"},{"taxonomy":"product_cat","embeddable":true,"href":"https:\/\/tecsecmty.com\/index.php\/wp-json\/wp\/v2\/product_cat?post=7106"},{"taxonomy":"product_tag","embeddable":true,"href":"https:\/\/tecsecmty.com\/index.php\/wp-json\/wp\/v2\/product_tag?post=7106"}],"curies":[{"name":"wp","href":"https:\/\/api.w.org\/{rel}","templated":true}]}}