{"id":7108,"date":"2023-02-23T16:04:58","date_gmt":"2023-02-23T22:04:58","guid":{"rendered":"https:\/\/tecsecmty.com\/index.php\/producto\/bosch-v_vdapmtdome-colgante-de-montaje-en-techo\/"},"modified":"2023-03-22T23:22:08","modified_gmt":"2023-03-23T05:22:08","slug":"bosch-v_vdapmtdome-colgante-de-montaje-en-techo","status":"publish","type":"product","link":"https:\/\/tecsecmty.com\/index.php\/producto\/bosch-v_vdapmtdome-colgante-de-montaje-en-techo\/","title":{"rendered":"BOSCH V_VDAPMTDOME &#8211; Colgante de montaje en techo"},"content":{"rendered":"<h5 class=\"card-title text-center\">Montaje de tubo VDA-PMT-DOME<\/h5>\n<p class=\"ql-align-justify\">Este montaje de tubo est\u00e1 dise\u00f1ado espec\u00edficamente para c\u00fapula c\u00e1maras, el montaje es f\u00e1cil de instalar y tiene un robusto construcci\u00f3n.<\/p>\n<p class=\"ql-align-justify\"><strong>Partes incluidas<\/strong><\/p>\n<p class=\"ql-align-justify\"><strong>El embalaje contiene:<\/strong><\/p>\n<ul>\n<li class=\"ql-align-justify\">1 Montaje y Componentes de fijaci\u00f3n.<\/li>\n<\/ul>\n<p class=\"ql-align-justify\"><strong>Nota: Montaje de tubo VDA-PMT-DOME<\/strong><\/p>\n<p class=\"ql-align-justify\"><strong>Soporte robusto de montaje en tubo para c\u00e1maras domo (\u00d8158 mm)<\/strong><\/p>\n<p class=\"ql-align-justify\"><strong>N\u00famero de pedido: VDA-PMT-DOME.<\/strong><\/p>\n<p class=\"ql-align-justify\"><strong>Principales caracter\u00edsticas<\/strong><\/p>\n<ul>\n<li class=\"ql-align-justify\">Construcci\u00f3n robusta.<\/li>\n<li class=\"ql-align-justify\">F\u00e1cil instalaci\u00f3n.<\/li>\n<li class=\"ql-align-justify\">N\u00facleo hueco para una apariencia sin cables.<\/li>\n<li class=\"ql-align-justify\">Anclaje de 4 pernos resistente.<\/li>\n<\/ul>\n<p class=\"ql-align-justify\"><strong>Especificaciones<\/strong><\/p>\n<ul>\n<li class=\"ql-align-justify\">Dimensiones (di\u00e1metro x m\u00e1x. Altura): 158.2 x 727 mm (6.23 x 28.6 in).<\/li>\n<li class=\"ql-align-justify\">Material de construcci\u00f3n Aleaci\u00f3n de aluminio.<\/li>\n<li class=\"ql-align-justify\">Acabado se\u00f1al RAL 9003 blanco.<\/li>\n<li class=\"ql-align-justify\">Peso 0,94 kg (2,07 lb).<\/li>\n<\/ul>\n<p><img decoding=\"async\" class=\"overview-center-img-\" src=\"https:\/\/tvc.mx\/media\/15350\/Logoopaginas-oficial.png\" alt=\"\" \/><\/p>\n","protected":false},"excerpt":{"rendered":"<p>Montaje de tubo VDA-PMT-DOME Este montaje de tubo est\u00e1 dise\u00f1ado espec\u00edficamente para c\u00fapula c\u00e1maras, el montaje es f\u00e1cil de instalar y tiene un robusto construcci\u00f3n. Partes incluidas El embalaje contiene: 1 Montaje y Componentes de fijaci\u00f3n. Nota: Montaje de tubo VDA-PMT-DOME Soporte robusto de montaje&hellip;<\/p>\n","protected":false},"featured_media":7107,"comment_status":"open","ping_status":"closed","template":"","meta":{"om_disable_all_campaigns":false,"_monsterinsights_skip_tracking":false,"_monsterinsights_sitenote_active":false,"_monsterinsights_sitenote_note":"","_monsterinsights_sitenote_category":0},"product_brand":[],"product_cat":[637],"product_tag":[613,611,612,616,615,610,614,617],"class_list":{"0":"post-7108","1":"product","2":"type-product","3":"status-publish","4":"has-post-thumbnail","6":"product_cat-soporte-y-montaje-accesorios-bosch-video-vigilancia","7":"product_tag-bosch","8":"product_tag-manhattan","9":"product_tag-saxxon","10":"product_tag-surveon","11":"product_tag-utepo","12":"product_tag-videovigilancia","13":"product_tag-vivotek","14":"product_tag-zteco","16":"first","17":"instock","18":"sale","19":"taxable","20":"shipping-taxable","21":"purchasable","22":"product-type-simple"},"aioseo_notices":[],"_links":{"self":[{"href":"https:\/\/tecsecmty.com\/index.php\/wp-json\/wp\/v2\/product\/7108","targetHints":{"allow":["GET"]}}],"collection":[{"href":"https:\/\/tecsecmty.com\/index.php\/wp-json\/wp\/v2\/product"}],"about":[{"href":"https:\/\/tecsecmty.com\/index.php\/wp-json\/wp\/v2\/types\/product"}],"replies":[{"embeddable":true,"href":"https:\/\/tecsecmty.com\/index.php\/wp-json\/wp\/v2\/comments?post=7108"}],"version-history":[{"count":0,"href":"https:\/\/tecsecmty.com\/index.php\/wp-json\/wp\/v2\/product\/7108\/revisions"}],"wp:featuredmedia":[{"embeddable":true,"href":"https:\/\/tecsecmty.com\/index.php\/wp-json\/wp\/v2\/media\/7107"}],"wp:attachment":[{"href":"https:\/\/tecsecmty.com\/index.php\/wp-json\/wp\/v2\/media?parent=7108"}],"wp:term":[{"taxonomy":"product_brand","embeddable":true,"href":"https:\/\/tecsecmty.com\/index.php\/wp-json\/wp\/v2\/product_brand?post=7108"},{"taxonomy":"product_cat","embeddable":true,"href":"https:\/\/tecsecmty.com\/index.php\/wp-json\/wp\/v2\/product_cat?post=7108"},{"taxonomy":"product_tag","embeddable":true,"href":"https:\/\/tecsecmty.com\/index.php\/wp-json\/wp\/v2\/product_tag?post=7108"}],"curies":[{"name":"wp","href":"https:\/\/api.w.org\/{rel}","templated":true}]}}