{"id":7112,"date":"2023-02-23T16:05:03","date_gmt":"2023-02-23T22:05:03","guid":{"rendered":"https:\/\/tecsecmty.com\/index.php\/producto\/bosch-v_vg4a9541-adaptador-para-montaje-en-poste-para-uso-con-vg4apa0-vg4apa1-vg4apa2-vgapendarm\/"},"modified":"2023-03-22T23:22:08","modified_gmt":"2023-03-23T05:22:08","slug":"bosch-v_vg4a9541-adaptador-para-montaje-en-poste-para-uso-con-vg4apa0-vg4apa1-vg4apa2-vgapendarm","status":"publish","type":"product","link":"https:\/\/tecsecmty.com\/index.php\/producto\/bosch-v_vg4a9541-adaptador-para-montaje-en-poste-para-uso-con-vg4apa0-vg4apa1-vg4apa2-vgapendarm\/","title":{"rendered":"BOSCH V_VG4A9541 &#8211; Adaptador para montaje en poste \/ Para uso con VG4APA0 \/ VG4APA1 \/ VG4APA2 \/ VGAPENDARM"},"content":{"rendered":"<h5 class=\"card-title text-center\">VG4-A-9541 Adaptador de montaje en poste<\/h5>\n<p><strong>Las carcasas AUTODOME para montaje colgante com el VG4-A-9541,\u00a0<\/strong>son \u00fatiles\u00a0en interiores\/exteriores pueden conectarse a un soporte de montaje de brazo, de montaje en el tejado o de montaje en el techo. Existen soportes de montaje de brazo colgante con una caja de alimentaci\u00f3n conectada o como brazo independiente con cableado conectado. Todos los soportes de brazo colgante pueden conectarse a un adaptador de esquina o de m\u00e1stil (poste), lo que ampl\u00eda las opciones de instalaci\u00f3n. Adem\u00e1s de los soportes de brazo, Bosch ofrece un soporte de montaje en el techo y un soporte de montaje en el tejado. El soporte de montaje en el techo permite acoplar una carcasa colgante\u00a0<strong>AUTODOME\u00a0<\/strong>en un techo de 1-1\/2 pulgadas (proporcionada por el usuario). El soporte de montaje en la azotea es un poste de aluminio que fija una c\u00e1mara colgante AUTODOME a la superficie de un tejado. Adem\u00e1s, existen accesorios para fijar el soporte de montaje en la azotea a la superficie de un tejado plano.<\/p>\n<p><strong>Nota: VG4-A-9541 Adaptador de montaje en poste Adaptador de montaje en poste para soporte colgante de AUTODOME o un DINION imager, dise\u00f1ado para postes con un di\u00e1metro de 100\u2011380 mm (4\u201115 pulg.), color blanco.<\/strong><\/p>\n<p><strong>N\u00famero de pedido: VG4-A-9541.<\/strong><\/p>\n<p><img decoding=\"async\" class=\"overview-center-img-\" src=\"https:\/\/tvc.mx\/media\/13222\/Logoopaginas-oficial.png\" alt=\"\" \/><\/p>\n","protected":false},"excerpt":{"rendered":"<p>VG4-A-9541 Adaptador de montaje en poste Las carcasas AUTODOME para montaje colgante com el VG4-A-9541,\u00a0son \u00fatiles\u00a0en interiores\/exteriores pueden conectarse a un soporte de montaje de brazo, de montaje en el tejado o de montaje en el techo. Existen soportes de montaje de brazo colgante con&hellip;<\/p>\n","protected":false},"featured_media":7111,"comment_status":"open","ping_status":"closed","template":"","meta":{"om_disable_all_campaigns":false,"_monsterinsights_skip_tracking":false,"_monsterinsights_sitenote_active":false,"_monsterinsights_sitenote_note":"","_monsterinsights_sitenote_category":0},"product_brand":[],"product_cat":[637],"product_tag":[613,611,612,616,615,610,614,617],"class_list":{"0":"post-7112","1":"product","2":"type-product","3":"status-publish","4":"has-post-thumbnail","6":"product_cat-soporte-y-montaje-accesorios-bosch-video-vigilancia","7":"product_tag-bosch","8":"product_tag-manhattan","9":"product_tag-saxxon","10":"product_tag-surveon","11":"product_tag-utepo","12":"product_tag-videovigilancia","13":"product_tag-vivotek","14":"product_tag-zteco","16":"first","17":"instock","18":"sale","19":"taxable","20":"shipping-taxable","21":"purchasable","22":"product-type-simple"},"aioseo_notices":[],"_links":{"self":[{"href":"https:\/\/tecsecmty.com\/index.php\/wp-json\/wp\/v2\/product\/7112","targetHints":{"allow":["GET"]}}],"collection":[{"href":"https:\/\/tecsecmty.com\/index.php\/wp-json\/wp\/v2\/product"}],"about":[{"href":"https:\/\/tecsecmty.com\/index.php\/wp-json\/wp\/v2\/types\/product"}],"replies":[{"embeddable":true,"href":"https:\/\/tecsecmty.com\/index.php\/wp-json\/wp\/v2\/comments?post=7112"}],"version-history":[{"count":0,"href":"https:\/\/tecsecmty.com\/index.php\/wp-json\/wp\/v2\/product\/7112\/revisions"}],"wp:featuredmedia":[{"embeddable":true,"href":"https:\/\/tecsecmty.com\/index.php\/wp-json\/wp\/v2\/media\/7111"}],"wp:attachment":[{"href":"https:\/\/tecsecmty.com\/index.php\/wp-json\/wp\/v2\/media?parent=7112"}],"wp:term":[{"taxonomy":"product_brand","embeddable":true,"href":"https:\/\/tecsecmty.com\/index.php\/wp-json\/wp\/v2\/product_brand?post=7112"},{"taxonomy":"product_cat","embeddable":true,"href":"https:\/\/tecsecmty.com\/index.php\/wp-json\/wp\/v2\/product_cat?post=7112"},{"taxonomy":"product_tag","embeddable":true,"href":"https:\/\/tecsecmty.com\/index.php\/wp-json\/wp\/v2\/product_tag?post=7112"}],"curies":[{"name":"wp","href":"https:\/\/api.w.org\/{rel}","templated":true}]}}