{"id":7114,"date":"2023-02-23T16:05:05","date_gmt":"2023-02-23T22:05:05","guid":{"rendered":"https:\/\/tecsecmty.com\/index.php\/producto\/bosch-v_vg4a9542-montaje-para-instalacion-en-esquinas-para-uso-con-vg4apa0-vg4apa1-vg4apa2-vgapendarm\/"},"modified":"2023-03-22T23:22:09","modified_gmt":"2023-03-23T05:22:09","slug":"bosch-v_vg4a9542-montaje-para-instalacion-en-esquinas-para-uso-con-vg4apa0-vg4apa1-vg4apa2-vgapendarm","status":"publish","type":"product","link":"https:\/\/tecsecmty.com\/index.php\/producto\/bosch-v_vg4a9542-montaje-para-instalacion-en-esquinas-para-uso-con-vg4apa0-vg4apa1-vg4apa2-vgapendarm\/","title":{"rendered":"BOSCH V_VG4A9542 &#8211; Montaje para instalacion en esquinas \/ Para uso con VG4APA0 \/ VG4APA1 \/ VG4APA2 \/ VGAPENDARM"},"content":{"rendered":"<h5 class=\"card-title text-center\">VG4-A-9542 Adaptador de montaje en esquina<\/h5>\n<p class=\"ql-align-justify\"><strong>Las c\u00e1maras de la serie AUTODOME representan los \u00faltimos avances en las tecnolog\u00edas de videovigilancia.<\/strong>\u00a0Las c\u00e1maras se entregan totalmente montadas en un soporte colgante o en una carcasa para montaje en el techo. Bosch ofrece una amplia gama de soportes de montaje, cajas de alimentaci\u00f3n y accesorios para que pueda personalizar su instalaci\u00f3n con el fin de adaptarla a multitud de aplicaciones y entornos. Estos elementos se venden por separado, por lo que solo tiene que adquirir los que necesita y, en consecuencia, puede ahorrar dinero y simplificar sus compras.<\/p>\n<p class=\"ql-align-justify\"><strong>Resumen del sistema<\/strong><\/p>\n<p class=\"ql-align-justify\"><strong>Opciones de montaje y kits de soporte<\/strong><\/p>\n<p class=\"ql-align-justify\">Bosch ofrece un amplio abanico de opciones de montaje y kits de soporte para adaptar su instalaci\u00f3n AUTODOME a los entorno m\u00e1s diversos.<\/p>\n<p class=\"ql-align-justify\"><strong>Soportes de montaje colgante<\/strong><\/p>\n<p class=\"ql-align-justify\"><strong>Las carcasas AUTODOME para montaje colgante en interiores\/exteriores pueden conectarse a un soporte de montaje de brazo, de montaje en el tejado o de montaje en el techo.<\/strong>\u00a0Existen soportes de montaje de brazo colgante con una caja de alimentaci\u00f3n conectada o como brazo independiente con cableado conectado. Todos los soportes de brazo colgante pueden conectarse a un adaptador de esquina o de m\u00e1stil (poste), lo que ampl\u00eda las opciones de instalaci\u00f3n. Adem\u00e1s de los soportes de brazo, Bosch ofrece un soporte de montaje en el techo y un soporte de montaje en el tejado. El soporte de montaje en el techo permite acoplar una carcasa colgante AUTODOME en un techo de 1-1\/2 pulgadas (proporcionada por el usuario). El soporte de montaje en la azotea es un poste de aluminio que fija una c\u00e1mara colgante AUTODOME a la superficie de un tejado. Adem\u00e1s, existen accesorios para fijar el soporte de montaje en la azotea a la superficie de un tejado plano.<\/p>\n<p class=\"ql-align-justify\"><strong>Kits de soporte para montaje en el techo<\/strong><\/p>\n<p class=\"ql-align-justify\"><strong>Las carcasas AUTODOME para montaje en el techo no necesitan accesorios opcionales para el montaje en techos de yeso, pero existen kits de apoyo para las necesidades espec\u00edficas de cada instalaci\u00f3n.\u00a0<\/strong>Para techos en suspensi\u00f3n o colgantes, Bosch ofrece un kit que proporciona la asistencia necesaria para fijar la carcasa de montaje en el techo a una placa del techo.\u00a0<strong>Bosch\u00a0<\/strong>tambi\u00e9n ofrece un kit que ofrece un grado de protecci\u00f3n<strong>\u00a0IP54<\/strong>\u00a0contra la penetraci\u00f3n de agua y suciedad para la instalaci\u00f3n en el techo de las series 100\/600, mientras que el kit de montaje en el techo\u00a0<strong>AUTODOME 7000<\/strong>\u00a0cumple el grado de protecci\u00f3n IP54 sin necesidad de adquirir componentes adicionales.<\/p>\n<p class=\"ql-align-justify\"><strong>Nota: VG4-A-9542 Adaptador de montaje en esquina<\/strong><\/p>\n<p class=\"ql-align-justify\"><strong>Adaptador de montaje en esquina para soporte colgante de AUTODOME o un DINION imager.<\/strong><\/p>\n<p class=\"ql-align-justify\"><strong>N\u00famero de pedido: VG4-A-9542.<\/strong><\/p>\n<p class=\"ql-align-justify\"><strong>Especificaciones<\/strong><\/p>\n<ul>\n<li class=\"ql-align-justify\">Cajas de alimentaci\u00f3n de 24 V CA, 120 V CA y 230 V CA u Soportes de montaje colgante en la pared, en esquina, en un m\u00e1stil, en el tejado y en el techo.<\/li>\n<li class=\"ql-align-justify\">Kits de soporte de montaje en el techo para techos suspendidos y para la certificaci\u00f3n IP54.<\/li>\n<li class=\"ql-align-justify\">Unidades de comunicaci\u00f3n de fibra \u00f3ptica IP y anal\u00f3gica.<\/li>\n<li class=\"ql-align-justify\">Policarbonato reforzado, nailon con clasificaci\u00f3n IK10 y burbujas de protecci\u00f3n acr\u00edlicas de alta resoluci\u00f3n.<\/li>\n<\/ul>\n<p><img decoding=\"async\" class=\"overview-center-img-\" src=\"https:\/\/tvc.mx\/media\/14106\/Logoopaginas-oficial.png\" alt=\"\" \/><\/p>\n","protected":false},"excerpt":{"rendered":"<p>VG4-A-9542 Adaptador de montaje en esquina Las c\u00e1maras de la serie AUTODOME representan los \u00faltimos avances en las tecnolog\u00edas de videovigilancia.\u00a0Las c\u00e1maras se entregan totalmente montadas en un soporte colgante o en una carcasa para montaje en el techo. Bosch ofrece una amplia gama de&hellip;<\/p>\n","protected":false},"featured_media":7113,"comment_status":"open","ping_status":"closed","template":"","meta":{"om_disable_all_campaigns":false,"_monsterinsights_skip_tracking":false,"_monsterinsights_sitenote_active":false,"_monsterinsights_sitenote_note":"","_monsterinsights_sitenote_category":0},"product_brand":[],"product_cat":[637],"product_tag":[613,611,612,616,615,610,614,617],"class_list":{"0":"post-7114","1":"product","2":"type-product","3":"status-publish","4":"has-post-thumbnail","6":"product_cat-soporte-y-montaje-accesorios-bosch-video-vigilancia","7":"product_tag-bosch","8":"product_tag-manhattan","9":"product_tag-saxxon","10":"product_tag-surveon","11":"product_tag-utepo","12":"product_tag-videovigilancia","13":"product_tag-vivotek","14":"product_tag-zteco","16":"first","17":"instock","18":"sale","19":"taxable","20":"shipping-taxable","21":"purchasable","22":"product-type-simple"},"aioseo_notices":[],"_links":{"self":[{"href":"https:\/\/tecsecmty.com\/index.php\/wp-json\/wp\/v2\/product\/7114","targetHints":{"allow":["GET"]}}],"collection":[{"href":"https:\/\/tecsecmty.com\/index.php\/wp-json\/wp\/v2\/product"}],"about":[{"href":"https:\/\/tecsecmty.com\/index.php\/wp-json\/wp\/v2\/types\/product"}],"replies":[{"embeddable":true,"href":"https:\/\/tecsecmty.com\/index.php\/wp-json\/wp\/v2\/comments?post=7114"}],"version-history":[{"count":0,"href":"https:\/\/tecsecmty.com\/index.php\/wp-json\/wp\/v2\/product\/7114\/revisions"}],"wp:featuredmedia":[{"embeddable":true,"href":"https:\/\/tecsecmty.com\/index.php\/wp-json\/wp\/v2\/media\/7113"}],"wp:attachment":[{"href":"https:\/\/tecsecmty.com\/index.php\/wp-json\/wp\/v2\/media?parent=7114"}],"wp:term":[{"taxonomy":"product_brand","embeddable":true,"href":"https:\/\/tecsecmty.com\/index.php\/wp-json\/wp\/v2\/product_brand?post=7114"},{"taxonomy":"product_cat","embeddable":true,"href":"https:\/\/tecsecmty.com\/index.php\/wp-json\/wp\/v2\/product_cat?post=7114"},{"taxonomy":"product_tag","embeddable":true,"href":"https:\/\/tecsecmty.com\/index.php\/wp-json\/wp\/v2\/product_tag?post=7114"}],"curies":[{"name":"wp","href":"https:\/\/api.w.org\/{rel}","templated":true}]}}