{"id":7118,"date":"2023-02-23T16:05:10","date_gmt":"2023-02-23T22:05:10","guid":{"rendered":"https:\/\/tecsecmty.com\/index.php\/producto\/bosch-v_vg4apa0-soporte-de-pared-sin-transformador-para-autodome\/"},"modified":"2023-03-22T23:22:09","modified_gmt":"2023-03-23T05:22:09","slug":"bosch-v_vg4apa0-soporte-de-pared-sin-transformador-para-autodome","status":"publish","type":"product","link":"https:\/\/tecsecmty.com\/index.php\/producto\/bosch-v_vg4apa0-soporte-de-pared-sin-transformador-para-autodome\/","title":{"rendered":"BOSCH V_VG4APA0 &#8211; Soporte de pared sin transformador para AUTODOME"},"content":{"rendered":"<h5 class=\"card-title text-center\">VG4-A-PA0 Soporte de brazo de pared<\/h5>\n<p class=\"ql-align-justify\"><strong>Las c\u00e1maras de la serie AUTODOME representan los \u00faltimos avances en las tecnolog\u00edas de videovigilancia.<\/strong>\u00a0Las c\u00e1maras se entregan totalmente montadas en un soporte colgante o en una carcasa para montaje en el techo. Bosch ofrece una amplia gama de soportes de montaje, cajas de alimentaci\u00f3n y accesorios para que pueda personalizar su instalaci\u00f3n con el fin de adaptarla a multitud de aplicaciones y entornos. Estos elementos se venden por separado, por lo que solo tiene que adquirir los que necesita y, en consecuencia, puede ahorrar dinero y simplificar sus compras.<\/p>\n<p class=\"ql-align-justify\"><strong>Descripci\u00f3n del sistema<\/strong><\/p>\n<p class=\"ql-align-justify\"><strong>Opciones de montaje y kits de soporte<\/strong><\/p>\n<p class=\"ql-align-justify\"><strong>Bosch ofrece un amplio abanico de opciones de montaje y kits de soporte para adaptar su instalaci\u00f3n AUTODOME a los entorno m\u00e1s diversos.<\/strong><\/p>\n<p class=\"ql-align-justify\"><strong>Soportes de montaje colgante<\/strong><\/p>\n<p class=\"ql-align-justify\"><strong>Las carcasas AUTODOME para montaje colgante en interiores\/exteriores<\/strong>\u00a0pueden conectarse a un soporte de montaje de brazo, de montaje en el tejado o de montaje en el techo. Existen soportes de montaje de brazo colgante con una caja de alimentaci\u00f3n conectada o como brazo independiente con cableado conectado. Todos los soportes de brazo colgante pueden conectarse a un adaptador de esquina o de m\u00e1stil (poste), lo que ampl\u00eda las opciones de instalaci\u00f3n. Adem\u00e1s de los soportes de brazo, Bosch ofrece un soporte de montaje en el techo y un soporte de montaje en el tejado. El soporte de montaje en el techo permite acoplar una carcasa colgante AUTODOME en un techo de 1-1\/2 pulgadas (proporcionada por el usuario). El soporte de montaje en la azotea es un poste de aluminio que fija una c\u00e1mara colgante AUTODOME a la superficie de un tejado. Adem\u00e1s, existen accesorios para fijar el soporte de montaje en la azotea a la superficie de un tejado plano.<\/p>\n<p class=\"ql-align-justify\"><strong>Kits de soporte para montaje en el techo<\/strong><\/p>\n<p class=\"ql-align-justify\"><strong>Las carcasas AUTODOME para montaje en el techo no necesitan accesorios opcionales para el montaje en techos de yeso, pero existen kits de apoyo para las necesidades espec\u00edficas de cada instalaci\u00f3n.<\/strong><\/p>\n<p class=\"ql-align-justify\"><strong>Fuentes de alimentaci\u00f3n<\/strong><\/p>\n<p class=\"ql-align-justify\"><strong>Bosch ofrece una amplia gama de cajas de alimentaci\u00f3n independientes que pueden adquirirse sin transformador (para la entrada de alimentaci\u00f3n de 24 V CA) o con un transformador de 120 V CA o de 230 V CA. Cada caja de alimentaci\u00f3n ofrece una salida de 100 W y las carcasas de la caja de alimentaci\u00f3n cuentan con la certificaci\u00f3n NEMA. Tambi\u00e9n se encuentran disponibles un embellecedor para mejorar la est\u00e9tica de la caja de alimentaci\u00f3n y una cubierta para la caja de alimentaci\u00f3n de repuesto.<\/strong><\/p>\n<p class=\"ql-align-justify\"><strong>Kits de fibra \u00f3ptica<\/strong><\/p>\n<p class=\"ql-align-justify\"><strong>El VGA-FIBER-AN (multimodo)<\/strong>\u00a0es un kit de conversi\u00f3n anal\u00f3gico de fibra \u00f3ptica concebido para su uso con c\u00e1maras AUTODOME de las series 100 y 600. Este es un m\u00f3dulo de recepci\u00f3n de datos y transmisi\u00f3n de v\u00eddeo que se ha dise\u00f1ado para montarse directamente en una caja de alimentaci\u00f3n AUTODOME. El VG4-SFPSCKT es un m\u00f3dulo convertidor de medios exclusivo concebido para su uso con las c\u00e1maras AUTODOME de la serie 7000. Este convertidor de medios est\u00e1 dise\u00f1ado para admitir una amplia gama de m\u00f3dulos conectables peque\u00f1os (SFP) de 10\/100 Mbps para su uso con fibra \u00f3ptica monomodo o multimodo con conectores sencillos (SC) o de doble fibra (LC). El usuario puede instalar directamente el m\u00f3dulo convertidor de medios y el m\u00f3dulo SFP en la caja de alimentaci\u00f3n de la unidad AUTODOME, lo que crea una soluci\u00f3n de fibra \u00f3ptica integrada.<\/p>\n<p class=\"ql-align-justify\"><strong>Nota: VG4-A-PA0 Soporte de brazo de pared<\/strong><\/p>\n<p class=\"ql-align-justify\"><strong>Soporte de brazo de pared con caja de alimentaci\u00f3n para c\u00e1mara AUTODOME, sin transformador, blanco.<\/strong><\/p>\n<p class=\"ql-align-justify\"><strong>N\u00famero de pedido: VG4-A-PA0.<\/strong><\/p>\n<p class=\"ql-align-justify\"><strong>Principales Caracter\u00edsticas<\/strong><\/p>\n<ul>\n<li class=\"ql-align-justify\">Cajas de alimentaci\u00f3n de 24 V CA, 120 V CA y 230 V CA.<\/li>\n<li class=\"ql-align-justify\">Soportes de montaje colgante en la pared, en esquina, en un m\u00e1stil, en el tejado y en el techo.<\/li>\n<li class=\"ql-align-justify\">Kits de soporte de montaje en el techo para techos suspendidos y para la certificaci\u00f3n IP54.<\/li>\n<li class=\"ql-align-justify\">Unidades de comunicaci\u00f3n de fibra \u00f3ptica IP y anal\u00f3gica.<\/li>\n<li class=\"ql-align-justify\">Policarbonato reforzado, nailon con clasificaci\u00f3n IK10 y burbujas de protecci\u00f3n acr\u00edlicas de alta resoluci\u00f3n.<\/li>\n<\/ul>\n<p class=\"ql-align-justify\"><strong>Especificaciones<\/strong><\/p>\n<p class=\"ql-align-justify\"><strong>Soportes de montaje colgante para interiores1 (an x al x pr)<\/strong><\/p>\n<ul>\n<li class=\"ql-align-justify\">VGA-PEND-ARM: 169,5 mm x 366,4 mm x 460,1 mm (6,67 pulg x 14,43 pulg x 18,12 pulg).<\/li>\n<\/ul>\n<p class=\"ql-align-justify\"><strong>Soportes de montaje colgante para exteriores1 (an x al x pr)<\/strong><\/p>\n<ul>\n<li class=\"ql-align-justify\">VGA-PEND-ARM: 224,0 mm x 366,4 mm x 477,6 mm (8,82 pulg x 14,43 pulg x 18,8 pulg).<\/li>\n<\/ul>\n<p class=\"ql-align-justify\"><strong>Mec\u00e1nicas<\/strong><\/p>\n<ul>\n<li class=\"ql-align-justify\">Certificaciones: Certificaciones UL, CE y para c\u00e1mara de aire.<\/li>\n<li class=\"ql-align-justify\">Dimensiones (an x al x pr), todos los modelos2 170,0 mm x 216,4 mm x 105,0 mm (6,69 pulg x 8,52 pulg x 4,13 pulg).<\/li>\n<li class=\"ql-align-justify\">Material de fabricaci\u00f3n Aluminio fundido.<\/li>\n<li class=\"ql-align-justify\">Color est\u00e1ndar Blanco (RAL 9003).<\/li>\n<li class=\"ql-align-justify\">Acabado est\u00e1ndar Recubrimiento de polvo, acabado en<\/li>\n<\/ul>\n<p class=\"ql-align-justify\"><strong>Ambientales<\/strong><\/p>\n<ul>\n<li class=\"ql-align-justify\">Temperatura de funcionamiento: De \u201360\u00a0\u00b0C a +55\u00a0\u00b0C (de -76\u00a0\u00b0F a 131\u00a0\u00b0F).<\/li>\n<li class=\"ql-align-justify\">HumedadDe 0\u00a0% al 100\u00a0%, condensaci\u00f3n\u00cdndice de protecci\u00f3n IP\/Est\u00e1ndarIP66.<\/li>\n<li class=\"ql-align-justify\">Clasificaci\u00f3n IKIK 8 (IEC 62262).<\/li>\n<li class=\"ql-align-justify\">\u00cdndice de protecci\u00f3n IP\/Est\u00e1ndar: IP66.<\/li>\n<\/ul>\n<p class=\"ql-align-justify\"><strong>Nota: Bosch ofrece tambi\u00e9n un completo conjunto de hardware y accesorios (que se adquiere por separado) para montaje: en esquina, en m\u00e1stil, en tejado y en techo, y que facilita la colocaci\u00f3n del AutoDome en cada ubicaci\u00f3n.<\/strong><\/p>\n<p><img decoding=\"async\" class=\"overview-center-img-\" src=\"https:\/\/tvc.mx\/media\/15322\/Logoopaginas-oficial.png\" alt=\"\" \/><\/p>\n","protected":false},"excerpt":{"rendered":"<p>VG4-A-PA0 Soporte de brazo de pared Las c\u00e1maras de la serie AUTODOME representan los \u00faltimos avances en las tecnolog\u00edas de videovigilancia.\u00a0Las c\u00e1maras se entregan totalmente montadas en un soporte colgante o en una carcasa para montaje en el techo. Bosch ofrece una amplia gama de&hellip;<\/p>\n","protected":false},"featured_media":7117,"comment_status":"open","ping_status":"closed","template":"","meta":{"om_disable_all_campaigns":false,"_monsterinsights_skip_tracking":false,"_monsterinsights_sitenote_active":false,"_monsterinsights_sitenote_note":"","_monsterinsights_sitenote_category":0},"product_brand":[],"product_cat":[637],"product_tag":[613,611,612,616,615,610,614,617],"class_list":{"0":"post-7118","1":"product","2":"type-product","3":"status-publish","4":"has-post-thumbnail","6":"product_cat-soporte-y-montaje-accesorios-bosch-video-vigilancia","7":"product_tag-bosch","8":"product_tag-manhattan","9":"product_tag-saxxon","10":"product_tag-surveon","11":"product_tag-utepo","12":"product_tag-videovigilancia","13":"product_tag-vivotek","14":"product_tag-zteco","16":"first","17":"instock","18":"sale","19":"taxable","20":"shipping-taxable","21":"purchasable","22":"product-type-simple"},"aioseo_notices":[],"_links":{"self":[{"href":"https:\/\/tecsecmty.com\/index.php\/wp-json\/wp\/v2\/product\/7118","targetHints":{"allow":["GET"]}}],"collection":[{"href":"https:\/\/tecsecmty.com\/index.php\/wp-json\/wp\/v2\/product"}],"about":[{"href":"https:\/\/tecsecmty.com\/index.php\/wp-json\/wp\/v2\/types\/product"}],"replies":[{"embeddable":true,"href":"https:\/\/tecsecmty.com\/index.php\/wp-json\/wp\/v2\/comments?post=7118"}],"version-history":[{"count":0,"href":"https:\/\/tecsecmty.com\/index.php\/wp-json\/wp\/v2\/product\/7118\/revisions"}],"wp:featuredmedia":[{"embeddable":true,"href":"https:\/\/tecsecmty.com\/index.php\/wp-json\/wp\/v2\/media\/7117"}],"wp:attachment":[{"href":"https:\/\/tecsecmty.com\/index.php\/wp-json\/wp\/v2\/media?parent=7118"}],"wp:term":[{"taxonomy":"product_brand","embeddable":true,"href":"https:\/\/tecsecmty.com\/index.php\/wp-json\/wp\/v2\/product_brand?post=7118"},{"taxonomy":"product_cat","embeddable":true,"href":"https:\/\/tecsecmty.com\/index.php\/wp-json\/wp\/v2\/product_cat?post=7118"},{"taxonomy":"product_tag","embeddable":true,"href":"https:\/\/tecsecmty.com\/index.php\/wp-json\/wp\/v2\/product_tag?post=7118"}],"curies":[{"name":"wp","href":"https:\/\/api.w.org\/{rel}","templated":true}]}}