{"id":712,"date":"2023-02-15T21:33:16","date_gmt":"2023-02-15T21:33:16","guid":{"rendered":"https:\/\/tecsecmty.com\/index.php\/producto\/bala-turbohd-4k-8-megapixel-gran-angular-102%e2%88%9e-lente-2-8-mm-exterior-ip67-ir-exir-30-mts-dwdr\/"},"modified":"2023-03-22T23:20:37","modified_gmt":"2023-03-23T05:20:37","slug":"bala-turbohd-4k-8-megapixel-gran-angular-102-lente-2-8-mm-exterior-ip67-ir-exir-30-mts-dwdr","status":"publish","type":"product","link":"https:\/\/tecsecmty.com\/index.php\/producto\/bala-turbohd-4k-8-megapixel-gran-angular-102-lente-2-8-mm-exterior-ip67-ir-exir-30-mts-dwdr\/","title":{"rendered":"Bala TURBOHD 4K (8 Megapixel) \/ Gran Angular 102 \/ Lente 2.8 mm \/ Exterior IP67 \/ IR EXIR 30 mts \/ dWDR"},"content":{"rendered":"<div class=\"container\">\n<div class=\"row\">\n<div class=\"col-md-12\">\n<div class=\"row\">\n<div class=\"row\">\n<div class=\"col-md-12\">\n<h4 class=\"text-primary center info-text\" style=\"text-align: center;\">Informaci\u00f3n de Producto<\/h4>\n<\/div>\n<\/div>\n<div class=\"row\" style=\"text-align: center;\">\n<div class=\"col-md-12\">\n<h3>Bala TURBOHD 4K (8 Megapixel) \/ Gran Angular 102\u00b0 \/ Lente 2.8 mm \/ Exterior IP67 \/ IR EXIR 30 mts \/ dWDR<\/h3>\n<\/div>\n<\/div>\n<div id=\"producto_container\" class=\"row\" style=\"text-align: center;\">\n<div class=\"col-md-4\">\n<p><img decoding=\"async\" class=\"img-responsive center-block\" src=\"https:\/\/ftp3.syscom.mx\/usuarios\/fotos\/BancoFotografiasSyscom\/HIKVISION\/DS2CE16U1TITF\/DS2CE16U1TITF-p.PNG\" alt=\"DS-2CE16U1T-ITF\" \/><\/p>\n<div class=\"row\">\n<div id=\"galerias\" class=\"col-sm-12\"><\/div>\n<\/div>\n<\/div>\n<div class=\"col-md-4\">\n<div><img decoding=\"async\" class=\"img-responsive img-thumbnail\" src=\"https:\/\/ftp3.syscom.mx\/usuarios\/fotos\/logotipos\/hikvision.png\" \/><\/div>\n<div><img decoding=\"async\" class=\"icono_info_product\" src=\"https:\/\/ftp3.syscom.mx\/usuarios\/fotos\/4k1.png?v=1534268246?v=1.04\" \/><img decoding=\"async\" class=\"icono_info_product\" src=\"https:\/\/ftp3.syscom.mx\/usuarios\/ftp\/downloads\/METALICAS.jpg\" \/><img decoding=\"async\" class=\"icono_info_product\" src=\"https:\/\/ftp3.syscom.mx\/usuarios\/ftp\/syscom_mx\/t_4.png\" \/><\/div>\n<div>\n<p>Modelo:\u00a0<span class=\"modelo-marca\">DS-2CE16U1T-ITF<\/span><\/p>\n<p>Marca:\u00a0<span class=\"modelo-marca\">HIKVISION<\/span><\/p>\n<\/div>\n<div>\n<h2 class=\"no_margin_top\"><\/h2>\n<\/div>\n<\/div>\n<\/div>\n<\/div>\n<div class=\"row \" style=\"text-align: center;\">\n<div class=\"col-md-12\">\n<div class=\"row\">\n<h3 class=\"text-primary\">Especificaciones:<\/h3>\n<\/div>\n<div class=\"row well\">\n<p><img decoding=\"async\" class=\"fr-fic fr-dii\" src=\"https:\/\/ftp3.syscom.mx\/usuarios\/jsosa\/HIKVISION\/imagenes\/logo\/hikvision%20see%20far.png\" \/><\/p>\n<p>&nbsp;<\/p>\n<div class=\"row\">\n<div class=\"col-sm-4\">\n<div>\n<p><strong>Caracter\u00edsticas principales:<\/strong><\/p>\n<ul>\n<li>Resoluci\u00f3n m\u00e1xima: 8.29 Megap\u00edxel (3840 x 2160).<\/li>\n<li>Sensor CMOS scan progresivo.<\/li>\n<li>Lente fijo: 2.8 mm (\u00e1ngulo de visi\u00f3n 102.2\u00ba).<\/li>\n<li>30 mts IR EXIR.<\/li>\n<li>Soporta 4 tecnolog\u00edas (TVI \/ AHD \/ CVI \/ CVBS).<\/li>\n<li>Permite seleccionar la resoluci\u00f3n entre 8 Megap\u00edxel \/ 5 Megap\u00edxel \/ 4 Megap\u00edxel \/ 2 Megap\u00edxel.<\/li>\n<li>Funciones: dWDR \/ BLC \/ DNR \/ Mirror.<\/li>\n<li>El cambio de tecnolog\u00eda (TVI-AHD-CVBS-CVI) se puede realizar \u00fanicamente cuando la c\u00e1mara est\u00e1 en su resoluci\u00f3n m\u00e1xima, no se puede cambiar la tecnolog\u00eda si la c\u00e1mara no esta en su resoluci\u00f3n m\u00e1xima.<\/li>\n<\/ul>\n<p><strong>Accesorios:<\/strong><\/p>\n<ul>\n<li><strong>Caja de conexiones, modelo:\u00a0<\/strong><a href=\"https:\/\/www.syscom.mx\/producto\/DS-1280ZJ-XS-HIKVISION-84491.html\" target=\"_blank\" rel=\"noopener\">DS-1280ZJ-XS\u00a0<\/a><\/li>\n<\/ul>\n<\/div>\n<\/div>\n<div class=\"col-sm-4\">\n<div>\n<p><strong>Caracter\u00edsticas F\u00edsicas y El\u00e9ctricas:<\/strong><strong>NOTA:\u00a0Para aplicacion de mas de una camara se recomienda el uso de fuente en corriente alterna en conjunto con el PLAD1000I y conector JR52.<\/strong><\/p>\n<ul>\n<li>Temperatura de operaci\u00f3n: -40\u00baC a 60\u00baC.<\/li>\n<li>Alimentaci\u00f3n: 12 Vcc \/ 5.3 Watts.<\/li>\n<li>Protecci\u00f3n: IP67.<\/li>\n<li>Fabricado en metal y policarbonato.<\/li>\n<li>Dimensiones: 81.9 x 86.7 x 217.9 mm.<\/li>\n<li>Peso: 435 gramos.<\/li>\n<li>Garant\u00eda: 2 a\u00f1os.<\/li>\n<\/ul>\n<\/div>\n<\/div>\n<div class=\"col-sm-4\">\n<div>\n<p><strong>M\u00e1xima compatibilidad:<\/strong><img decoding=\"async\" src=\"http:\/\/ftp3.syscom.mx\/usuarios\/anavarrete\/Noe\/imagen1.png\" width=\"85%\" \/><\/p>\n<\/div>\n<\/div>\n<\/div>\n<p>&nbsp;<\/p>\n<div class=\"row\">\n<div class=\"col-sm-12\">\n<div>\n<p><strong>Consideraciones:<\/strong><\/p>\n<ul>\n<li><\/li>\n<\/ul>\n<\/div>\n<\/div>\n<\/div>\n<p>&nbsp;<\/p>\n<h1><strong>Recursos<\/strong><\/h1>\n<p>&nbsp;<\/p>\n<div class=\"row default_margin_bottom\">\n<div class=\"col-sm-4\"><a href=\"https:\/\/www.hikvision.com\/es-la\/support\/download\/software\/ivms4200-series\/?q=serie%20ivms4200&amp;position=1\" target=\"_blank\" rel=\"noopener\"><img decoding=\"async\" class=\"img-responsive\" src=\"https:\/\/ftp3.syscom.mx\/usuarios\/gmagos\/HIK\/IP\/IPC\/Imagenes%20pagina\/Descargas%20IVMS4200.jpg\" \/><\/a><\/div>\n<div class=\"col-sm-4\"><a href=\"https:\/\/appstore.hikvision.com\/\" target=\"_blank\" rel=\"noopener\"><img decoding=\"async\" class=\"img-responsive\" src=\"https:\/\/ftp3.syscom.mx\/usuarios\/gmagos\/HIK\/IP\/IPC\/Imagenes%20pagina\/Descargas%20de%20app.jpg\" \/><\/a><\/div>\n<div class=\"col-sm-4\"><a href=\"https:\/\/ftp3.syscom.mx\/usuarios\/emendoza\/elesbanmch\/HIKVISON\/SPECS\/Especificaciones%20DS-2CE16U1T-ITF.pdf\" target=\"_blank\" rel=\"noopener\"><img decoding=\"async\" class=\"img-responsive\" src=\"https:\/\/ftp3.syscom.mx\/usuarios\/gmagos\/HIK\/IP\/IPC\/Imagenes%20pagina\/Descarga%20de%20PDF.jpg\" \/><\/a><\/div>\n<\/div>\n<p>&nbsp;<\/p>\n<p>&nbsp;<\/p>\n<p><img decoding=\"async\" class=\"fr-fic fr-dii\" src=\"https:\/\/ftp3.syscom.mx\/usuarios\/jsosa\/GIF\/4Ka.jpg\" \/><\/p>\n<p>&nbsp;<\/p>\n<\/div>\n<\/div>\n<\/div>\n<\/div>\n<\/div>\n<\/div>\n<p><img decoding=\"async\" class=\"aligncenter\" src=\"https:\/\/tracker.metricool.com\/c3po.jpg?hash=95c94f37730bb8f54dd4308f1f878f9\" \/><\/p>\n","protected":false},"excerpt":{"rendered":"<p>Informaci\u00f3n de Producto Bala TURBOHD 4K (8 Megapixel) \/ Gran Angular 102\u00b0 \/ Lente 2.8 mm \/ Exterior IP67 \/ IR EXIR 30 mts \/ dWDR Modelo:\u00a0DS-2CE16U1T-ITF Marca:\u00a0HIKVISION Especificaciones: &nbsp; Caracter\u00edsticas principales: Resoluci\u00f3n m\u00e1xima: 8.29 Megap\u00edxel (3840 x 2160). Sensor CMOS scan progresivo. Lente fijo:&hellip;<\/p>\n","protected":false},"featured_media":764,"comment_status":"open","ping_status":"closed","template":"","meta":{"om_disable_all_campaigns":false,"_monsterinsights_skip_tracking":false,"_monsterinsights_sitenote_active":false,"_monsterinsights_sitenote_note":"","_monsterinsights_sitenote_category":0},"product_brand":[],"product_cat":[41],"product_tag":[42,43,38,37],"class_list":{"0":"post-712","1":"product","2":"type-product","3":"status-publish","4":"has-post-thumbnail","6":"product_cat-bala","7":"product_tag-camaras","8":"product_tag-camaras-bala","9":"product_tag-camaras-de-seguridad","10":"product_tag-hikvision","12":"first","13":"instock","14":"taxable","15":"shipping-taxable","16":"product-type-simple"},"aioseo_notices":[],"_links":{"self":[{"href":"https:\/\/tecsecmty.com\/index.php\/wp-json\/wp\/v2\/product\/712","targetHints":{"allow":["GET"]}}],"collection":[{"href":"https:\/\/tecsecmty.com\/index.php\/wp-json\/wp\/v2\/product"}],"about":[{"href":"https:\/\/tecsecmty.com\/index.php\/wp-json\/wp\/v2\/types\/product"}],"replies":[{"embeddable":true,"href":"https:\/\/tecsecmty.com\/index.php\/wp-json\/wp\/v2\/comments?post=712"}],"version-history":[{"count":0,"href":"https:\/\/tecsecmty.com\/index.php\/wp-json\/wp\/v2\/product\/712\/revisions"}],"wp:featuredmedia":[{"embeddable":true,"href":"https:\/\/tecsecmty.com\/index.php\/wp-json\/wp\/v2\/media\/764"}],"wp:attachment":[{"href":"https:\/\/tecsecmty.com\/index.php\/wp-json\/wp\/v2\/media?parent=712"}],"wp:term":[{"taxonomy":"product_brand","embeddable":true,"href":"https:\/\/tecsecmty.com\/index.php\/wp-json\/wp\/v2\/product_brand?post=712"},{"taxonomy":"product_cat","embeddable":true,"href":"https:\/\/tecsecmty.com\/index.php\/wp-json\/wp\/v2\/product_cat?post=712"},{"taxonomy":"product_tag","embeddable":true,"href":"https:\/\/tecsecmty.com\/index.php\/wp-json\/wp\/v2\/product_tag?post=712"}],"curies":[{"name":"wp","href":"https:\/\/api.w.org\/{rel}","templated":true}]}}