{"id":7124,"date":"2023-02-23T16:05:16","date_gmt":"2023-02-23T22:05:16","guid":{"rendered":"https:\/\/tecsecmty.com\/index.php\/producto\/bosch-v_vg4apsu1-fuente-de-alimentacion-para-autodome-120-vac-caja-con-tapa\/"},"modified":"2023-03-22T23:22:09","modified_gmt":"2023-03-23T05:22:09","slug":"bosch-v_vg4apsu1-fuente-de-alimentacion-para-autodome-120-vac-caja-con-tapa","status":"publish","type":"product","link":"https:\/\/tecsecmty.com\/index.php\/producto\/bosch-v_vg4apsu1-fuente-de-alimentacion-para-autodome-120-vac-caja-con-tapa\/","title":{"rendered":"BOSCH V_VG4APSU1 &#8211; Fuente de alimentacion para AUTODOME 120 VAC \/ Caja con tapa"},"content":{"rendered":"<h5 class=\"card-title text-center\">G4-A-PSU1 Unidad de alimentaci\u00f3n de 120 VCA<\/h5>\n<p class=\"ql-align-justify\"><strong>Las c\u00e1maras de la serie AUTODOME representan lo \u00faltimos avances en tecnolog\u00eda de videovigilancia, las c\u00e1maras se env\u00edan completamente ensambladas en un colgante o en una carcasa de aislamiento.<\/strong><\/p>\n<p class=\"ql-align-justify\">Bosch ofrece una gran cantidad de soportes, cajas de suministro de energ\u00eda, y accesorios para que pueda adaptar su instalaci\u00f3n para una variedad de aplicaciones y entornos. Estos art\u00edculos se venden por separado por lo que usted compra s\u00f3lo los art\u00edculos que necesitas; Ahorr\u00e1ndole dinero y simplificando compras.<\/p>\n<p class=\"ql-align-justify\"><strong>Cajas de fuente de alimentaci\u00f3n<\/strong><\/p>\n<p class=\"ql-align-justify\">Bosch ofrece cajas de alimentaci\u00f3n para todo el montaje, opciones y accesorios de alimentaci\u00f3n para mejorar la est\u00e9tica de las cajas.<\/p>\n<p class=\"ql-align-justify\"><strong>Nota: G4-A-PSU1 Unidad de alimentaci\u00f3n de 120 VCA<\/strong><\/p>\n<p class=\"ql-align-justify\"><strong>Fuente de alimentaci\u00f3n con transformador, entrada de 120 VAC, para una C\u00e1mara PTZ AUTODOME o MIC7000 Series. Blanco,<\/strong><\/p>\n<p class=\"ql-align-justify\"><strong>Carcasa de aluminio con tapa, clasificada IP66 y IK 08.<\/strong><\/p>\n<p class=\"ql-align-justify\"><strong>Salida de 100 W. Falda de ajuste opcional (se vende por separado).<\/strong><\/p>\n<p class=\"ql-align-justify\"><strong>N\u00famero de pedido: VG4-A-PSU1.<\/strong><\/p>\n<p class=\"ql-align-justify\"><strong>Principales\u00a0<\/strong><strong>caracter\u00edsticas<\/strong><\/p>\n<ul>\n<li class=\"ql-align-justify\">Fabricaci\u00f3n robusta.<\/li>\n<li class=\"ql-align-justify\">F\u00e1cil instalaci\u00f3n.<\/li>\n<li class=\"ql-align-justify\">Color blanco.<\/li>\n<\/ul>\n<p class=\"ql-align-justify\"><strong>Especificaciones<\/strong><\/p>\n<p class=\"ql-align-justify\"><strong>Mec\u00e1nicas<\/strong><\/p>\n<ul>\n<li class=\"ql-align-justify\">Certificaciones: UL, CE y para c\u00e1mara de aire.<\/li>\n<li class=\"ql-align-justify\">Dimensiones (an x al x pr),todos los modelos 2170,0 mm x 216,4 mm x 105,0 mm (6,69 pulg x 8,52 pulg x 4,13 pulg).<\/li>\n<li class=\"ql-align-justify\">Material de fabricaci\u00f3n: Aluminio fundido.<\/li>\n<li class=\"ql-align-justify\">Color est\u00e1ndar: Blanco (RAL 9003).<\/li>\n<li class=\"ql-align-justify\">Acabado est\u00e1ndar: Recubrimiento de polvo, acabado en arena2.<\/li>\n<li class=\"ql-align-justify\">Salida: De 100 W.<\/li>\n<\/ul>\n<p class=\"ql-align-justify\"><strong>Nota: Las dimensiones de las fuentes de alimentaci\u00f3n incluyen la cubierta.<\/strong><\/p>\n<p class=\"ql-align-justify\"><strong>Ambientales<\/strong><\/p>\n<ul>\n<li class=\"ql-align-justify\">Temperatura de funcionamiento: De -60\u00a0\u00b0C a 55\u00a0\u00b0C (de -76\u00a0\u00b0F a 131\u00a0\u00b0F).<\/li>\n<li class=\"ql-align-justify\">Humedad: Del 0\u00a0% al 100\u00a0%, con condensaci\u00f3n.<\/li>\n<\/ul>\n<p><img decoding=\"async\" class=\"overview-center-img-\" src=\"https:\/\/tvc.mx\/media\/15105\/Logoopaginas-oficial.png\" alt=\"\" \/><\/p>\n","protected":false},"excerpt":{"rendered":"<p>G4-A-PSU1 Unidad de alimentaci\u00f3n de 120 VCA Las c\u00e1maras de la serie AUTODOME representan lo \u00faltimos avances en tecnolog\u00eda de videovigilancia, las c\u00e1maras se env\u00edan completamente ensambladas en un colgante o en una carcasa de aislamiento. Bosch ofrece una gran cantidad de soportes, cajas de&hellip;<\/p>\n","protected":false},"featured_media":7123,"comment_status":"open","ping_status":"closed","template":"","meta":{"om_disable_all_campaigns":false,"_monsterinsights_skip_tracking":false,"_monsterinsights_sitenote_active":false,"_monsterinsights_sitenote_note":"","_monsterinsights_sitenote_category":0},"product_brand":[],"product_cat":[637],"product_tag":[613,611,612,616,615,610,614,617],"class_list":{"0":"post-7124","1":"product","2":"type-product","3":"status-publish","4":"has-post-thumbnail","6":"product_cat-soporte-y-montaje-accesorios-bosch-video-vigilancia","7":"product_tag-bosch","8":"product_tag-manhattan","9":"product_tag-saxxon","10":"product_tag-surveon","11":"product_tag-utepo","12":"product_tag-videovigilancia","13":"product_tag-vivotek","14":"product_tag-zteco","16":"first","17":"instock","18":"sale","19":"taxable","20":"shipping-taxable","21":"purchasable","22":"product-type-simple"},"aioseo_notices":[],"_links":{"self":[{"href":"https:\/\/tecsecmty.com\/index.php\/wp-json\/wp\/v2\/product\/7124","targetHints":{"allow":["GET"]}}],"collection":[{"href":"https:\/\/tecsecmty.com\/index.php\/wp-json\/wp\/v2\/product"}],"about":[{"href":"https:\/\/tecsecmty.com\/index.php\/wp-json\/wp\/v2\/types\/product"}],"replies":[{"embeddable":true,"href":"https:\/\/tecsecmty.com\/index.php\/wp-json\/wp\/v2\/comments?post=7124"}],"version-history":[{"count":0,"href":"https:\/\/tecsecmty.com\/index.php\/wp-json\/wp\/v2\/product\/7124\/revisions"}],"wp:featuredmedia":[{"embeddable":true,"href":"https:\/\/tecsecmty.com\/index.php\/wp-json\/wp\/v2\/media\/7123"}],"wp:attachment":[{"href":"https:\/\/tecsecmty.com\/index.php\/wp-json\/wp\/v2\/media?parent=7124"}],"wp:term":[{"taxonomy":"product_brand","embeddable":true,"href":"https:\/\/tecsecmty.com\/index.php\/wp-json\/wp\/v2\/product_brand?post=7124"},{"taxonomy":"product_cat","embeddable":true,"href":"https:\/\/tecsecmty.com\/index.php\/wp-json\/wp\/v2\/product_cat?post=7124"},{"taxonomy":"product_tag","embeddable":true,"href":"https:\/\/tecsecmty.com\/index.php\/wp-json\/wp\/v2\/product_tag?post=7124"}],"curies":[{"name":"wp","href":"https:\/\/api.w.org\/{rel}","templated":true}]}}