{"id":7130,"date":"2023-02-23T16:05:24","date_gmt":"2023-02-23T22:05:24","guid":{"rendered":"https:\/\/tecsecmty.com\/index.php\/producto\/bosch-v_vgaroofmount-soporte-colgante-en-tejado-para-autodome-bosch\/"},"modified":"2023-03-22T23:22:09","modified_gmt":"2023-03-23T05:22:09","slug":"bosch-v_vgaroofmount-soporte-colgante-en-tejado-para-autodome-bosch","status":"publish","type":"product","link":"https:\/\/tecsecmty.com\/index.php\/producto\/bosch-v_vgaroofmount-soporte-colgante-en-tejado-para-autodome-bosch\/","title":{"rendered":"BOSCH V_VGAROOFMOUNT &#8211; Soporte colgante en tejado para AUTODOME BOSCH"},"content":{"rendered":"<h5 class=\"card-title text-center\">VGA-ROOF-MOUNT Montaje parapeto tejado serie AUTODOME<\/h5>\n<p class=\"ql-align-justify\">Las c\u00e1maras de la serie AUTODOME representan los \u00faltimos avances en las tecnolog\u00edas de videovigilancia. Las c\u00e1maras se entregan totalmente montadas en un soporte colgante o en una carcasa para montaje en el techo.<\/p>\n<p class=\"ql-align-justify\">Las carcasas colgantes deben montarse en un brazo o en un techo utilizando una de las opciones que se indican a continuaci\u00f3n. Tambi\u00e9n existen diversos accesorios de montaje que permiten ampliar estas opciones de montaje para una amplia gama de aplicaciones.<\/p>\n<p class=\"ql-align-justify\"><strong>EL soporte de montaje en el tejado (VGA-ROOF-MOUNT)<\/strong>, con soporte de azotea solo (requiere la adquisici\u00f3n adicional del componente\u00a0<strong>VG4-A-9543).<\/strong><\/p>\n<p class=\"ql-align-justify\">\n<h4 class=\"ql-align-justify\"><strong>Nota: El Montaje en azotea, blancoLas c\u00e1maras VG5-6xx\/7xxx requieren el soporte de montaje colgante de techo VG4-A-9543 (se vende por separado).Las c\u00e1maras NEZ-5130\/NEZ-5230 requieren NDA-ADPTR-NPTMET (se vende por separado).<\/strong><\/h4>\n<p class=\"ql-align-justify\">Deje suficiente espacio debajo del soporte de montaje es para enrutar el video, control y alarma de cables a trav\u00e9s del brazo. En ciertas instalaciones puede que tenga que levantar el brazo del AutoDome para despejar la parte superior de la pared cuando se coloque en su posici\u00f3n. Proporcione suficiente holgura en los cables para girar el brazo de la tuber\u00eda sobre el techo y hacia atr\u00e1s cuando la c\u00e1mara se requiere mantenimiento.<\/p>\n<p><img decoding=\"async\" class=\"overview-center-img-\" src=\"https:\/\/tvc.mx\/media\/14208\/Logoopaginas-oficial.png\" alt=\"\" \/><\/p>\n","protected":false},"excerpt":{"rendered":"<p>VGA-ROOF-MOUNT Montaje parapeto tejado serie AUTODOME Las c\u00e1maras de la serie AUTODOME representan los \u00faltimos avances en las tecnolog\u00edas de videovigilancia. Las c\u00e1maras se entregan totalmente montadas en un soporte colgante o en una carcasa para montaje en el techo. Las carcasas colgantes deben montarse&hellip;<\/p>\n","protected":false},"featured_media":7129,"comment_status":"open","ping_status":"closed","template":"","meta":{"om_disable_all_campaigns":false,"_monsterinsights_skip_tracking":false,"_monsterinsights_sitenote_active":false,"_monsterinsights_sitenote_note":"","_monsterinsights_sitenote_category":0},"product_brand":[],"product_cat":[637],"product_tag":[613,611,612,616,615,610,614,617],"class_list":{"0":"post-7130","1":"product","2":"type-product","3":"status-publish","4":"has-post-thumbnail","6":"product_cat-soporte-y-montaje-accesorios-bosch-video-vigilancia","7":"product_tag-bosch","8":"product_tag-manhattan","9":"product_tag-saxxon","10":"product_tag-surveon","11":"product_tag-utepo","12":"product_tag-videovigilancia","13":"product_tag-vivotek","14":"product_tag-zteco","16":"first","17":"instock","18":"sale","19":"taxable","20":"shipping-taxable","21":"purchasable","22":"product-type-simple"},"aioseo_notices":[],"_links":{"self":[{"href":"https:\/\/tecsecmty.com\/index.php\/wp-json\/wp\/v2\/product\/7130","targetHints":{"allow":["GET"]}}],"collection":[{"href":"https:\/\/tecsecmty.com\/index.php\/wp-json\/wp\/v2\/product"}],"about":[{"href":"https:\/\/tecsecmty.com\/index.php\/wp-json\/wp\/v2\/types\/product"}],"replies":[{"embeddable":true,"href":"https:\/\/tecsecmty.com\/index.php\/wp-json\/wp\/v2\/comments?post=7130"}],"version-history":[{"count":0,"href":"https:\/\/tecsecmty.com\/index.php\/wp-json\/wp\/v2\/product\/7130\/revisions"}],"wp:featuredmedia":[{"embeddable":true,"href":"https:\/\/tecsecmty.com\/index.php\/wp-json\/wp\/v2\/media\/7129"}],"wp:attachment":[{"href":"https:\/\/tecsecmty.com\/index.php\/wp-json\/wp\/v2\/media?parent=7130"}],"wp:term":[{"taxonomy":"product_brand","embeddable":true,"href":"https:\/\/tecsecmty.com\/index.php\/wp-json\/wp\/v2\/product_brand?post=7130"},{"taxonomy":"product_cat","embeddable":true,"href":"https:\/\/tecsecmty.com\/index.php\/wp-json\/wp\/v2\/product_cat?post=7130"},{"taxonomy":"product_tag","embeddable":true,"href":"https:\/\/tecsecmty.com\/index.php\/wp-json\/wp\/v2\/product_tag?post=7130"}],"curies":[{"name":"wp","href":"https:\/\/api.w.org\/{rel}","templated":true}]}}