{"id":7140,"date":"2023-02-23T16:05:37","date_gmt":"2023-02-23T22:05:37","guid":{"rendered":"https:\/\/tecsecmty.com\/index.php\/producto\/vivotek-am-116-brazo-tubular-para-montaje-de-housing-20cm\/"},"modified":"2023-03-22T23:24:41","modified_gmt":"2023-03-23T05:24:41","slug":"vivotek-am-116-brazo-tubular-para-montaje-de-housing-20cm","status":"publish","type":"product","link":"https:\/\/tecsecmty.com\/index.php\/producto\/vivotek-am-116-brazo-tubular-para-montaje-de-housing-20cm\/","title":{"rendered":"VIVOTEK AM-116 &#8211; Brazo tubular para montaje de HOUSING \/ 20CM"},"content":{"rendered":"<div class=\"row aling-items-center padding-bottom-2x\">\n<div class=\"col-lg-12\">\n<h5 class=\"card-title text-center\">Informaci\u00f3n general<\/h5>\n<p class=\"ql-align-justify\">El modelo AM116 es un tubo colgante que le permite extender su instalaci\u00f3n hasta 20 cm.Permite interconectar una caja de conexi\u00f3n y un adaptador de montaje para que una c\u00e1mara pueda ser instalada de manera colgante o pared.<\/p>\n<p><img decoding=\"async\" class=\"overview-center-img-web\" src=\"https:\/\/tvc.mx\/media\/71601\/banner.jpg\" alt=\"\" \/><\/div>\n<\/div>\n<div class=\"row aling-items-center padding-bottom-2x\">\n<div class=\"col-lg-12\">\n<h5 class=\"card-title text-center\">Principales caracter\u00edsticas<\/h5>\n<ul>\n<li class=\"ql-align-justify\">Material: Aleaci\u00f3n de Aluminio.<\/li>\n<li class=\"ql-align-justify\">Housing compatibles: WB-WH, WB-82WT, WB-82WS, WB-82-VD.<\/li>\n<li>Colgante de cabeza: AM-114, AM-118<\/li>\n<li>Extensi\u00f3n: AM-116, AM-117<\/li>\n<li>Soporte de montaje en pared: AM-212, AM-218, AM-221<\/li>\n<li>Adaptador de montaje: AM-519, AM-520, AM-522 + AM-712, AM-522 + AM-713, AM-525, AM-527, AM-528, AM-529<\/li>\n<li>C\u00e1maras PTZ SD8364E, SD8363E, SD8333E, SD83x4E, SD83x6E, SD8362E<\/li>\n<\/ul>\n<p><img decoding=\"async\" class=\"overview-center-img-web\" src=\"https:\/\/tvc.mx\/media\/71607\/foto---copia.png\" alt=\"\" \/><\/div>\n<\/div>\n","protected":false},"excerpt":{"rendered":"<p>Informaci\u00f3n general El modelo AM116 es un tubo colgante que le permite extender su instalaci\u00f3n hasta 20 cm.Permite interconectar una caja de conexi\u00f3n y un adaptador de montaje para que una c\u00e1mara pueda ser instalada de manera colgante o pared. Principales caracter\u00edsticas Material: Aleaci\u00f3n de&hellip;<\/p>\n","protected":false},"featured_media":7139,"comment_status":"open","ping_status":"closed","template":"","meta":{"om_disable_all_campaigns":false,"_monsterinsights_skip_tracking":false,"_monsterinsights_sitenote_active":false,"_monsterinsights_sitenote_note":"","_monsterinsights_sitenote_category":0},"product_brand":[],"product_cat":[639],"product_tag":[613,611,612,616,615,610,614,617],"class_list":{"0":"post-7140","1":"product","2":"type-product","3":"status-publish","4":"has-post-thumbnail","6":"product_cat-soporte-y-montaje-accesorios-vivotek-video-vigilancia","7":"product_tag-bosch","8":"product_tag-manhattan","9":"product_tag-saxxon","10":"product_tag-surveon","11":"product_tag-utepo","12":"product_tag-videovigilancia","13":"product_tag-vivotek","14":"product_tag-zteco","16":"first","17":"instock","18":"sale","19":"taxable","20":"shipping-taxable","21":"purchasable","22":"product-type-simple"},"aioseo_notices":[],"_links":{"self":[{"href":"https:\/\/tecsecmty.com\/index.php\/wp-json\/wp\/v2\/product\/7140","targetHints":{"allow":["GET"]}}],"collection":[{"href":"https:\/\/tecsecmty.com\/index.php\/wp-json\/wp\/v2\/product"}],"about":[{"href":"https:\/\/tecsecmty.com\/index.php\/wp-json\/wp\/v2\/types\/product"}],"replies":[{"embeddable":true,"href":"https:\/\/tecsecmty.com\/index.php\/wp-json\/wp\/v2\/comments?post=7140"}],"version-history":[{"count":0,"href":"https:\/\/tecsecmty.com\/index.php\/wp-json\/wp\/v2\/product\/7140\/revisions"}],"wp:featuredmedia":[{"embeddable":true,"href":"https:\/\/tecsecmty.com\/index.php\/wp-json\/wp\/v2\/media\/7139"}],"wp:attachment":[{"href":"https:\/\/tecsecmty.com\/index.php\/wp-json\/wp\/v2\/media?parent=7140"}],"wp:term":[{"taxonomy":"product_brand","embeddable":true,"href":"https:\/\/tecsecmty.com\/index.php\/wp-json\/wp\/v2\/product_brand?post=7140"},{"taxonomy":"product_cat","embeddable":true,"href":"https:\/\/tecsecmty.com\/index.php\/wp-json\/wp\/v2\/product_cat?post=7140"},{"taxonomy":"product_tag","embeddable":true,"href":"https:\/\/tecsecmty.com\/index.php\/wp-json\/wp\/v2\/product_tag?post=7140"}],"curies":[{"name":"wp","href":"https:\/\/api.w.org\/{rel}","templated":true}]}}