{"id":7146,"date":"2023-02-23T16:05:42","date_gmt":"2023-02-23T22:05:42","guid":{"rendered":"https:\/\/tecsecmty.com\/index.php\/producto\/vivotek-am-312-soporte-de-exterior-para-montaje-en-poste\/"},"modified":"2023-03-22T23:24:41","modified_gmt":"2023-03-23T05:24:41","slug":"vivotek-am-312-soporte-de-exterior-para-montaje-en-poste","status":"publish","type":"product","link":"https:\/\/tecsecmty.com\/index.php\/producto\/vivotek-am-312-soporte-de-exterior-para-montaje-en-poste\/","title":{"rendered":"VIVOTEK AM-312 &#8211; Soporte de exterior para montaje en poste"},"content":{"rendered":"<div class=\"row aling-items-center padding-bottom-2x\">\n<div class=\"col-lg-12\">\n<h5 class=\"card-title text-center\">Principal caracter\u00edstica<\/h5>\n<p>El Modelo AM-312 de VIVOTEK es una soluci\u00f3n para c\u00e1mara PTZ, tipo domo y tipos Bullet, el montaje en poste es ideal para cubrir un mayor campo de visi\u00f3n de nuestras c\u00e1maras, este modelo de adaptador es compatible tambi\u00e9n con accesorios adicionales tales como:<\/p>\n<p>Soporte de montaje en pared: AM-218<\/p>\n<p>Caja de conexiones: AM-714, AM-719<\/p>\n<p><img decoding=\"async\" class=\"overview-center-img-web\" src=\"https:\/\/tvc.mx\/media\/45672\/AM312.png\" alt=\"\" \/><\/div>\n<\/div>\n<div class=\"row aling-items-center padding-bottom-2x\">\n<div class=\"col-lg-12\">\n<h5 class=\"card-title text-center\">Compatible con c\u00e1maras<\/h5>\n<p class=\"ql-align-center\">IB9371-EHT, IB9371-HT, IB9381-EHT, IB9381-HT, MS8391-EV, IB9365-(E)HT, IB9367-(E)H(T), IB8377-(E)HT, IB9387-(E)H(T), IB9391-EHT, MS8391-EV, MS9390-HV, IB8367A, IB8369A, IB8377-H, IB8379-H, IB9389-(E)H(M)(T), TB9330-E, TB9331-E<\/p>\n<p><img decoding=\"async\" class=\"overview-center-img-web\" src=\"https:\/\/tvc.mx\/media\/45675\/compatible-con...png\" alt=\"\" \/><\/div>\n<\/div>\n<div class=\"row aling-items-center padding-bottom-2x\">\n<div class=\"col-lg-12\">\n<h5 class=\"card-title text-center\">Dimensiones<\/h5>\n<p>Dimensiones de instalaci\u00f3n<\/p>\n<p><img decoding=\"async\" class=\"overview-center-img-web\" src=\"https:\/\/tvc.mx\/media\/45681\/dimensiones.png\" alt=\"\" \/><\/div>\n<\/div>\n","protected":false},"excerpt":{"rendered":"<p>Principal caracter\u00edstica El Modelo AM-312 de VIVOTEK es una soluci\u00f3n para c\u00e1mara PTZ, tipo domo y tipos Bullet, el montaje en poste es ideal para cubrir un mayor campo de visi\u00f3n de nuestras c\u00e1maras, este modelo de adaptador es compatible tambi\u00e9n con accesorios adicionales tales&hellip;<\/p>\n","protected":false},"featured_media":7145,"comment_status":"open","ping_status":"closed","template":"","meta":{"om_disable_all_campaigns":false,"_monsterinsights_skip_tracking":false,"_monsterinsights_sitenote_active":false,"_monsterinsights_sitenote_note":"","_monsterinsights_sitenote_category":0},"product_brand":[],"product_cat":[639],"product_tag":[613,611,612,616,615,610,614,617],"class_list":{"0":"post-7146","1":"product","2":"type-product","3":"status-publish","4":"has-post-thumbnail","6":"product_cat-soporte-y-montaje-accesorios-vivotek-video-vigilancia","7":"product_tag-bosch","8":"product_tag-manhattan","9":"product_tag-saxxon","10":"product_tag-surveon","11":"product_tag-utepo","12":"product_tag-videovigilancia","13":"product_tag-vivotek","14":"product_tag-zteco","16":"first","17":"instock","18":"sale","19":"taxable","20":"shipping-taxable","21":"purchasable","22":"product-type-simple"},"aioseo_notices":[],"_links":{"self":[{"href":"https:\/\/tecsecmty.com\/index.php\/wp-json\/wp\/v2\/product\/7146","targetHints":{"allow":["GET"]}}],"collection":[{"href":"https:\/\/tecsecmty.com\/index.php\/wp-json\/wp\/v2\/product"}],"about":[{"href":"https:\/\/tecsecmty.com\/index.php\/wp-json\/wp\/v2\/types\/product"}],"replies":[{"embeddable":true,"href":"https:\/\/tecsecmty.com\/index.php\/wp-json\/wp\/v2\/comments?post=7146"}],"version-history":[{"count":0,"href":"https:\/\/tecsecmty.com\/index.php\/wp-json\/wp\/v2\/product\/7146\/revisions"}],"wp:featuredmedia":[{"embeddable":true,"href":"https:\/\/tecsecmty.com\/index.php\/wp-json\/wp\/v2\/media\/7145"}],"wp:attachment":[{"href":"https:\/\/tecsecmty.com\/index.php\/wp-json\/wp\/v2\/media?parent=7146"}],"wp:term":[{"taxonomy":"product_brand","embeddable":true,"href":"https:\/\/tecsecmty.com\/index.php\/wp-json\/wp\/v2\/product_brand?post=7146"},{"taxonomy":"product_cat","embeddable":true,"href":"https:\/\/tecsecmty.com\/index.php\/wp-json\/wp\/v2\/product_cat?post=7146"},{"taxonomy":"product_tag","embeddable":true,"href":"https:\/\/tecsecmty.com\/index.php\/wp-json\/wp\/v2\/product_tag?post=7146"}],"curies":[{"name":"wp","href":"https:\/\/api.w.org\/{rel}","templated":true}]}}