{"id":7150,"date":"2023-02-23T16:05:48","date_gmt":"2023-02-23T22:05:48","guid":{"rendered":"https:\/\/tecsecmty.com\/index.php\/producto\/vivotek-am-525-base-para-montaje-de-camaras-domo-exteriores-material-metalico\/"},"modified":"2023-03-22T23:24:42","modified_gmt":"2023-03-23T05:24:42","slug":"vivotek-am-525-base-para-montaje-de-camaras-domo-exteriores-material-metalico","status":"publish","type":"product","link":"https:\/\/tecsecmty.com\/index.php\/producto\/vivotek-am-525-base-para-montaje-de-camaras-domo-exteriores-material-metalico\/","title":{"rendered":"VIVOTEK AM-525 &#8211; Base para montaje de camaras domo exteriores \/ Material metalico"},"content":{"rendered":"<div class=\"row aling-items-center padding-bottom-2x\">\n<div class=\"col-lg-12\">\n<h5 class=\"card-title text-center\">Informaci\u00f3n General<\/h5>\n<p>El AM-525, es un adaptador de montaje para c\u00e1maras tipo domo y es totalmente para exterior.<\/p>\n<p>Es compatible con distintos tipos de c\u00e1maras tipo domo.<\/p>\n<p>Tubo colgante: AM-116, AM-117<\/p>\n<p>Soporte de montaje en pared: AM-212, AM-218, AM-221<\/p>\n<p>Soporte de montaje en parapeto: AM-231<\/p>\n<p>C\u00e1mara: FD836BA-EHTV, FD836BA-EHVF2, FD836BA-HTV, FD836BA-HVF2, FD8377-EHTV, FD8377-HTV, FD8382-ETV, FD8382-EVF2, FD8382-TV, FD8382-VF2, FD9365-EHTV, FD9365-HTV, FD9367-EHTV, FD9367-HTV, FD9367-HV, FD9371-EHTV, FD9371- HTV, FD9381-EHTV, FD9381-HTV, MS8392-EV<\/p>\n<p><img decoding=\"async\" class=\"overview-center-img-web\" src=\"https:\/\/tvc.mx\/media\/76074\/am525.png\" alt=\"\" \/><\/div>\n<\/div>\n<div class=\"row aling-items-center padding-bottom-2x\">\n<div class=\"col-lg-12\">\n<h5 class=\"card-title text-center\">Caracter\u00edsticas Principales<\/h5>\n<p>AM-525<\/p>\n<p>P \/ N: 100140500G<\/p>\n<p>Material: aleaci\u00f3n de aluminio<\/p>\n<p>Color blanco<\/p>\n<p>Dimensiones: \u00d8 155 x 42 mm.<\/p>\n<p>Peso: 320 g<\/p>\n<p>Dimensi\u00f3n de la caja: 174 (L) x 163 (W) x 55 (H) mm (1 pc)<\/p>\n<p>Peso de caja: 388 g<\/p>\n<p>Dimensi\u00f3n del cart\u00f3n: 584 (L) x 354 (W) x 211 (H) mm (20 piezas)<\/p>\n<p>Peso del cart\u00f3n: 8,660 g<\/p>\n<\/div>\n<\/div>\n","protected":false},"excerpt":{"rendered":"<p>Informaci\u00f3n General El AM-525, es un adaptador de montaje para c\u00e1maras tipo domo y es totalmente para exterior. Es compatible con distintos tipos de c\u00e1maras tipo domo. Tubo colgante: AM-116, AM-117 Soporte de montaje en pared: AM-212, AM-218, AM-221 Soporte de montaje en parapeto: AM-231&hellip;<\/p>\n","protected":false},"featured_media":7149,"comment_status":"open","ping_status":"closed","template":"","meta":{"om_disable_all_campaigns":false,"_monsterinsights_skip_tracking":false,"_monsterinsights_sitenote_active":false,"_monsterinsights_sitenote_note":"","_monsterinsights_sitenote_category":0},"product_brand":[],"product_cat":[639],"product_tag":[613,611,612,616,615,610,614,617],"class_list":{"0":"post-7150","1":"product","2":"type-product","3":"status-publish","4":"has-post-thumbnail","6":"product_cat-soporte-y-montaje-accesorios-vivotek-video-vigilancia","7":"product_tag-bosch","8":"product_tag-manhattan","9":"product_tag-saxxon","10":"product_tag-surveon","11":"product_tag-utepo","12":"product_tag-videovigilancia","13":"product_tag-vivotek","14":"product_tag-zteco","16":"first","17":"instock","18":"sale","19":"taxable","20":"shipping-taxable","21":"purchasable","22":"product-type-simple"},"aioseo_notices":[],"_links":{"self":[{"href":"https:\/\/tecsecmty.com\/index.php\/wp-json\/wp\/v2\/product\/7150","targetHints":{"allow":["GET"]}}],"collection":[{"href":"https:\/\/tecsecmty.com\/index.php\/wp-json\/wp\/v2\/product"}],"about":[{"href":"https:\/\/tecsecmty.com\/index.php\/wp-json\/wp\/v2\/types\/product"}],"replies":[{"embeddable":true,"href":"https:\/\/tecsecmty.com\/index.php\/wp-json\/wp\/v2\/comments?post=7150"}],"version-history":[{"count":0,"href":"https:\/\/tecsecmty.com\/index.php\/wp-json\/wp\/v2\/product\/7150\/revisions"}],"wp:featuredmedia":[{"embeddable":true,"href":"https:\/\/tecsecmty.com\/index.php\/wp-json\/wp\/v2\/media\/7149"}],"wp:attachment":[{"href":"https:\/\/tecsecmty.com\/index.php\/wp-json\/wp\/v2\/media?parent=7150"}],"wp:term":[{"taxonomy":"product_brand","embeddable":true,"href":"https:\/\/tecsecmty.com\/index.php\/wp-json\/wp\/v2\/product_brand?post=7150"},{"taxonomy":"product_cat","embeddable":true,"href":"https:\/\/tecsecmty.com\/index.php\/wp-json\/wp\/v2\/product_cat?post=7150"},{"taxonomy":"product_tag","embeddable":true,"href":"https:\/\/tecsecmty.com\/index.php\/wp-json\/wp\/v2\/product_tag?post=7150"}],"curies":[{"name":"wp","href":"https:\/\/api.w.org\/{rel}","templated":true}]}}