{"id":7156,"date":"2023-02-23T16:05:56","date_gmt":"2023-02-23T22:05:56","guid":{"rendered":"https:\/\/tecsecmty.com\/index.php\/producto\/vivotek-am-718-caja-de-conexiones-ip67-ik10-compatible-con-montajes-en-pared-am-212-am-221-am-21c\/"},"modified":"2023-03-22T23:24:42","modified_gmt":"2023-03-23T05:24:42","slug":"vivotek-am-718-caja-de-conexiones-ip67-ik10-compatible-con-montajes-en-pared-am-212-am-221-am-21c","status":"publish","type":"product","link":"https:\/\/tecsecmty.com\/index.php\/producto\/vivotek-am-718-caja-de-conexiones-ip67-ik10-compatible-con-montajes-en-pared-am-212-am-221-am-21c\/","title":{"rendered":"VIVOTEK AM-718 &#8211; Caja de conexiones\/ IP67, IK10\/ compatible con montajes en pared AM-212\/ AM-221\/ AM-21C"},"content":{"rendered":"<div class=\"row aling-items-center padding-bottom-2x\">\n<div class=\"col-lg-12\">\n<h5 class=\"card-title text-center\">Informaci\u00f3n General<\/h5>\n<p>El modelo AM718 de VIVOTEK, es una caja de conexiones compatible con modelos de c\u00e1maras PTZ VIVOTEK, permite conectarel soporte de la PTZ, as\u00ed tambi\u00e9n es compatible con soporte de montaje en pared AM-212, AM-221, AM-21C, todos los soportes de montaje anteriores permiten en conjunto una instalaci\u00f3n en pared para permitir a la c\u00e1mara PTZ capturar video con la mayor cobertura de campo de visi\u00f3n.<\/p>\n<p><img decoding=\"async\" class=\"overview-center-img-web\" src=\"https:\/\/tvc.mx\/media\/64605\/am718.png\" alt=\"\" \/><\/div>\n<\/div>\n<div class=\"row aling-items-center padding-bottom-2x\">\n<div class=\"col-lg-12\">\n<h5 class=\"card-title text-center\">Caracter\u00edsticas Principales<\/h5>\n<ul>\n<li>Modelo: AM-718<\/li>\n<li>P \/ N: 900042800G<\/li>\n<li>Material: aluminio + SPCC<\/li>\n<li>Color blanco<\/li>\n<li>Carcasa: IP67, IK10<\/li>\n<li>Dimensiones: 255 (L) x 200 (W) x 130 (H) mm<\/li>\n<li>Peso: 2,020 g.<\/li>\n<li>Dimensi\u00f3n de la caja: 315 (L) x 258 (W) x 188 (H) mm (1 pc)<\/li>\n<li>Peso de caja: 2,650 g<\/li>\n<li>Dimensi\u00f3n del cart\u00f3n: 534 (L) x 330 (W) x 397 (H) mm (4 piezas)<\/li>\n<li>Peso del cart\u00f3n: 11,600 g<\/li>\n<\/ul>\n<p><img decoding=\"async\" class=\"overview-center-img-web\" src=\"https:\/\/tvc.mx\/media\/64608\/Blanco.png\" alt=\"\" \/><\/div>\n<\/div>\n<div class=\"row aling-items-center padding-bottom-2x\">\n<div class=\"col-lg-12\">\n<h5 class=\"card-title text-center\">Compatible con<\/h5>\n<p>Modelos compatibles:<\/p>\n<p>SD9361-EHL, SD9362-EH, SD9362-EHL, SD9363-EHL, SD9364-EH, SD9364-EHL, SD9365-EHL, SD9366-EH, SD9366-EHL, SD9362-EH-v2, SD9363-EHL-SD9363-EHL-SD EH-v2, SD9364-EHL-v2, SD9366-EH-v2<\/p>\n<p>Montaje en pared: AM-212, AM-221, AM-21C, AM-21D, AM-21E<\/p>\n<p>Montaje en poste: AM-314, AM-315<\/p>\n<p>Montaje en esquina: AM-414<\/p>\n<p><img decoding=\"async\" class=\"overview-center-img-web\" src=\"https:\/\/tvc.mx\/media\/64620\/am718compatible.png\" alt=\"\" \/><\/div>\n<\/div>\n","protected":false},"excerpt":{"rendered":"<p>Informaci\u00f3n General El modelo AM718 de VIVOTEK, es una caja de conexiones compatible con modelos de c\u00e1maras PTZ VIVOTEK, permite conectarel soporte de la PTZ, as\u00ed tambi\u00e9n es compatible con soporte de montaje en pared AM-212, AM-221, AM-21C, todos los soportes de montaje anteriores permiten&hellip;<\/p>\n","protected":false},"featured_media":7155,"comment_status":"open","ping_status":"closed","template":"","meta":{"om_disable_all_campaigns":false,"_monsterinsights_skip_tracking":false,"_monsterinsights_sitenote_active":false,"_monsterinsights_sitenote_note":"","_monsterinsights_sitenote_category":0},"product_brand":[],"product_cat":[639],"product_tag":[613,611,612,616,615,610,614,617],"class_list":{"0":"post-7156","1":"product","2":"type-product","3":"status-publish","4":"has-post-thumbnail","6":"product_cat-soporte-y-montaje-accesorios-vivotek-video-vigilancia","7":"product_tag-bosch","8":"product_tag-manhattan","9":"product_tag-saxxon","10":"product_tag-surveon","11":"product_tag-utepo","12":"product_tag-videovigilancia","13":"product_tag-vivotek","14":"product_tag-zteco","16":"first","17":"instock","18":"sale","19":"taxable","20":"shipping-taxable","21":"purchasable","22":"product-type-simple"},"aioseo_notices":[],"_links":{"self":[{"href":"https:\/\/tecsecmty.com\/index.php\/wp-json\/wp\/v2\/product\/7156","targetHints":{"allow":["GET"]}}],"collection":[{"href":"https:\/\/tecsecmty.com\/index.php\/wp-json\/wp\/v2\/product"}],"about":[{"href":"https:\/\/tecsecmty.com\/index.php\/wp-json\/wp\/v2\/types\/product"}],"replies":[{"embeddable":true,"href":"https:\/\/tecsecmty.com\/index.php\/wp-json\/wp\/v2\/comments?post=7156"}],"version-history":[{"count":0,"href":"https:\/\/tecsecmty.com\/index.php\/wp-json\/wp\/v2\/product\/7156\/revisions"}],"wp:featuredmedia":[{"embeddable":true,"href":"https:\/\/tecsecmty.com\/index.php\/wp-json\/wp\/v2\/media\/7155"}],"wp:attachment":[{"href":"https:\/\/tecsecmty.com\/index.php\/wp-json\/wp\/v2\/media?parent=7156"}],"wp:term":[{"taxonomy":"product_brand","embeddable":true,"href":"https:\/\/tecsecmty.com\/index.php\/wp-json\/wp\/v2\/product_brand?post=7156"},{"taxonomy":"product_cat","embeddable":true,"href":"https:\/\/tecsecmty.com\/index.php\/wp-json\/wp\/v2\/product_cat?post=7156"},{"taxonomy":"product_tag","embeddable":true,"href":"https:\/\/tecsecmty.com\/index.php\/wp-json\/wp\/v2\/product_tag?post=7156"}],"curies":[{"name":"wp","href":"https:\/\/api.w.org\/{rel}","templated":true}]}}