{"id":7160,"date":"2023-02-23T16:06:00","date_gmt":"2023-02-23T22:06:00","guid":{"rendered":"https:\/\/tecsecmty.com\/index.php\/producto\/vivotek-am117-brazo-tubular-para-montaje-40cm\/"},"modified":"2023-03-22T23:24:42","modified_gmt":"2023-03-23T05:24:42","slug":"vivotek-am117-brazo-tubular-para-montaje-40cm","status":"publish","type":"product","link":"https:\/\/tecsecmty.com\/index.php\/producto\/vivotek-am117-brazo-tubular-para-montaje-40cm\/","title":{"rendered":"VIVOTEK AM117 &#8211; Brazo tubular para montaje \/ 40CM"},"content":{"rendered":"<div class=\"row aling-items-center padding-bottom-2x\">\n<div class=\"col-lg-12\">\n<h5 class=\"card-title text-center\">Informaci\u00f3n general<\/h5>\n<p>El modelo AM117 de VIVOTEK es un accesorio de montaje que permite realizar una instalaci\u00f3n de c\u00e1maras IP VIVOTEK en techo en conjunto con otros adaptadores (No incluidos).<\/p>\n<p><img decoding=\"async\" class=\"overview-center-img-web\" src=\"https:\/\/tvc.mx\/media\/85268\/tubo-colgante-am117-vivotek.png\" alt=\"\" \/><\/div>\n<\/div>\n<div class=\"row aling-items-center padding-bottom-2x\">\n<div class=\"col-lg-12\">\n<h5 class=\"card-title text-center\">\u00bfCon que accesorios es compatible este adaptador de montaje?<\/h5>\n<p>Adaptador de punta: AM114, AM118<\/p>\n<p>Extensi\u00f3n: AM116, AM117<\/p>\n<p>Soporte de montaje en pared: AM212, AM218, AM221<\/p>\n<p>Adaptador de montaje: AM519, AM520, AM522 + AM712, AM522 + AM713, AM525, AM527, AM528, AM529<\/p>\n<h4>Nota: Los accesorios de montaje no est\u00e1n incluidos<\/h4>\n<p><img decoding=\"async\" class=\"overview-center-img-web\" src=\"https:\/\/tvc.mx\/media\/85272\/accesorios-compatibles-am117-vivotek.jpg\" alt=\"\" \/><\/div>\n<\/div>\n<div class=\"row aling-items-center padding-bottom-2x\">\n<div class=\"col-lg-12\">\n<h5 class=\"card-title text-center\">Caracter\u00edsticas principales<\/h5>\n<p>Modelo AM117<\/p>\n<p>Longitud 40cm<\/p>\n<p>Diametro 58mm<\/p>\n<p>&nbsp;<\/p>\n<p><img decoding=\"async\" class=\"overview-center-img-web\" src=\"https:\/\/tvc.mx\/media\/85332\/tubo-colgante-40cm-am117-vivotek.jpg\" alt=\"\" \/><\/div>\n<\/div>\n","protected":false},"excerpt":{"rendered":"<p>Informaci\u00f3n general El modelo AM117 de VIVOTEK es un accesorio de montaje que permite realizar una instalaci\u00f3n de c\u00e1maras IP VIVOTEK en techo en conjunto con otros adaptadores (No incluidos). \u00bfCon que accesorios es compatible este adaptador de montaje? Adaptador de punta: AM114, AM118 Extensi\u00f3n:&hellip;<\/p>\n","protected":false},"featured_media":7159,"comment_status":"open","ping_status":"closed","template":"","meta":{"om_disable_all_campaigns":false,"_monsterinsights_skip_tracking":false,"_monsterinsights_sitenote_active":false,"_monsterinsights_sitenote_note":"","_monsterinsights_sitenote_category":0},"product_brand":[],"product_cat":[639],"product_tag":[613,611,612,616,615,610,614,617],"class_list":{"0":"post-7160","1":"product","2":"type-product","3":"status-publish","4":"has-post-thumbnail","6":"product_cat-soporte-y-montaje-accesorios-vivotek-video-vigilancia","7":"product_tag-bosch","8":"product_tag-manhattan","9":"product_tag-saxxon","10":"product_tag-surveon","11":"product_tag-utepo","12":"product_tag-videovigilancia","13":"product_tag-vivotek","14":"product_tag-zteco","16":"first","17":"instock","18":"sale","19":"taxable","20":"shipping-taxable","21":"purchasable","22":"product-type-simple"},"aioseo_notices":[],"_links":{"self":[{"href":"https:\/\/tecsecmty.com\/index.php\/wp-json\/wp\/v2\/product\/7160","targetHints":{"allow":["GET"]}}],"collection":[{"href":"https:\/\/tecsecmty.com\/index.php\/wp-json\/wp\/v2\/product"}],"about":[{"href":"https:\/\/tecsecmty.com\/index.php\/wp-json\/wp\/v2\/types\/product"}],"replies":[{"embeddable":true,"href":"https:\/\/tecsecmty.com\/index.php\/wp-json\/wp\/v2\/comments?post=7160"}],"version-history":[{"count":0,"href":"https:\/\/tecsecmty.com\/index.php\/wp-json\/wp\/v2\/product\/7160\/revisions"}],"wp:featuredmedia":[{"embeddable":true,"href":"https:\/\/tecsecmty.com\/index.php\/wp-json\/wp\/v2\/media\/7159"}],"wp:attachment":[{"href":"https:\/\/tecsecmty.com\/index.php\/wp-json\/wp\/v2\/media?parent=7160"}],"wp:term":[{"taxonomy":"product_brand","embeddable":true,"href":"https:\/\/tecsecmty.com\/index.php\/wp-json\/wp\/v2\/product_brand?post=7160"},{"taxonomy":"product_cat","embeddable":true,"href":"https:\/\/tecsecmty.com\/index.php\/wp-json\/wp\/v2\/product_cat?post=7160"},{"taxonomy":"product_tag","embeddable":true,"href":"https:\/\/tecsecmty.com\/index.php\/wp-json\/wp\/v2\/product_tag?post=7160"}],"curies":[{"name":"wp","href":"https:\/\/api.w.org\/{rel}","templated":true}]}}