{"id":7162,"date":"2023-02-23T16:06:02","date_gmt":"2023-02-23T22:06:02","guid":{"rendered":"https:\/\/tecsecmty.com\/index.php\/producto\/vivotek-am21b-soporte-de-pared-tipo-l-para-camaras-domo-aluminio-modelos-fd8166a-fd8166an\/"},"modified":"2023-03-22T23:24:42","modified_gmt":"2023-03-23T05:24:42","slug":"vivotek-am21b-soporte-de-pared-tipo-l-para-camaras-domo-aluminio-modelos-fd8166a-fd8166an","status":"publish","type":"product","link":"https:\/\/tecsecmty.com\/index.php\/producto\/vivotek-am21b-soporte-de-pared-tipo-l-para-camaras-domo-aluminio-modelos-fd8166a-fd8166an\/","title":{"rendered":"VIVOTEK AM21B &#8211; Soporte de pared tipo l para camaras domo \/ Aluminio \/ Modelos FD8166A \/ FD8166AN"},"content":{"rendered":"<div class=\"row aling-items-center padding-bottom-2x\">\n<div class=\"col-lg-12\">\n<h5 class=\"card-title text-center\">Informaci\u00f3n General<\/h5>\n<p class=\"ql-align-justify\">El modelo AM-21B es un soporte en forma de L, especialmente para c\u00e1mara tipo Domo, y su instalaci\u00f3n es en muro, este accesorio es compatible \u00fanicamente con las siguientes c\u00e1maras tipo domo:<\/p>\n<p class=\"ql-align-justify\">FD8166A, FD8166A-N<\/p>\n<p><img decoding=\"async\" class=\"overview-center-img-web\" src=\"https:\/\/tvc.mx\/media\/84316\/am21b.png\" alt=\"\" \/><\/div>\n<\/div>\n<div class=\"row aling-items-center padding-bottom-2x\">\n<div class=\"col-lg-12\">\n<h5 class=\"card-title text-center\">Caracter\u00edsticas Principales<\/h5>\n<p>Modelo: AM-21B<\/p>\n<p>P \/ N: 100152800G<\/p>\n<p>Material: aleaci\u00f3n de aluminio<\/p>\n<p>Color blanco<\/p>\n<p>Dimensiones: 143 (L) x 95 (W) x 89 (H) mm<\/p>\n<p>Peso: 220 g<\/p>\n<p>Dimensi\u00f3n de la caja: 217 (L) x 174 (W) x 94 (H) mm (1 pc)<\/p>\n<p>Peso de caja: 400 g<\/p>\n<p>Dimensi\u00f3n del cart\u00f3n: 490 (L) x 367 (W) x 252 (H) mm (10 piezas)<\/p>\n<p>Peso del cart\u00f3n: 5,000 g<\/p>\n<\/div>\n<\/div>\n","protected":false},"excerpt":{"rendered":"<p>Informaci\u00f3n General El modelo AM-21B es un soporte en forma de L, especialmente para c\u00e1mara tipo Domo, y su instalaci\u00f3n es en muro, este accesorio es compatible \u00fanicamente con las siguientes c\u00e1maras tipo domo: FD8166A, FD8166A-N Caracter\u00edsticas Principales Modelo: AM-21B P \/ N: 100152800G Material:&hellip;<\/p>\n","protected":false},"featured_media":7161,"comment_status":"open","ping_status":"closed","template":"","meta":{"om_disable_all_campaigns":false,"_monsterinsights_skip_tracking":false,"_monsterinsights_sitenote_active":false,"_monsterinsights_sitenote_note":"","_monsterinsights_sitenote_category":0},"product_brand":[],"product_cat":[639],"product_tag":[613,611,612,616,615,610,614,617],"class_list":{"0":"post-7162","1":"product","2":"type-product","3":"status-publish","4":"has-post-thumbnail","6":"product_cat-soporte-y-montaje-accesorios-vivotek-video-vigilancia","7":"product_tag-bosch","8":"product_tag-manhattan","9":"product_tag-saxxon","10":"product_tag-surveon","11":"product_tag-utepo","12":"product_tag-videovigilancia","13":"product_tag-vivotek","14":"product_tag-zteco","16":"first","17":"instock","18":"sale","19":"taxable","20":"shipping-taxable","21":"purchasable","22":"product-type-simple"},"aioseo_notices":[],"_links":{"self":[{"href":"https:\/\/tecsecmty.com\/index.php\/wp-json\/wp\/v2\/product\/7162","targetHints":{"allow":["GET"]}}],"collection":[{"href":"https:\/\/tecsecmty.com\/index.php\/wp-json\/wp\/v2\/product"}],"about":[{"href":"https:\/\/tecsecmty.com\/index.php\/wp-json\/wp\/v2\/types\/product"}],"replies":[{"embeddable":true,"href":"https:\/\/tecsecmty.com\/index.php\/wp-json\/wp\/v2\/comments?post=7162"}],"version-history":[{"count":0,"href":"https:\/\/tecsecmty.com\/index.php\/wp-json\/wp\/v2\/product\/7162\/revisions"}],"wp:featuredmedia":[{"embeddable":true,"href":"https:\/\/tecsecmty.com\/index.php\/wp-json\/wp\/v2\/media\/7161"}],"wp:attachment":[{"href":"https:\/\/tecsecmty.com\/index.php\/wp-json\/wp\/v2\/media?parent=7162"}],"wp:term":[{"taxonomy":"product_brand","embeddable":true,"href":"https:\/\/tecsecmty.com\/index.php\/wp-json\/wp\/v2\/product_brand?post=7162"},{"taxonomy":"product_cat","embeddable":true,"href":"https:\/\/tecsecmty.com\/index.php\/wp-json\/wp\/v2\/product_cat?post=7162"},{"taxonomy":"product_tag","embeddable":true,"href":"https:\/\/tecsecmty.com\/index.php\/wp-json\/wp\/v2\/product_tag?post=7162"}],"curies":[{"name":"wp","href":"https:\/\/api.w.org\/{rel}","templated":true}]}}