{"id":7166,"date":"2023-02-23T16:06:13","date_gmt":"2023-02-23T22:06:13","guid":{"rendered":"https:\/\/tecsecmty.com\/index.php\/producto\/vivotek-am529-adaptador-para-montaje-en-techo-camaras-ptz-sd9361-62-63-64-ehl-compatible-con-am114-am116-am117-am231\/"},"modified":"2023-03-22T23:24:42","modified_gmt":"2023-03-23T05:24:42","slug":"vivotek-am529-adaptador-para-montaje-en-techo-camaras-ptz-sd9361-62-63-64-ehl-compatible-con-am114-am116-am117-am231","status":"publish","type":"product","link":"https:\/\/tecsecmty.com\/index.php\/producto\/vivotek-am529-adaptador-para-montaje-en-techo-camaras-ptz-sd9361-62-63-64-ehl-compatible-con-am114-am116-am117-am231\/","title":{"rendered":"VIVOTEK AM529 &#8211; Adaptador para montaje en techo camaras PTZ SD9361 \/ 62 \/ 63 \/ 64 \/ EHL \/ Compatible con AM114 \/ AM116 \/ AM117 \/ AM231"},"content":{"rendered":"<div class=\"row aling-items-center padding-bottom-2x\">\n<div class=\"col-lg-12\">\n<h5 class=\"card-title text-center\">Informaci\u00f3n General<\/h5>\n<p class=\"ql-align-justify\">El modelo AM529 de VIVOTEK, es un adaptador compatible con modelos de c\u00e1maras PTZ VIVOTEK, permite conectar con un tubo colgante de 20 o 40 cm de longitud como lo es AM116 AM117, as\u00ed tambi\u00e9n es compatible con el tubo con soporte de montaje en pared AM 212 y AM221, todos los soportes de montaje anteriores permiten en conjunto una instalaci\u00f3n en cielo para permitir a la c\u00e1mara PTZ capturar video con la mayor cobertura de campo de visi\u00f3n.<\/p>\n<p><img decoding=\"async\" class=\"overview-center-img-web\" src=\"https:\/\/tvc.mx\/media\/64407\/am529.png\" alt=\"\" \/><\/div>\n<\/div>\n<div class=\"row aling-items-center padding-bottom-2x\">\n<div class=\"col-lg-12\">\n<h5 class=\"card-title text-center\">Caracter\u00edsticas Principales<\/h5>\n<ul>\n<li>Modelo: AM-529<\/li>\n<li>P \/ N: 900032400G<\/li>\n<li>Material: Aleaci\u00f3n de aluminio<\/li>\n<li>Color: Blanco<\/li>\n<li>Dimensiones: \u00d8 154 x 72 mm<\/li>\n<li>Peso: 460 g<\/li>\n<li>Dimensi\u00f3n de caja: 155 (L) x 155 (W) x 79 (H) mm (1 pieza)<\/li>\n<li>Peso de la caja: 491 g<\/li>\n<li>Dimensi\u00f3n del cart\u00f3n: 364 (L) x 339 (W) x 464 (H) mm (20 piezas)<\/li>\n<li>Peso del cart\u00f3n: 10,820 g<\/li>\n<\/ul>\n<p><img decoding=\"async\" class=\"overview-center-img-web\" src=\"https:\/\/tvc.mx\/media\/64413\/Blanco.png\" alt=\"\" \/><\/div>\n<\/div>\n<div class=\"row aling-items-center padding-bottom-2x\">\n<div class=\"col-lg-12\">\n<h5 class=\"card-title text-center\">Compatible con:<\/h5>\n<p class=\"ql-align-justify\"><strong>C\u00e1maras PTZ<\/strong>: SD9361-EHL, SD9362-EH, SD9362-EHL, SD9363-EHL, SD9364-EH, SD9364-EHL, SD9365-EHL, SD9366-EH, SD9362-EH-v2, SD9363-EHL-v2, SD9364-EH-v2, SD9364-EHL-v2, SD9366-EHL, SD9366-EH-v2, MA8391-ETV, MA9321-EHTV<\/p>\n<p class=\"ql-align-justify\"><strong>Tubos colgantes<\/strong>: AM-116, AM-117<\/p>\n<p><strong>Soporte de montaje en pared<\/strong>: AM-212, AM-221<\/p>\n<p><img decoding=\"async\" class=\"overview-center-img-web\" src=\"https:\/\/tvc.mx\/media\/64422\/am529compatible.png\" alt=\"\" \/><\/div>\n<\/div>\n","protected":false},"excerpt":{"rendered":"<p>Informaci\u00f3n General El modelo AM529 de VIVOTEK, es un adaptador compatible con modelos de c\u00e1maras PTZ VIVOTEK, permite conectar con un tubo colgante de 20 o 40 cm de longitud como lo es AM116 AM117, as\u00ed tambi\u00e9n es compatible con el tubo con soporte de&hellip;<\/p>\n","protected":false},"featured_media":7165,"comment_status":"open","ping_status":"closed","template":"","meta":{"om_disable_all_campaigns":false,"_monsterinsights_skip_tracking":false,"_monsterinsights_sitenote_active":false,"_monsterinsights_sitenote_note":"","_monsterinsights_sitenote_category":0},"product_brand":[],"product_cat":[639],"product_tag":[613,611,612,616,615,610,614,617],"class_list":{"0":"post-7166","1":"product","2":"type-product","3":"status-publish","4":"has-post-thumbnail","6":"product_cat-soporte-y-montaje-accesorios-vivotek-video-vigilancia","7":"product_tag-bosch","8":"product_tag-manhattan","9":"product_tag-saxxon","10":"product_tag-surveon","11":"product_tag-utepo","12":"product_tag-videovigilancia","13":"product_tag-vivotek","14":"product_tag-zteco","16":"first","17":"instock","18":"sale","19":"taxable","20":"shipping-taxable","21":"purchasable","22":"product-type-simple"},"aioseo_notices":[],"_links":{"self":[{"href":"https:\/\/tecsecmty.com\/index.php\/wp-json\/wp\/v2\/product\/7166","targetHints":{"allow":["GET"]}}],"collection":[{"href":"https:\/\/tecsecmty.com\/index.php\/wp-json\/wp\/v2\/product"}],"about":[{"href":"https:\/\/tecsecmty.com\/index.php\/wp-json\/wp\/v2\/types\/product"}],"replies":[{"embeddable":true,"href":"https:\/\/tecsecmty.com\/index.php\/wp-json\/wp\/v2\/comments?post=7166"}],"version-history":[{"count":0,"href":"https:\/\/tecsecmty.com\/index.php\/wp-json\/wp\/v2\/product\/7166\/revisions"}],"wp:featuredmedia":[{"embeddable":true,"href":"https:\/\/tecsecmty.com\/index.php\/wp-json\/wp\/v2\/media\/7165"}],"wp:attachment":[{"href":"https:\/\/tecsecmty.com\/index.php\/wp-json\/wp\/v2\/media?parent=7166"}],"wp:term":[{"taxonomy":"product_brand","embeddable":true,"href":"https:\/\/tecsecmty.com\/index.php\/wp-json\/wp\/v2\/product_brand?post=7166"},{"taxonomy":"product_cat","embeddable":true,"href":"https:\/\/tecsecmty.com\/index.php\/wp-json\/wp\/v2\/product_cat?post=7166"},{"taxonomy":"product_tag","embeddable":true,"href":"https:\/\/tecsecmty.com\/index.php\/wp-json\/wp\/v2\/product_tag?post=7166"}],"curies":[{"name":"wp","href":"https:\/\/api.w.org\/{rel}","templated":true}]}}