{"id":7174,"date":"2023-02-23T16:06:25","date_gmt":"2023-02-23T22:06:25","guid":{"rendered":"https:\/\/tecsecmty.com\/index.php\/producto\/vivotek-am71c-caja-de-conexiones-para-camaras-bullet-y-domo-para-exteriores-ip67\/"},"modified":"2023-03-22T23:24:42","modified_gmt":"2023-03-23T05:24:42","slug":"vivotek-am71c-caja-de-conexiones-para-camaras-bullet-y-domo-para-exteriores-ip67","status":"publish","type":"product","link":"https:\/\/tecsecmty.com\/index.php\/producto\/vivotek-am71c-caja-de-conexiones-para-camaras-bullet-y-domo-para-exteriores-ip67\/","title":{"rendered":"VIVOTEK AM71C &#8211; CAJA DE CONEXIONES PARA CAMARAS BULLET Y DOMO\/ PARA EXTERIORES\/ IP67"},"content":{"rendered":"<div class=\"row aling-items-center padding-bottom-2x\">\n<div class=\"col-lg-12\">\n<h5 class=\"card-title text-center\">Informaci\u00f3n General<\/h5>\n<p>El modelo AM7-15 es una caja de conexiones para c\u00e1maras tipo bullet, que soportan la intemperie, una buena opci\u00f3n por si no tienen donde guardar el cableado la caja cuenta con sello a prueba de agua.<\/p>\n<p>Compatible con el siguiente listado de c\u00e1maras:<\/p>\n<p>FD9360-H, FD9380-H, IT9360-H, IT9380-H, IB9360-H, IB9368-HT, IB9380-H,\u00a0IB9388-HT, IB9389-(E)H, IB9389-(E)HM, IB9389-(E)HT<\/p>\n<p>Soporte de montaje en poste: AM-312<\/p>\n<p>Soporte de montaje en esquina: AM-412<\/p>\n<p><img decoding=\"async\" class=\"overview-center-img-web\" src=\"https:\/\/tvc.mx\/media\/76392\/am71c1.png\" alt=\"\" \/><\/div>\n<\/div>\n<div class=\"row aling-items-center padding-bottom-2x\">\n<div class=\"col-lg-12\">\n<h5 class=\"card-title text-center\">Caracter\u00edsticas Principales<\/h5>\n<p>Modelo: AM-71C<\/p>\n<p>P \/ N: 100220500G<\/p>\n<p>Material: Aleaci\u00f3n de aluminio<\/p>\n<p>Color: Blanco<\/p>\n<p>Hilo de tuber\u00eda: PF 3\/4 \u00bb<\/p>\n<p>Caja: IP66 (con c\u00e1maras compatibles)<\/p>\n<p>Dimensiones: 122 (largo) x 122 (ancho) x 76 (alto) mm<\/p>\n<p>Peso: 745 g<\/p>\n<p>Dimensi\u00f3n de caja: 217 (L) x 174 (W) x 94 (H) mm (1 pieza)<\/p>\n<p>Peso de la caja: 948 g<\/p>\n<p>Dimensi\u00f3n del cart\u00f3n: 490 (L) x 367 (W) x 252 (H) mm (10 piezas)<\/p>\n<p>Peso del cart\u00f3n: 10,396 g<\/p>\n<\/div>\n<\/div>\n","protected":false},"excerpt":{"rendered":"<p>Informaci\u00f3n General El modelo AM7-15 es una caja de conexiones para c\u00e1maras tipo bullet, que soportan la intemperie, una buena opci\u00f3n por si no tienen donde guardar el cableado la caja cuenta con sello a prueba de agua. Compatible con el siguiente listado de c\u00e1maras:&hellip;<\/p>\n","protected":false},"featured_media":7173,"comment_status":"open","ping_status":"closed","template":"","meta":{"om_disable_all_campaigns":false,"_monsterinsights_skip_tracking":false,"_monsterinsights_sitenote_active":false,"_monsterinsights_sitenote_note":"","_monsterinsights_sitenote_category":0},"product_brand":[],"product_cat":[639],"product_tag":[613,611,612,616,615,610,614,617],"class_list":{"0":"post-7174","1":"product","2":"type-product","3":"status-publish","4":"has-post-thumbnail","6":"product_cat-soporte-y-montaje-accesorios-vivotek-video-vigilancia","7":"product_tag-bosch","8":"product_tag-manhattan","9":"product_tag-saxxon","10":"product_tag-surveon","11":"product_tag-utepo","12":"product_tag-videovigilancia","13":"product_tag-vivotek","14":"product_tag-zteco","16":"first","17":"instock","18":"sale","19":"taxable","20":"shipping-taxable","21":"purchasable","22":"product-type-simple"},"aioseo_notices":[],"_links":{"self":[{"href":"https:\/\/tecsecmty.com\/index.php\/wp-json\/wp\/v2\/product\/7174","targetHints":{"allow":["GET"]}}],"collection":[{"href":"https:\/\/tecsecmty.com\/index.php\/wp-json\/wp\/v2\/product"}],"about":[{"href":"https:\/\/tecsecmty.com\/index.php\/wp-json\/wp\/v2\/types\/product"}],"replies":[{"embeddable":true,"href":"https:\/\/tecsecmty.com\/index.php\/wp-json\/wp\/v2\/comments?post=7174"}],"version-history":[{"count":0,"href":"https:\/\/tecsecmty.com\/index.php\/wp-json\/wp\/v2\/product\/7174\/revisions"}],"wp:featuredmedia":[{"embeddable":true,"href":"https:\/\/tecsecmty.com\/index.php\/wp-json\/wp\/v2\/media\/7173"}],"wp:attachment":[{"href":"https:\/\/tecsecmty.com\/index.php\/wp-json\/wp\/v2\/media?parent=7174"}],"wp:term":[{"taxonomy":"product_brand","embeddable":true,"href":"https:\/\/tecsecmty.com\/index.php\/wp-json\/wp\/v2\/product_brand?post=7174"},{"taxonomy":"product_cat","embeddable":true,"href":"https:\/\/tecsecmty.com\/index.php\/wp-json\/wp\/v2\/product_cat?post=7174"},{"taxonomy":"product_tag","embeddable":true,"href":"https:\/\/tecsecmty.com\/index.php\/wp-json\/wp\/v2\/product_tag?post=7174"}],"curies":[{"name":"wp","href":"https:\/\/api.w.org\/{rel}","templated":true}]}}