{"id":7176,"date":"2023-02-23T16:06:27","date_gmt":"2023-02-23T22:06:27","guid":{"rendered":"https:\/\/tecsecmty.com\/index.php\/producto\/vivotek-md7530d-camara-domo-ip-resolucion-vga-para-vehiculos-antivandalica-ip67-12v-dc-ultimaspiezas-guadalupereyes-ofertasaaa\/"},"modified":"2023-03-22T23:24:46","modified_gmt":"2023-03-23T05:24:46","slug":"vivotek-md7530d-camara-domo-ip-resolucion-vga-para-vehiculos-antivandalica-ip67-12v-dc-ultimaspiezas-guadalupereyes-ofertasaaa","status":"publish","type":"product","link":"https:\/\/tecsecmty.com\/index.php\/producto\/vivotek-md7530d-camara-domo-ip-resolucion-vga-para-vehiculos-antivandalica-ip67-12v-dc-ultimaspiezas-guadalupereyes-ofertasaaa\/","title":{"rendered":"VIVOTEK MD7530D &#8211; CAMARA DOMO IP RESOLUCION VGA PARA VEHICULOS\/ ANTIVANDALICA\/IP67\/12V DC #ultimaspiezas #GuadalupeReyes #OfertasAAA"},"content":{"rendered":"<p class=\"Estilo1\" align=\"justify\"><a class=\"cloud-zoom 1\" href=\"https:\/\/fasyl-1.tvc.mx\/tienda\/catalog\/images\/md7560Dyv.jpg\" rel=\"position:'right',zoomWidth:800,zoomHeight:800,showTitle: false, adjustX:0, adjustY:0\"><img decoding=\"async\" id=\"bigpic\" src=\"https:\/\/fasyl-1.tvc.mx\/tienda\/catalog\/images\/md7560Dyv.jpg\" alt=\"VIVOTEK MD7530D - CAMARA DOMO IP RESOLUCION VGA PARA VEHICULOS\/ ANTIVANDALICA\/IP67\/12V DC #ultimaspiezas #GuadalupeReyes  #OfertasAAA\" height=\"250\" \/><\/a><\/p>\n<div class=\"cloud-zoom-lens\"><\/div>\n<p class=\"Estilo1\" align=\"justify\">La VIVOTEK MD7530D\u00a0es una c\u00c1mara de red compacta de resoluci\u00f3n VGA dise\u00f1ada para aplicaciones en el \u00c1rea de transporte como autobuses, trenes y otros veh\u00edculos. Cumple con los est\u00c1ndares IP67 y EN50155, la c\u00c1mara soporta golpes, vibraciones, humedad, polvo y variaciones de temperatura, manteniendo un video confiable y estable con el veh\u00edculo en movimiento.<\/p>\n<div class=\"Estilo1\" dir=\"ltr\">\n<div>\n<p>Adem\u00c1s, el housing de metal vandal-proof provee eficazmente una protecci\u00f3n robusta contra vandalismo. Asimismo, la combinaci\u00f3n de alta resoluci\u00f3n de imagen y el housing protector dota a la MD7530D\u00a0de una alta confiabilidad requerida para maximizar la seguridad de los pasajeros y optimizar la vigilancia m\u00f3vil.<\/p>\n<p>Utilizando la resoluci\u00f3n VGA, la MD7530D\u00a0muestra im\u00c1genes extremadamente claras y detalladas, logrando una identificaci\u00f3n precisa de personas u objetos con facilidad, por lo que las grabaciones de actividades dentro del veh\u00edculo de los pasajeros o accidentes de otros veh\u00edculos capturadas con esta c\u00c1mara pueden ser usadas como evidencia en un juzgado.<\/p>\n<p>Con la funci\u00f3n tamper detection, la MD7530D\u00a0se vuelve una c\u00c1mara robusta e inteligente que notifica al personal si sufre perdida de video, si se bloquea la imagen o es pintada con spray. Para facilitar el almacenamiento local y la portabilidad de datos, la c\u00c1mara cuenta con una ranura para tarjetas\u00a0<strong>MicroSDHC<\/strong>\u00a0para grabaciones locales.<\/p>\n<p>La MD7530D\u00a0ofrece un amplio espectro de caracter\u00edsticas avanzadas, incluyendo QoS para optimizar el ancho de banda, IPv6 para redes de siguiente generaci\u00f3n,\u00a0 alarma de temperatura, transmisi\u00f3n encriptada de datos HTTPS, autenticaci\u00f3n 802.1x para protecci\u00f3n de red segura y software de grabaci\u00f3n ST7501 de 32 canales.<\/p><\/div>\n<\/div>\n","protected":false},"excerpt":{"rendered":"<p>La VIVOTEK MD7530D\u00a0es una c\u00c1mara de red compacta de resoluci\u00f3n VGA dise\u00f1ada para aplicaciones en el \u00c1rea de transporte como autobuses, trenes y otros veh\u00edculos. Cumple con los est\u00c1ndares IP67 y EN50155, la c\u00c1mara soporta golpes, vibraciones, humedad, polvo y variaciones de temperatura, manteniendo un&hellip;<\/p>\n","protected":false},"featured_media":7175,"comment_status":"open","ping_status":"closed","template":"","meta":{"om_disable_all_campaigns":false,"_monsterinsights_skip_tracking":false,"_monsterinsights_sitenote_active":false,"_monsterinsights_sitenote_note":"","_monsterinsights_sitenote_category":0},"product_brand":[],"product_cat":[639],"product_tag":[613,611,612,616,615,610,614,617],"class_list":{"0":"post-7176","1":"product","2":"type-product","3":"status-publish","4":"has-post-thumbnail","6":"product_cat-soporte-y-montaje-accesorios-vivotek-video-vigilancia","7":"product_tag-bosch","8":"product_tag-manhattan","9":"product_tag-saxxon","10":"product_tag-surveon","11":"product_tag-utepo","12":"product_tag-videovigilancia","13":"product_tag-vivotek","14":"product_tag-zteco","16":"first","17":"instock","18":"sale","19":"taxable","20":"shipping-taxable","21":"purchasable","22":"product-type-simple"},"aioseo_notices":[],"_links":{"self":[{"href":"https:\/\/tecsecmty.com\/index.php\/wp-json\/wp\/v2\/product\/7176","targetHints":{"allow":["GET"]}}],"collection":[{"href":"https:\/\/tecsecmty.com\/index.php\/wp-json\/wp\/v2\/product"}],"about":[{"href":"https:\/\/tecsecmty.com\/index.php\/wp-json\/wp\/v2\/types\/product"}],"replies":[{"embeddable":true,"href":"https:\/\/tecsecmty.com\/index.php\/wp-json\/wp\/v2\/comments?post=7176"}],"version-history":[{"count":0,"href":"https:\/\/tecsecmty.com\/index.php\/wp-json\/wp\/v2\/product\/7176\/revisions"}],"wp:featuredmedia":[{"embeddable":true,"href":"https:\/\/tecsecmty.com\/index.php\/wp-json\/wp\/v2\/media\/7175"}],"wp:attachment":[{"href":"https:\/\/tecsecmty.com\/index.php\/wp-json\/wp\/v2\/media?parent=7176"}],"wp:term":[{"taxonomy":"product_brand","embeddable":true,"href":"https:\/\/tecsecmty.com\/index.php\/wp-json\/wp\/v2\/product_brand?post=7176"},{"taxonomy":"product_cat","embeddable":true,"href":"https:\/\/tecsecmty.com\/index.php\/wp-json\/wp\/v2\/product_cat?post=7176"},{"taxonomy":"product_tag","embeddable":true,"href":"https:\/\/tecsecmty.com\/index.php\/wp-json\/wp\/v2\/product_tag?post=7176"}],"curies":[{"name":"wp","href":"https:\/\/api.w.org\/{rel}","templated":true}]}}