{"id":7178,"date":"2023-02-23T16:06:29","date_gmt":"2023-02-23T22:06:29","guid":{"rendered":"https:\/\/tecsecmty.com\/index.php\/producto\/bosch-v_kbddigital-teclado-digital-con-pantalla-lcd-para-control-de-ptz\/"},"modified":"2023-03-22T23:21:47","modified_gmt":"2023-03-23T05:21:47","slug":"bosch-v_kbddigital-teclado-digital-con-pantalla-lcd-para-control-de-ptz","status":"publish","type":"product","link":"https:\/\/tecsecmty.com\/index.php\/producto\/bosch-v_kbddigital-teclado-digital-con-pantalla-lcd-para-control-de-ptz\/","title":{"rendered":"BOSCH V_KBDDIGITAL &#8211; Teclado digital con pantalla LCD para control de PTZ"},"content":{"rendered":"<h5 class=\"card-title text-center\">Teclado KBD-Digital Teclado IntuiKey<\/h5>\n<p class=\"ql-align-justify\"><strong>Los teclados de la serie IntuiKey son teclados multiuso de funciones completas que se utilizan para controlar y programar el sistema. Adem\u00e1s, cuentan con un joystick incorporado con funciones de giro, inclinaci\u00f3n y zoom (PTZ) de velocidad variable y un dise\u00f1o resistente a salpicaduras.<\/strong>\u00a0El kit de montaje opcional permite montar el teclado IntuiKey en un bastidor EIA est\u00e1ndar de 48 cm (19 pulg.).<\/p>\n<p class=\"ql-align-justify\"><strong>Funciones b\u00e1sicas<\/strong><\/p>\n<p class=\"ql-align-justify\"><strong>El teclado digital IntuiKey est\u00e1 disponible en dos modelos (KBD-Universal y KBD-Digital).<\/strong>\u00a0La versi\u00f3n Universal se puede conectar a una matriz Allegiant y a videograbadores digitales Divar o a multiplexores System4 al mismo tiempo. Esta capacidad elimina la necesidad de utilizar varios teclados.<strong>\u00a0La versi\u00f3n KBD- -Digital admite videograbadores digitales Divar y multiplexores System4.<\/strong>\u00a0Se pueden usar ambos tipos con los sistemas de gesti\u00f3n de v\u00eddeo Bosch VMS y VIDOS.\u00a0<strong>El modelo IntuiKey acepta tanto el protocolo del teclado Allegiant RS-485 est\u00e1ndar como el protocolo de Allegiant RS-232.<\/strong>\u00a0El protocolo del teclado Allegiant RS-232 es el adecuado para comunicarse con un modelo KBD-Universal remoto en una red IP.<\/p>\n<p class=\"ql-align-justify\"><strong>El modelo IntuiKey tambi\u00e9n funciona en modo terminal con un protocolo RS-232 especial.<\/strong>\u00a0Este modo permite que integradores externos y desarrolladores internos utilicen el modelo IntuiKey como interfaz de usuario personalizable.<strong>\u00a0La matriz principal de Allegiant, el videograbador digital Divar o el multiplexor System4 proporcionan la alimentaci\u00f3n si se utilizan en una configuraci\u00f3n local.<\/strong>\u00a0Si la distancia es grande, la alimentaci\u00f3n la proporcionar\u00e1 una fuente auxiliar opcional (se vende por separado). El teclado se conecta al sistema utilizando el cable suministrado de 3 m (10 pies). S\u00f3lo tiene que conectar el teclado para que el sistema funcione. No necesita programaci\u00f3n adicional. Las teclas de acceso r\u00e1pido de IntuiKey proporcionan un sistema de men\u00fas que facilita la utilizaci\u00f3n del dispositivo. Estas teclas hacen que los nuevos operadores puedan programar y controlar con m\u00e1s facilidad incluso los sistemas de mayor tama\u00f1o, sin necesidad de memorizar los comandos del sistema. IntuiKey cuenta con una funci\u00f3n de selecci\u00f3n r\u00e1pida de men\u00fas que proporciona un acceso inmediato a las pantallas que se utilizan con m\u00e1s frecuencia.<\/p>\n<p class=\"ql-align-justify\"><strong>Tambi\u00e9n cuenta con un \u00e1rbol de men\u00fas intuitivo para programar todos los ajustes avanzados de la c\u00e1mara y del sistema.<\/strong>\u00a0Los idiomas disponibles a trav\u00e9s de la unidad IntuiKey son el espa\u00f1ol, ingl\u00e9s, neerland\u00e9s, franc\u00e9s, alem\u00e1n, italiano, polaco, portugu\u00e9s, turco, h\u00fangaro, sueco, finland\u00e9s y dan\u00e9s. Puede descargar otros idiomas en la secci\u00f3n IntuiKey de www.boschsecurity.us. Los idiomas adicionales son: noruego, griego, checo, ruso, eslovaco, \u00e1rabe, chino simplificado, chino tradicional, coreano y japon\u00e9s.<\/p>\n<p class=\"ql-align-justify\"><strong>Certificados y homologaciones<\/strong><\/p>\n<ul>\n<li class=\"ql-align-justify\">Compatibilidad electromagn\u00e9tica (EMC), Conforme con las directivas de la FCC, apartado 15, ICES-003 y CE Seguridad del producto.<\/li>\n<li class=\"ql-align-justify\">Conforme con las directivas de la CE y las normas UL, CSA, EN e IEC.<\/li>\n<\/ul>\n<p class=\"ql-align-justify\"><strong>Nota: Teclado KBD-Digital Teclado IntuiKey<\/strong><\/p>\n<p class=\"ql-align-justify\"><strong>Digital para su uso con videograbadores digitales Divar, multiplexores System4, Bosch VMS y VIDOS.<\/strong><\/p>\n<p class=\"ql-align-justify\"><strong>N\u00famero de pedido: KBD-DIGITAL.<\/strong><\/p>\n<p class=\"ql-align-justify\"><strong>Principales caracter\u00edsticas<\/strong><\/p>\n<ul>\n<li class=\"ql-align-justify\">Compatibilidad con productos de v\u00eddeo IP, DVR y matriz de control en un solo teclado.<\/li>\n<li class=\"ql-align-justify\">Teclas de acceso r\u00e1pido para acceder a men\u00fas espec\u00edficos del producto.<\/li>\n<li class=\"ql-align-justify\">Teclas retroiluminadas y pantallas de f\u00e1cil lectura.<\/li>\n<li class=\"ql-align-justify\">Programaci\u00f3n m\u00e1s sencilla de los sistemas gracias a su interfaz intuitiva.<\/li>\n<li class=\"ql-align-justify\">Asistencia multiling\u00fce.<\/li>\n<\/ul>\n<p class=\"ql-align-justify\"><strong>Especificaciones<\/strong><\/p>\n<p class=\"ql-align-justify\"><strong>El\u00e9ctricas<\/strong><\/p>\n<ul>\n<li class=\"ql-align-justify\">Tensi\u00f3n en funcionamiento: 12-15 VCA\/CC (proporcionada por una unidad o combinaci\u00f3n de matrices Allegiant, videograbadores digitales Divar, multiplexores System4 o una fuente de alimentaci\u00f3n opcional).<\/li>\n<li class=\"ql-align-justify\">Alimentaci\u00f3n 5 W nominales.<\/li>\n<li class=\"ql-align-justify\">Se\u00f1al de Allegiant RS-485: 2 hilos, 9.600 baudios, 8 bits, sin paridad, 1 bit de parada RS-232: 3 hilos, 9.600 baudios, 8 bits, sin paridad, 1 bit de parada.<\/li>\n<li class=\"ql-align-justify\">Se\u00f1al de multiplexor\/DVR RS-485: 2 hilos, 19.200 baudios, 8 bits, sin paridad, 1 bit de parada.<\/li>\n<li class=\"ql-align-justify\">Se\u00f1al de modo terminal RS-232: 3 hilos, 9.600 baudios, 8 bits, sin paridad, 1 bit de parada.<\/li>\n<li class=\"ql-align-justify\">Se\u00f1al de consola Negociaci\u00f3n RS-232 RTS\/CTS, 19.200\/57.600 baudios, 8 bits, sin paridad, 1 bit de parada.<\/li>\n<\/ul>\n<p class=\"ql-align-justify\"><strong>Mec\u00e1nicas<\/strong><\/p>\n<ul>\n<li class=\"ql-align-justify\">Acabado Gris oscuro.<\/li>\n<li class=\"ql-align-justify\">Anchura 327 mm (12,9 pulg.).<\/li>\n<li class=\"ql-align-justify\">Profundidad 190 mm (7,5 pulg.).<\/li>\n<li class=\"ql-align-justify\">Altura 75 mm (2,9 pulg.).<\/li>\n<li class=\"ql-align-justify\">Peso 1,1 kg (2,6 libras).<\/li>\n<li class=\"ql-align-justify\">Conector Allegiant RJ-11 (alimentaci\u00f3n\/datos).<\/li>\n<li class=\"ql-align-justify\">Conector para multiplexor\/DVR RJ-11 (alimentaci\u00f3n\/datos).<\/li>\n<li class=\"ql-align-justify\">Conector de alimentaci\u00f3n auxiliar.<\/li>\n<li class=\"ql-align-justify\">Conector tipo bayoneta (opcional).<\/li>\n<li class=\"ql-align-justify\">Conector de consola D-Sub macho de 9 patillas.<\/li>\n<\/ul>\n<p class=\"ql-align-justify\"><strong>Medioambientales<\/strong><\/p>\n<ul>\n<li class=\"ql-align-justify\">Carcasa Resistente al agua.<\/li>\n<li class=\"ql-align-justify\">Temperatura En funcionamiento: De 0 \u00b0C a 50 \u00b0C (de 32 \u00b0F a 122 \u00b0F).<\/li>\n<li class=\"ql-align-justify\">Almacenamiento: De \u201320 \u00b0C a 50 \u00b0C (de \u20134 \u00b0F a 122 \u00b0F)<\/li>\n<li class=\"ql-align-justify\">Humedad relativa: De 10% a 90%, sin condensaci\u00f3n.<\/li>\n<\/ul>\n<p class=\"ql-align-justify\"><strong>Compatibilidad<\/strong><\/p>\n<ul>\n<li class=\"ql-align-justify\">Allegiant Compatibilidad con todos los antiguos sistemas mediante el protocolo de velocidad variable (firmware de CPU 5.3 y superior, versi\u00f3n del 6\/94).<\/li>\n<li class=\"ql-align-justify\">Divar Todos los modelos.<\/li>\n<li class=\"ql-align-justify\">System4 Compatibilidad con todos los multiplexores System4 antiguos<\/li>\n<li class=\"ql-align-justify\">Bosch VMS Versi\u00f3n 1.10 o posterior.<\/li>\n<li class=\"ql-align-justify\">VIDOS Versi\u00f3n 3.0 o posterior.<\/li>\n<\/ul>\n<p class=\"ql-align-justify\"><strong>Software opcional<\/strong><\/p>\n<ul>\n<li class=\"ql-align-justify\">Aplicaci\u00f3n de procedimiento de comandos IntuiKey (ISA): La aplicaci\u00f3n de procedimiento de comandos IntuiKey es un programa de software para PC que se utiliza para personalizar los botones de macro en las pantallas del men\u00fa Procedimiento de Comandos del teclado KBD-Universal. Las funciones de macro de Procedimiento de Comandos son aplicables cuando el teclado est\u00e1 conectado a un sistema de matrices de la serie Allegiant.<\/li>\n<li class=\"ql-align-justify\">Requisitos PC de tipo Pentium con Windows NT, 2000, XP, Vista (32 o 64 bits) o Windows Server 2003; Un (1) puerto serie; Firmware IntuiKey v1.94 o posterior.<\/li>\n<li class=\"ql-align-justify\">Disponibilidad Descargue el software de la secci\u00f3n IntuiKey en www.boschsecurity.com.<\/li>\n<\/ul>\n<p><img decoding=\"async\" class=\"overview-center-img-\" src=\"https:\/\/tvc.mx\/media\/15371\/Logoopaginas-oficial.png\" alt=\"\" \/><\/p>\n","protected":false},"excerpt":{"rendered":"<p>Teclado KBD-Digital Teclado IntuiKey Los teclados de la serie IntuiKey son teclados multiuso de funciones completas que se utilizan para controlar y programar el sistema. Adem\u00e1s, cuentan con un joystick incorporado con funciones de giro, inclinaci\u00f3n y zoom (PTZ) de velocidad variable y un dise\u00f1o&hellip;<\/p>\n","protected":false},"featured_media":7177,"comment_status":"open","ping_status":"closed","template":"","meta":{"om_disable_all_campaigns":false,"_monsterinsights_skip_tracking":false,"_monsterinsights_sitenote_active":false,"_monsterinsights_sitenote_note":"","_monsterinsights_sitenote_category":0},"product_brand":[],"product_cat":[640],"product_tag":[613,611,612,616,615,610,614,617],"class_list":{"0":"post-7178","1":"product","2":"type-product","3":"status-publish","4":"has-post-thumbnail","6":"product_cat-teclados-y-joystick-accesorios-bosch-video-vigilancia","7":"product_tag-bosch","8":"product_tag-manhattan","9":"product_tag-saxxon","10":"product_tag-surveon","11":"product_tag-utepo","12":"product_tag-videovigilancia","13":"product_tag-vivotek","14":"product_tag-zteco","16":"first","17":"instock","18":"sale","19":"taxable","20":"shipping-taxable","21":"purchasable","22":"product-type-simple"},"aioseo_notices":[],"_links":{"self":[{"href":"https:\/\/tecsecmty.com\/index.php\/wp-json\/wp\/v2\/product\/7178","targetHints":{"allow":["GET"]}}],"collection":[{"href":"https:\/\/tecsecmty.com\/index.php\/wp-json\/wp\/v2\/product"}],"about":[{"href":"https:\/\/tecsecmty.com\/index.php\/wp-json\/wp\/v2\/types\/product"}],"replies":[{"embeddable":true,"href":"https:\/\/tecsecmty.com\/index.php\/wp-json\/wp\/v2\/comments?post=7178"}],"version-history":[{"count":0,"href":"https:\/\/tecsecmty.com\/index.php\/wp-json\/wp\/v2\/product\/7178\/revisions"}],"wp:featuredmedia":[{"embeddable":true,"href":"https:\/\/tecsecmty.com\/index.php\/wp-json\/wp\/v2\/media\/7177"}],"wp:attachment":[{"href":"https:\/\/tecsecmty.com\/index.php\/wp-json\/wp\/v2\/media?parent=7178"}],"wp:term":[{"taxonomy":"product_brand","embeddable":true,"href":"https:\/\/tecsecmty.com\/index.php\/wp-json\/wp\/v2\/product_brand?post=7178"},{"taxonomy":"product_cat","embeddable":true,"href":"https:\/\/tecsecmty.com\/index.php\/wp-json\/wp\/v2\/product_cat?post=7178"},{"taxonomy":"product_tag","embeddable":true,"href":"https:\/\/tecsecmty.com\/index.php\/wp-json\/wp\/v2\/product_tag?post=7178"}],"curies":[{"name":"wp","href":"https:\/\/api.w.org\/{rel}","templated":true}]}}